{"id":775607,"date":"2025-09-11T06:31:52","date_gmt":"2025-09-11T03:31:52","guid":{"rendered":"https:\/\/roveyayinevi.com.tr\/index.php\/urun\/amanda-black-kayip-tilsim-2\/"},"modified":"2026-04-15T03:41:36","modified_gmt":"2026-04-15T00:41:36","slug":"amanda-black-kayip-tilsim-2","status":"publish","type":"product","link":"https:\/\/roveyayinevi.com.tr\/index.php\/urun\/amanda-black-kayip-tilsim-2\/","title":{"rendered":"Amanda Black Kay\u0131p T\u0131ls\u0131m &#8211; 2"},"content":{"rendered":"<p>Tehlikeli bir t\u0131ls\u0131m, Black Malik\u00e2nesi\u2019nin y\u00fcksek g\u00fcvenlikli bodrum kat\u0131ndan kaybolur. Amanda Black ve yak\u0131n arkada\u015f\u0131 Eric, t\u0131ls\u0131m\u0131n izini s\u00fcrerken \u00f6nce hayaletli bir eve, sonra bir yer alt\u0131 \u015fehrine ula\u015f\u0131rlar. Bu esnada zaman, onlar\u0131n aleyhine i\u015flemektedir. Gerilim ustalar\u0131 B\u00e1rbara Montes ve Juan G\u00f3mez-Jurado\u2019nun nefes kesen aksiyon-macera serisinin ikinci kitab\u0131, Amanda Black Kay\u0131p T\u0131ls\u0131m\u2019a haz\u0131r m\u0131s\u0131n\u0131z?<\/p>\n","protected":false},"excerpt":{"rendered":"<p>Tehlikeli bir t\u0131ls\u0131m, Black Malik\u00e2nesi\u2019nin y\u00fcksek g\u00fcvenlikli bodrum kat\u0131ndan kaybolur. Amanda Black ve yak\u0131n arkada\u015f\u0131 Eric, t\u0131ls\u0131m\u0131n izini s\u00fcrerken \u00f6nce hayaletli bir eve, sonra bir yer<span class=\"excerpt-hellip\"> [\u2026]<\/span><\/p>\n","protected":false},"featured_media":0,"template":"","meta":{"_monsterinsights_skip_tracking":false,"_monsterinsights_sitenote_active":false,"_monsterinsights_sitenote_note":"","_monsterinsights_sitenote_category":0},"product_brand":[],"product_cat":[12416,12291],"product_tag":[],"class_list":{"0":"post-775607","1":"product","2":"type-product","3":"status-publish","5":"product_cat-cizgi-roman","6":"product_cat-edebiyat","7":"pa_cilt-ciltsiz","8":"pa_tur-kitap","9":"pa_yayinevi-beyaz-balina-yayinlari","10":"pa_yazar-juan-gomez-jurado-barbara-montes","12":"first","13":"instock","14":"sale","15":"shipping-taxable","16":"purchasable","17":"product-type-simple"},"_links":{"self":[{"href":"https:\/\/roveyayinevi.com.tr\/index.php\/wp-json\/wp\/v2\/product\/775607","targetHints":{"allow":["GET"]}}],"collection":[{"href":"https:\/\/roveyayinevi.com.tr\/index.php\/wp-json\/wp\/v2\/product"}],"about":[{"href":"https:\/\/roveyayinevi.com.tr\/index.php\/wp-json\/wp\/v2\/types\/product"}],"wp:attachment":[{"href":"https:\/\/roveyayinevi.com.tr\/index.php\/wp-json\/wp\/v2\/media?parent=775607"}],"wp:term":[{"taxonomy":"product_brand","embeddable":true,"href":"https:\/\/roveyayinevi.com.tr\/index.php\/wp-json\/wp\/v2\/product_brand?post=775607"},{"taxonomy":"product_cat","embeddable":true,"href":"https:\/\/roveyayinevi.com.tr\/index.php\/wp-json\/wp\/v2\/product_cat?post=775607"},{"taxonomy":"product_tag","embeddable":true,"href":"https:\/\/roveyayinevi.com.tr\/index.php\/wp-json\/wp\/v2\/product_tag?post=775607"}],"curies":[{"name":"wp","href":"https:\/\/api.w.org\/{rel}","templated":true}]}}