{"id":775606,"date":"2025-09-11T06:31:36","date_gmt":"2025-09-11T03:31:36","guid":{"rendered":"https:\/\/roveyayinevi.com.tr\/index.php\/urun\/ceditcilik-ve-kadimcilik-geriliminde-arayislar-rusya-muslumanlari-ve-kimlik-sorunu-1904-1916\/"},"modified":"2026-04-15T03:41:35","modified_gmt":"2026-04-15T00:41:35","slug":"ceditcilik-ve-kadimcilik-geriliminde-arayislar-rusya-muslumanlari-ve-kimlik-sorunu-1904-1916","status":"publish","type":"product","link":"https:\/\/roveyayinevi.com.tr\/index.php\/urun\/ceditcilik-ve-kadimcilik-geriliminde-arayislar-rusya-muslumanlari-ve-kimlik-sorunu-1904-1916\/","title":{"rendered":"Cedit\u00e7ilik ve Kadimcilik Geriliminde Aray\u0131\u015flar: Rusya Mu\u0308slu\u0308manlar\u0131 ve Kimlik Sorunu (1904-1916)"},"content":{"rendered":"<p>1905 Rus Me\u015frutiyeti ile 1917 Bol\u015fevik Devrimi aras\u0131nda ge\u00e7en \u00e7alkant\u0131l\u0131 d\u00f6nemde, Rusya Mu\u0308slu\u0308manlar\u0131n\u0131n kimlik aray\u0131\u015flar\u0131 yeni bir y\u00f6n aray\u0131\u015f\u0131n\u0131n tam merkezindeydi. Bu kitap, Cedit\u00e7ilik ve Kadimcilik perspektifinden yola \u00e7\u0131karak hem bu iki ak\u0131m aras\u0131ndaki temel ayr\u0131mlar\u0131 hem de Cedit\u00e7ilerin kendi i\u00e7 tart\u0131\u015fmalar\u0131n\u0131 \u00f6zgu\u0308n metinler u\u0308zerinden mercek alt\u0131na al\u0131yor. Birinci b\u00f6lu\u0308mde genel Rusya sath\u0131nda yu\u0308ru\u0308tu\u0308len tart\u0131\u015fmalar ele al\u0131n\u0131rken ikinci b\u00f6lu\u0308mde Astrahan \u015fehri u\u0308zerinden bu tart\u0131\u015fmalar\u0131n yereldeki yans\u0131malar\u0131na odaklan\u0131l\u0131yor. Siyaset, matbuat, din, kad\u0131n, e\u011fitim, din\u00ee idareler ve ideolojik yakla\u015f\u0131mlar ekseninde \u015fekillenen bu \u00e7al\u0131\u015fma, d\u00f6nemin Rusya Mu\u0308slu\u0308manlar\u0131na dair birinci elden tan\u0131kl\u0131k sunarken ayn\u0131 zamanda bugu\u0308n h\u00e2l\u00e2 tart\u0131\u015f\u0131lan bir\u00e7ok meseleye tarihsel bir perspektiften \u0131\u015f\u0131k tutuyor. <\/p>\n","protected":false},"excerpt":{"rendered":"<p>1905 Rus Me\u015frutiyeti ile 1917 Bol\u015fevik Devrimi aras\u0131nda ge\u00e7en \u00e7alkant\u0131l\u0131 d\u00f6nemde, Rusya Mu\u0308slu\u0308manlar\u0131n\u0131n kimlik aray\u0131\u015flar\u0131 yeni bir y\u00f6n aray\u0131\u015f\u0131n\u0131n tam merkezindeydi. Bu kitap, Cedit\u00e7ilik ve Kadimcilik<span class=\"excerpt-hellip\"> [\u2026]<\/span><\/p>\n","protected":false},"featured_media":0,"template":"","meta":{"_monsterinsights_skip_tracking":false,"_monsterinsights_sitenote_active":false,"_monsterinsights_sitenote_note":"","_monsterinsights_sitenote_category":0},"product_brand":[],"product_cat":[12304],"product_tag":[],"class_list":{"0":"post-775606","1":"product","2":"type-product","3":"status-publish","5":"product_cat-tarih","6":"pa_cilt-ciltsiz","7":"pa_tur-kitap","8":"pa_yayinevi-albaraka-yayinlari","9":"pa_yazar-selcuk-altuntas","11":"first","12":"instock","13":"sale","14":"shipping-taxable","15":"purchasable","16":"product-type-simple"},"_links":{"self":[{"href":"https:\/\/roveyayinevi.com.tr\/index.php\/wp-json\/wp\/v2\/product\/775606","targetHints":{"allow":["GET"]}}],"collection":[{"href":"https:\/\/roveyayinevi.com.tr\/index.php\/wp-json\/wp\/v2\/product"}],"about":[{"href":"https:\/\/roveyayinevi.com.tr\/index.php\/wp-json\/wp\/v2\/types\/product"}],"wp:attachment":[{"href":"https:\/\/roveyayinevi.com.tr\/index.php\/wp-json\/wp\/v2\/media?parent=775606"}],"wp:term":[{"taxonomy":"product_brand","embeddable":true,"href":"https:\/\/roveyayinevi.com.tr\/index.php\/wp-json\/wp\/v2\/product_brand?post=775606"},{"taxonomy":"product_cat","embeddable":true,"href":"https:\/\/roveyayinevi.com.tr\/index.php\/wp-json\/wp\/v2\/product_cat?post=775606"},{"taxonomy":"product_tag","embeddable":true,"href":"https:\/\/roveyayinevi.com.tr\/index.php\/wp-json\/wp\/v2\/product_tag?post=775606"}],"curies":[{"name":"wp","href":"https:\/\/api.w.org\/{rel}","templated":true}]}}