{"id":775602,"date":"2025-09-11T06:25:51","date_gmt":"2025-09-11T03:25:51","guid":{"rendered":"https:\/\/roveyayinevi.com.tr\/index.php\/urun\/guz-ile-kis-arasinda\/"},"modified":"2026-03-12T03:37:08","modified_gmt":"2026-03-12T00:37:08","slug":"guz-ile-kis-arasinda","status":"publish","type":"product","link":"https:\/\/roveyayinevi.com.tr\/index.php\/urun\/guz-ile-kis-arasinda\/","title":{"rendered":"G\u00fcz ile K\u0131\u015f Aras\u0131nda"},"content":{"rendered":"<p>Bir yaprak gibi savruldum adeta oradan oraya y\u0131llarca&#8230; Ya\u015f\u0131m fazlas\u0131yla k\u00fc\u00e7\u00fck olsa da ruhum b\u00fcy\u00fck m\u00fccadelelerden ge\u00e7ti. Bu son d\u00f6nemse di\u011ferlerinden de\u011fi\u015fikti. Kimi hicran\u0131n e\u015fi\u011finden de d\u00f6nd\u00fcm, istemedi\u011fim ayr\u0131l\u0131klar da ya\u015fad\u0131m. Hem g\u00fcld\u00fcm, hem a\u011flad\u0131m. Kendimi yaz\u0131yla, \u015fiirle avuttum. Tevekk\u00fcl denen bir \u015fey olmasayd\u0131, bu m\u00fccadeleci ruh benim olmasayd\u0131 ve vakti zaman\u0131nda G\u00fcz G\u00fcne\u015f\u2019inin \u0131\u015f\u0131\u011f\u0131 de\u011fmeseydi y\u00fcre\u011fime dayanamazd\u0131m bu d\u00f6neme. Ac\u0131y\u0131, kederi denedim i\u00e7ime ak\u0131tmay\u0131, olmad\u0131. Ge\u00e7ip k\u00f6\u015feme, ald\u0131m elime ka\u011f\u0131tla kalemi; sinemde biriktirdi\u011fim ne varsa hepsini \u015fiire ak\u0131tt\u0131m. <\/p>\n","protected":false},"excerpt":{"rendered":"<p>Bir yaprak gibi savruldum adeta oradan oraya y\u0131llarca&#8230; Ya\u015f\u0131m fazlas\u0131yla k\u00fc\u00e7\u00fck olsa da ruhum b\u00fcy\u00fck m\u00fccadelelerden ge\u00e7ti. Bu son d\u00f6nemse di\u011ferlerinden de\u011fi\u015fikti. Kimi hicran\u0131n e\u015fi\u011finden de<span class=\"excerpt-hellip\"> [\u2026]<\/span><\/p>\n","protected":false},"featured_media":0,"template":"","meta":{"_monsterinsights_skip_tracking":false,"_monsterinsights_sitenote_active":false,"_monsterinsights_sitenote_note":"","_monsterinsights_sitenote_category":0},"product_brand":[],"product_cat":[12291,12509],"product_tag":[],"class_list":{"0":"post-775602","1":"product","2":"type-product","3":"status-publish","5":"product_cat-edebiyat","6":"product_cat-siir","7":"pa_cilt-ciltsiz","8":"pa_tur-kitap","9":"pa_yayinevi-kirmizi-cati-yayinlari","10":"pa_yazar-efe-cem-ustahuseyin","12":"first","13":"instock","14":"sale","15":"shipping-taxable","16":"purchasable","17":"product-type-simple"},"_links":{"self":[{"href":"https:\/\/roveyayinevi.com.tr\/index.php\/wp-json\/wp\/v2\/product\/775602","targetHints":{"allow":["GET"]}}],"collection":[{"href":"https:\/\/roveyayinevi.com.tr\/index.php\/wp-json\/wp\/v2\/product"}],"about":[{"href":"https:\/\/roveyayinevi.com.tr\/index.php\/wp-json\/wp\/v2\/types\/product"}],"wp:attachment":[{"href":"https:\/\/roveyayinevi.com.tr\/index.php\/wp-json\/wp\/v2\/media?parent=775602"}],"wp:term":[{"taxonomy":"product_brand","embeddable":true,"href":"https:\/\/roveyayinevi.com.tr\/index.php\/wp-json\/wp\/v2\/product_brand?post=775602"},{"taxonomy":"product_cat","embeddable":true,"href":"https:\/\/roveyayinevi.com.tr\/index.php\/wp-json\/wp\/v2\/product_cat?post=775602"},{"taxonomy":"product_tag","embeddable":true,"href":"https:\/\/roveyayinevi.com.tr\/index.php\/wp-json\/wp\/v2\/product_tag?post=775602"}],"curies":[{"name":"wp","href":"https:\/\/api.w.org\/{rel}","templated":true}]}}