{"id":775601,"date":"2025-09-11T05:45:39","date_gmt":"2025-09-11T02:45:39","guid":{"rendered":"https:\/\/roveyayinevi.com.tr\/index.php\/urun\/abidler-yolu-yedi-gecit\/"},"modified":"2026-04-15T03:32:50","modified_gmt":"2026-04-15T00:32:50","slug":"abidler-yolu-yedi-gecit","status":"publish","type":"product","link":"https:\/\/roveyayinevi.com.tr\/index.php\/urun\/abidler-yolu-yedi-gecit\/","title":{"rendered":"Abidler Yolu : Yedi Ge\u00e7it"},"content":{"rendered":"<p>\u0130sl\u00e2m\u00ee ilimlerin her dal\u0131nda zirveye ula\u015fan bu\u0308yu\u0308k \u00e2lim vemutasavv\u0131f Gazz\u00e2l\u00ee\u2019nin kaleme ald\u0131\u011f\u0131 son eser olarak bilinen \u00c2bidler Yolu: Yedi Ge\u00e7it, mutluluk yolunun ve cennete girme y\u00f6nteminin ibadet etraf\u0131nda d\u00f6nu\u0308p durdu\u011funu ifade eder.Tasavvufa dair daha \u00f6nce telif etti\u011fi eserlerde cennete nas\u0131l girilece\u011fi konusuna de\u011findi\u011fini belirten Hu\u0308ccetu\u0308\u2019l-\u0130sl\u00e2m, insanlar\u0131n bahsi ge\u00e7en eserleri anlama noktas\u0131nda zorland\u0131\u011f\u0131n\u0131, bu yu\u0308zden din\u00ee muamelelerin s\u0131rlar\u0131 hakk\u0131nda kendi tasnifleri aras\u0131nda benzeri g\u00f6ru\u0308lmemi\u015f bir eser kaleme almak amac\u0131yla Allah\u2019tan kendisine ilham vermesi i\u00e7in niyazda bulundu\u011funu dile getirmi\u015f, en nihayetinde Allah\u2019\u0131n inayetiyle \u00c2bidler Yolu: Yedi Ge\u00e7it isimli bu eseri meydana getirmi\u015ftir.Gazz\u00e2l\u00ee, gu\u0308\u00e7lu\u0308, zay\u0131f; avam-havas herkesin istifadeedebilece\u011fi \u015fekilde k\u0131sa ve \u00f6z olarak tasnif edilen eseri\u00c2bidler Yolu: Yedi Ge\u00e7it\u2019te u\u0308zerinde tu\u0308rlu\u0308 tu\u0308rlu\u0308 engellerinyer ald\u0131\u011f\u0131 ibadet yolunda kulun kar\u015f\u0131s\u0131na \u00e7\u0131kacak yedi ge\u00e7idi ve bu manevi yolculu\u011fu mercek alt\u0131na almaktad\u0131r.<\/p>\n","protected":false},"excerpt":{"rendered":"<p>\u0130sl\u00e2m\u00ee ilimlerin her dal\u0131nda zirveye ula\u015fan bu\u0308yu\u0308k \u00e2lim vemutasavv\u0131f Gazz\u00e2l\u00ee\u2019nin kaleme ald\u0131\u011f\u0131 son eser olarak bilinen \u00c2bidler Yolu: Yedi Ge\u00e7it, mutluluk yolunun ve cennete girme y\u00f6nteminin<span class=\"excerpt-hellip\"> [\u2026]<\/span><\/p>\n","protected":false},"featured_media":0,"template":"","meta":{"_monsterinsights_skip_tracking":false,"_monsterinsights_sitenote_active":false,"_monsterinsights_sitenote_note":"","_monsterinsights_sitenote_category":0},"product_brand":[],"product_cat":[13036,12718,12719],"product_tag":[],"class_list":{"0":"post-775601","1":"product","2":"type-product","3":"status-publish","5":"product_cat-arastirma-inceleme-islam","6":"product_cat-din","7":"product_cat-islam","8":"pa_cilt-ciltsiz","9":"pa_tur-kitap","10":"pa_yayinevi-albaraka-yayinlari","11":"pa_yazar-ebu-hamid-el-gazzali","13":"first","14":"instock","15":"sale","16":"shipping-taxable","17":"purchasable","18":"product-type-simple"},"_links":{"self":[{"href":"https:\/\/roveyayinevi.com.tr\/index.php\/wp-json\/wp\/v2\/product\/775601","targetHints":{"allow":["GET"]}}],"collection":[{"href":"https:\/\/roveyayinevi.com.tr\/index.php\/wp-json\/wp\/v2\/product"}],"about":[{"href":"https:\/\/roveyayinevi.com.tr\/index.php\/wp-json\/wp\/v2\/types\/product"}],"wp:attachment":[{"href":"https:\/\/roveyayinevi.com.tr\/index.php\/wp-json\/wp\/v2\/media?parent=775601"}],"wp:term":[{"taxonomy":"product_brand","embeddable":true,"href":"https:\/\/roveyayinevi.com.tr\/index.php\/wp-json\/wp\/v2\/product_brand?post=775601"},{"taxonomy":"product_cat","embeddable":true,"href":"https:\/\/roveyayinevi.com.tr\/index.php\/wp-json\/wp\/v2\/product_cat?post=775601"},{"taxonomy":"product_tag","embeddable":true,"href":"https:\/\/roveyayinevi.com.tr\/index.php\/wp-json\/wp\/v2\/product_tag?post=775601"}],"curies":[{"name":"wp","href":"https:\/\/api.w.org\/{rel}","templated":true}]}}