{"id":775600,"date":"2025-09-11T05:25:56","date_gmt":"2025-09-11T02:25:56","guid":{"rendered":"https:\/\/roveyayinevi.com.tr\/index.php\/urun\/hizmetci-izliyor\/"},"modified":"2026-04-15T03:29:45","modified_gmt":"2026-04-15T00:29:45","slug":"hizmetci-izliyor","status":"publish","type":"product","link":"https:\/\/roveyayinevi.com.tr\/index.php\/urun\/hizmetci-izliyor\/","title":{"rendered":"Hizmet\u00e7i \u0130zliyor"},"content":{"rendered":"<p>\u201cSiz yeni kom\u015fular\u0131m\u0131z olmal\u0131s\u0131n\u0131z!\u201d Bayan Lowell beyaz \u00e7itin ard\u0131ndan bize el sallad\u0131. K\u0131z\u0131m\u0131n elini tutup ona gu\u0308lu\u0308msedim fakat kocam\u0131 g\u00f6ru\u0308r g\u00f6rmez Bayan Lowell\u2019\u0131n yu\u0308zu\u0308nde tuhaf bir ifade belirdi. O anda bir karar verdim. Nihayet kendimize ait bir evimiz olmu\u015ftu. Ge\u00e7mi\u015fim ge\u00e7mi\u015fte kalm\u0131\u015ft\u0131. Orada kalmaya devam etmesi i\u00e7in her \u015feyi yapmaya haz\u0131rd\u0131m\u2026   Eskiden ba\u015fkalar\u0131n\u0131n evlerini temizlerdim, \u015fimdiyse bu evin bana ait oldu\u011funa inanam\u0131yordum. G\u00f6z al\u0131c\u0131 mutfak, sakin \u00e7\u0131kmaz sokak, \u00e7ocuklar\u0131m\u0131n g\u00f6nu\u0308llerince oynayabilecekleri arka bah\u00e7e\u2026 Kocam ve ben \u00e7ocuklar\u0131m\u0131za hak ettikleri hayat\u0131 verebilmek i\u00e7in y\u0131llarca para biriktirmi\u015ftik.   Bayan Lowell\u2019dan pek ho\u015flanmad\u0131ysam da bizi yeme\u011fe davet etti\u011finde bunu yeni mahallemizde arkada\u015f edinme f\u0131rsat\u0131 olarak g\u00f6rdu\u0308m. Kap\u0131y\u0131 bize beyaz \u00f6nlu\u0308\u011fu\u0308 ve s\u0131ms\u0131k\u0131 topuzuyla hizmet\u00e7isi a\u00e7t\u0131. Onun yerinde olman\u0131n nas\u0131l bir his oldu\u011funu \u00e7ok iyi biliyordum. Ama o buz gibi bak\u0131\u015flar\u0131 i\u00e7imi u\u0308rpertti\u2026   Lowelllar\u0131n hizmet\u00e7isi soka\u011f\u0131m\u0131zdaki tek tuhafl\u0131k de\u011fildi. Bir silu\u0308etin bizi izledi\u011finden emindim. Kocam geceleri evden \u00e7\u0131k\u0131yordu. Ve kar\u015f\u0131m\u0131zdaki evde oturan kad\u0131nla tan\u0131\u015ft\u0131\u011f\u0131mda s\u00f6zleri beni iliklerime kadar u\u0308rpertmi\u015fti: Kom\u015fular\u0131na dikkat et. Ailemi buraya ta\u015f\u0131yarak korkun\u00e7 bir hata m\u0131 yapm\u0131\u015ft\u0131m? En karanl\u0131k s\u0131rlar\u0131m\u0131 arkamda b\u0131rakt\u0131\u011f\u0131m\u0131 san\u0131yordum. Fakat bu sakin banliy\u00f6 soka\u011f\u0131, \u015fimdiye kadar bulundu\u011fum en tehlikeli yer olabilir miydi? <\/p>\n","protected":false},"excerpt":{"rendered":"<p>\u201cSiz yeni kom\u015fular\u0131m\u0131z olmal\u0131s\u0131n\u0131z!\u201d Bayan Lowell beyaz \u00e7itin ard\u0131ndan bize el sallad\u0131. K\u0131z\u0131m\u0131n elini tutup ona gu\u0308lu\u0308msedim fakat kocam\u0131 g\u00f6ru\u0308r g\u00f6rmez Bayan Lowell\u2019\u0131n yu\u0308zu\u0308nde tuhaf bir<span class=\"excerpt-hellip\"> [\u2026]<\/span><\/p>\n","protected":false},"featured_media":0,"template":"","meta":{"_monsterinsights_skip_tracking":false,"_monsterinsights_sitenote_active":false,"_monsterinsights_sitenote_note":"","_monsterinsights_sitenote_category":0},"product_brand":[],"product_cat":[12291,17033],"product_tag":[],"class_list":{"0":"post-775600","1":"product","2":"type-product","3":"status-publish","5":"product_cat-edebiyat","6":"product_cat-korku-gerilim","7":"pa_cilt-ciltsiz","8":"pa_tur-kitap","9":"pa_yayinevi-olimpos-yayinlari","10":"pa_yazar-freida-mcfadden","12":"first","13":"instock","14":"sale","15":"shipping-taxable","16":"purchasable","17":"product-type-simple"},"_links":{"self":[{"href":"https:\/\/roveyayinevi.com.tr\/index.php\/wp-json\/wp\/v2\/product\/775600","targetHints":{"allow":["GET"]}}],"collection":[{"href":"https:\/\/roveyayinevi.com.tr\/index.php\/wp-json\/wp\/v2\/product"}],"about":[{"href":"https:\/\/roveyayinevi.com.tr\/index.php\/wp-json\/wp\/v2\/types\/product"}],"wp:attachment":[{"href":"https:\/\/roveyayinevi.com.tr\/index.php\/wp-json\/wp\/v2\/media?parent=775600"}],"wp:term":[{"taxonomy":"product_brand","embeddable":true,"href":"https:\/\/roveyayinevi.com.tr\/index.php\/wp-json\/wp\/v2\/product_brand?post=775600"},{"taxonomy":"product_cat","embeddable":true,"href":"https:\/\/roveyayinevi.com.tr\/index.php\/wp-json\/wp\/v2\/product_cat?post=775600"},{"taxonomy":"product_tag","embeddable":true,"href":"https:\/\/roveyayinevi.com.tr\/index.php\/wp-json\/wp\/v2\/product_tag?post=775600"}],"curies":[{"name":"wp","href":"https:\/\/api.w.org\/{rel}","templated":true}]}}