{"id":775598,"date":"2025-09-11T05:15:46","date_gmt":"2025-09-11T02:15:46","guid":{"rendered":"https:\/\/roveyayinevi.com.tr\/index.php\/urun\/gercegin-tokadi\/"},"modified":"2026-04-15T03:27:17","modified_gmt":"2026-04-15T00:27:17","slug":"gercegin-tokadi","status":"publish","type":"product","link":"https:\/\/roveyayinevi.com.tr\/index.php\/urun\/gercegin-tokadi\/","title":{"rendered":"Ger\u00e7e\u011fin Tokad\u0131"},"content":{"rendered":"<p>Bazen hayat yaln\u0131zca sonsuz aksilikler ve zorluklar bar\u0131nd\u0131r\u0131yor gibi g\u00f6r\u00fcnebilir; sanki ger\u00e7e\u011fin tokad\u0131 s\u00fcrekli y\u00fcz\u00fcn\u00fcze iniyor ve ba\u015fa \u00e7\u0131kamayaca\u011f\u0131n\u0131z sorunlara neden oluyor gibidir.   Dr. Russ Harris, bilimsel olarak kan\u0131tlanm\u0131\u015f Kabul ve Kararl\u0131l\u0131k Terapisi y\u00f6ntemlerini g\u00fcnl\u00fck ya\u015fam\u0131n\u0131zda nas\u0131l uygulayaca\u011f\u0131n\u0131z\u0131, kendinizle ve ba\u015fkalar\u0131yla nas\u0131l yeniden ba\u011flant\u0131 kuraca\u011f\u0131n\u0131z\u0131 ve zor s\u00fcre\u00e7lerden kaynaklanan duygularla nas\u0131l ba\u015fa \u00e7\u0131kaca\u011f\u0131n\u0131z\u0131 kapsaml\u0131 bir \u015fekilde g\u00f6steriyor. Pek \u00e7ok al\u0131\u015ft\u0131rmaya yer veren ve nazik, destekleyici bir dille yaz\u0131lan kitap, uygulamal\u0131 tavsiyeleri ve vaka \u00f6rneklerini i\u00e7eriyor.   E\u011fer zorluklarla kar\u015f\u0131 kar\u015f\u0131yaysan\u0131z ve ne yapaca\u011f\u0131n\u0131z\u0131 bilmiyorsan\u0131z, bu kitap mutluluk ve tatmin duygusunu bulman\u0131z i\u00e7in size rehberlik edecek. Hayat\u0131n\u0131z\u0131 de\u011fi\u015ftirebilecek bu rehberle s\u0131k\u0131nt\u0131lar\u0131n\u0131zdan nas\u0131l kurtulaca\u011f\u0131n\u0131z\u0131 ve eskisinden daha g\u00fc\u00e7l\u00fc bir \u015fekilde nas\u0131l ayakta duraca\u011f\u0131n\u0131z\u0131 \u00f6\u011freneceksiniz. <\/p>\n","protected":false},"excerpt":{"rendered":"<p>Bazen hayat yaln\u0131zca sonsuz aksilikler ve zorluklar bar\u0131nd\u0131r\u0131yor gibi g\u00f6r\u00fcnebilir; sanki ger\u00e7e\u011fin tokad\u0131 s\u00fcrekli y\u00fcz\u00fcn\u00fcze iniyor ve ba\u015fa \u00e7\u0131kamayaca\u011f\u0131n\u0131z sorunlara neden oluyor gibidir. Dr. Russ Harris,<span class=\"excerpt-hellip\"> [\u2026]<\/span><\/p>\n","protected":false},"featured_media":0,"template":"","meta":{"_monsterinsights_skip_tracking":false,"_monsterinsights_sitenote_active":false,"_monsterinsights_sitenote_note":"","_monsterinsights_sitenote_category":0},"product_brand":[],"product_cat":[12357],"product_tag":[],"class_list":{"0":"post-775598","1":"product","2":"type-product","3":"status-publish","5":"product_cat-psikoloji","6":"pa_cilt-ciltsiz","7":"pa_tur-kitap","8":"pa_yayinevi-diyojen-yayincilik","9":"pa_yazar-russ-harris","11":"first","12":"instock","13":"sale","14":"shipping-taxable","15":"purchasable","16":"product-type-simple"},"_links":{"self":[{"href":"https:\/\/roveyayinevi.com.tr\/index.php\/wp-json\/wp\/v2\/product\/775598","targetHints":{"allow":["GET"]}}],"collection":[{"href":"https:\/\/roveyayinevi.com.tr\/index.php\/wp-json\/wp\/v2\/product"}],"about":[{"href":"https:\/\/roveyayinevi.com.tr\/index.php\/wp-json\/wp\/v2\/types\/product"}],"wp:attachment":[{"href":"https:\/\/roveyayinevi.com.tr\/index.php\/wp-json\/wp\/v2\/media?parent=775598"}],"wp:term":[{"taxonomy":"product_brand","embeddable":true,"href":"https:\/\/roveyayinevi.com.tr\/index.php\/wp-json\/wp\/v2\/product_brand?post=775598"},{"taxonomy":"product_cat","embeddable":true,"href":"https:\/\/roveyayinevi.com.tr\/index.php\/wp-json\/wp\/v2\/product_cat?post=775598"},{"taxonomy":"product_tag","embeddable":true,"href":"https:\/\/roveyayinevi.com.tr\/index.php\/wp-json\/wp\/v2\/product_tag?post=775598"}],"curies":[{"name":"wp","href":"https:\/\/api.w.org\/{rel}","templated":true}]}}