{"id":775596,"date":"2025-09-11T04:31:40","date_gmt":"2025-09-11T01:31:40","guid":{"rendered":"https:\/\/roveyayinevi.com.tr\/index.php\/urun\/turk-dunyasi-kultur-atlasi-ciltli\/"},"modified":"2026-04-16T03:08:47","modified_gmt":"2026-04-16T00:08:47","slug":"turk-dunyasi-kultur-atlasi-ciltli","status":"publish","type":"product","link":"https:\/\/roveyayinevi.com.tr\/index.php\/urun\/turk-dunyasi-kultur-atlasi-ciltli\/","title":{"rendered":"T\u00fcrk D\u00fcnyas\u0131 K\u00fclt\u00fcr Atlas\u0131 (Ciltli)"},"content":{"rendered":"<p>\u201cBilmek isteyen yola \u00e7\u0131kar!\u201d s\u00f6z\u00fcnden hareketle bizi \u201cbiz\u201d yapan k\u00fclt\u00fcrel birikimin k\u00f6klerine ula\u015fmak amac\u0131yla, T\u00fcrk D\u00fcnyas\u0131&#8217;nda kilometrelerce yolculuk yapmaya haz\u0131r m\u0131s\u0131n\u0131z? Sonsuzluk hissi uyand\u0131ran bozk\u0131rlardan doru\u011fu bulutlarla kapl\u0131 mavi da\u011flara, k\u0131z\u0131l ve siyah renklerle yo\u011frulmu\u015f \u0130pek Yolu \u00e7\u00f6llerinden derin ve karanl\u0131k taygalara, en so\u011fuk tundralara, co\u015fkun bir sel gibi akan ye\u015fil \u0131rmaklara say\u0131s\u0131z yolculuk\u2026 Bu atlasla \u00e7ocuklar; T\u00fcrk D\u00fcnyas\u0131&#8217;na dair pek \u00e7ok ayr\u0131nt\u0131y\u0131 okuyup \u00f6\u011frenecek, merak ettiklerini ara\u015ft\u0131racak. Yeti\u015fkinler ise sahip oldu\u011fumuz k\u00fclt\u00fcr miras\u0131yla bir kez daha gurur duyacak. Haydi, \u015fimdi yolculuk zaman\u0131!..<\/p>\n","protected":false},"excerpt":{"rendered":"<p>\u201cBilmek isteyen yola \u00e7\u0131kar!\u201d s\u00f6z\u00fcnden hareketle bizi \u201cbiz\u201d yapan k\u00fclt\u00fcrel birikimin k\u00f6klerine ula\u015fmak amac\u0131yla, T\u00fcrk D\u00fcnyas\u0131&#8217;nda kilometrelerce yolculuk yapmaya haz\u0131r m\u0131s\u0131n\u0131z? Sonsuzluk hissi uyand\u0131ran bozk\u0131rlardan doru\u011fu<span class=\"excerpt-hellip\"> [\u2026]<\/span><\/p>\n","protected":false},"featured_media":0,"template":"","meta":{"_monsterinsights_skip_tracking":false,"_monsterinsights_sitenote_active":false,"_monsterinsights_sitenote_note":"","_monsterinsights_sitenote_category":0},"product_brand":[],"product_cat":[12274,15842],"product_tag":[],"class_list":{"0":"post-775596","1":"product","2":"type-product","3":"status-publish","5":"product_cat-cocuk-ve-genclik-kitaplari","6":"product_cat-egitici-kitaplar","7":"pa_cilt-ciltli","8":"pa_tur-kitap","9":"pa_yayinevi-otuken-nesriyat","10":"pa_yazar-ahmet-yesiltepe","12":"first","13":"instock","14":"sale","15":"shipping-taxable","16":"purchasable","17":"product-type-simple"},"_links":{"self":[{"href":"https:\/\/roveyayinevi.com.tr\/index.php\/wp-json\/wp\/v2\/product\/775596","targetHints":{"allow":["GET"]}}],"collection":[{"href":"https:\/\/roveyayinevi.com.tr\/index.php\/wp-json\/wp\/v2\/product"}],"about":[{"href":"https:\/\/roveyayinevi.com.tr\/index.php\/wp-json\/wp\/v2\/types\/product"}],"wp:attachment":[{"href":"https:\/\/roveyayinevi.com.tr\/index.php\/wp-json\/wp\/v2\/media?parent=775596"}],"wp:term":[{"taxonomy":"product_brand","embeddable":true,"href":"https:\/\/roveyayinevi.com.tr\/index.php\/wp-json\/wp\/v2\/product_brand?post=775596"},{"taxonomy":"product_cat","embeddable":true,"href":"https:\/\/roveyayinevi.com.tr\/index.php\/wp-json\/wp\/v2\/product_cat?post=775596"},{"taxonomy":"product_tag","embeddable":true,"href":"https:\/\/roveyayinevi.com.tr\/index.php\/wp-json\/wp\/v2\/product_tag?post=775596"}],"curies":[{"name":"wp","href":"https:\/\/api.w.org\/{rel}","templated":true}]}}