{"id":775594,"date":"2025-09-11T04:19:47","date_gmt":"2025-09-11T01:19:47","guid":{"rendered":"https:\/\/roveyayinevi.com.tr\/index.php\/urun\/dersimiz-ihlas-suresi\/"},"modified":"2026-04-16T03:07:17","modified_gmt":"2026-04-16T00:07:17","slug":"dersimiz-ihlas-suresi","status":"publish","type":"product","link":"https:\/\/roveyayinevi.com.tr\/index.php\/urun\/dersimiz-ihlas-suresi\/","title":{"rendered":"Dersimiz \u0130hlas Suresi"},"content":{"rendered":"<p>A\u015eIRI DERECE ZEK\u0130 AMA B\u0130R O KADAR DA YARAMAZ \u0130DR\u0130S TAKACI VE KANKASI TACETT\u0130N TAC\u0130, C\u0130MC\u0130ME SINIF BA\u015eKANI SAF\u0130NUR TAZENANE, HER YERE ALTIN KALPL\u0130 PAPATYA RES\u0130MLER\u0130 \u00c7\u0130ZEN LEP\u0130SKA SA\u00c7LI MAHPEYKER \u00c7ITIRAK, HAKSIZLI\u011eA H\u0130\u00c7 GELEMEYEN G\u00d6Z\u00dc KARA CEM\u0130LE M\u00dcRD\u00dcM \u0130LE SIRA ARKADA\u015eI NEF\u0130SE G\u00dcG\u00dcM, \u0130SM\u0130 SORULDU\u011eUNDA R\u00dcZG\u00c2RDA B\u0130R \u00c7\u0130\u00c7EK G\u0130B\u0130 T\u0130TREYEN ZARAFET AB\u0130DES\u0130 AY\u015eE MELEK, PEK MERAKLI OSMAN TERAZ\u0130 VE \u00c7OK ACAY\u0130P SIRADI\u015eI B\u0130R \u00d6\u011eRETMEN HAL\u0130S MUHL\u0130S! HEPS\u0130 VE DAHA FAZLASI \u00dcMM\u00dc\u015e P\u00d6RTLEK ORTAOKULU 5-A SINIFINDA!   Ba\u015fka bir Allah olmad\u0131\u011f\u0131 ve La ilahe illallah! Olamayaca\u011f\u0131 i\u00e7in Allah birdir. Allah tek oldu\u011fu i\u00e7in birdir. Ve EHAD, Allah B\u0130R ve TEK demektir&#8230; \u2013Ama say\u0131 ile de\u011fil. \u2013Ama say\u0131 ile de\u011fil, evet. \u2013\u00c7\u00fcnk\u00fc sadece bir tane olan bir \u015feyi saymazs\u0131n! \u2013Sana iki kere aferin. \u00c7ok g\u00fczel izah ettin. \u2013Han\u0131mlar beyler! Beni dikkatle dinleyin. \u00c7\u00fcnk\u00fc size bir misal daha verilecek&#8230; <\/p>\n","protected":false},"excerpt":{"rendered":"<p>A\u015eIRI DERECE ZEK\u0130 AMA B\u0130R O KADAR DA YARAMAZ \u0130DR\u0130S TAKACI VE KANKASI TACETT\u0130N TAC\u0130, C\u0130MC\u0130ME SINIF BA\u015eKANI SAF\u0130NUR TAZENANE, HER YERE ALTIN KALPL\u0130 PAPATYA RES\u0130MLER\u0130<span class=\"excerpt-hellip\"> [\u2026]<\/span><\/p>\n","protected":false},"featured_media":0,"template":"","meta":{"_monsterinsights_skip_tracking":false,"_monsterinsights_sitenote_active":false,"_monsterinsights_sitenote_note":"","_monsterinsights_sitenote_category":0},"product_brand":[],"product_cat":[12274,18802],"product_tag":[],"class_list":{"0":"post-775594","1":"product","2":"type-product","3":"status-publish","5":"product_cat-cocuk-ve-genclik-kitaplari","6":"product_cat-din-egitimi","7":"pa_cilt-ciltsiz","8":"pa_tur-kitap","9":"pa_yayinevi-ugurbocegi-yayinlari","10":"pa_yazar-ozkan-oze","12":"first","13":"instock","14":"sale","15":"shipping-taxable","16":"purchasable","17":"product-type-simple"},"_links":{"self":[{"href":"https:\/\/roveyayinevi.com.tr\/index.php\/wp-json\/wp\/v2\/product\/775594","targetHints":{"allow":["GET"]}}],"collection":[{"href":"https:\/\/roveyayinevi.com.tr\/index.php\/wp-json\/wp\/v2\/product"}],"about":[{"href":"https:\/\/roveyayinevi.com.tr\/index.php\/wp-json\/wp\/v2\/types\/product"}],"wp:attachment":[{"href":"https:\/\/roveyayinevi.com.tr\/index.php\/wp-json\/wp\/v2\/media?parent=775594"}],"wp:term":[{"taxonomy":"product_brand","embeddable":true,"href":"https:\/\/roveyayinevi.com.tr\/index.php\/wp-json\/wp\/v2\/product_brand?post=775594"},{"taxonomy":"product_cat","embeddable":true,"href":"https:\/\/roveyayinevi.com.tr\/index.php\/wp-json\/wp\/v2\/product_cat?post=775594"},{"taxonomy":"product_tag","embeddable":true,"href":"https:\/\/roveyayinevi.com.tr\/index.php\/wp-json\/wp\/v2\/product_tag?post=775594"}],"curies":[{"name":"wp","href":"https:\/\/api.w.org\/{rel}","templated":true}]}}