{"id":775592,"date":"2025-09-11T04:13:24","date_gmt":"2025-09-11T01:13:24","guid":{"rendered":"https:\/\/roveyayinevi.com.tr\/index.php\/urun\/bugun-huysuzum-duygularim-davranislarim-ciltli\/"},"modified":"2026-04-08T03:12:42","modified_gmt":"2026-04-08T00:12:42","slug":"bugun-huysuzum-duygularim-davranislarim-ciltli","status":"publish","type":"product","link":"https:\/\/roveyayinevi.com.tr\/index.php\/urun\/bugun-huysuzum-duygularim-davranislarim-ciltli\/","title":{"rendered":"Bug\u00fcn Huysuzum \u2013 Duygular\u0131m Davran\u0131\u015flar\u0131m (Ciltli)"},"content":{"rendered":"<p>Bug\u00fcn her \u015fey ters gidiyor. Minik Aslan kendini \u00e7ok huysuz hissediyor. Acaba Minik Aslan, bu duyguyla nas\u0131l ba\u015fa \u00e7\u0131kacak? Jedda Robaard\u2019dan miniklerin DUYGU ve davran\u0131\u015flar\u0131n\u0131 tan\u0131y\u0131p y\u00f6nlendirmesine destek olacak bir seri. <\/p>\n","protected":false},"excerpt":{"rendered":"<p>Bug\u00fcn her \u015fey ters gidiyor. Minik Aslan kendini \u00e7ok huysuz hissediyor. Acaba Minik Aslan, bu duyguyla nas\u0131l ba\u015fa \u00e7\u0131kacak? Jedda Robaard\u2019dan miniklerin DUYGU ve davran\u0131\u015flar\u0131n\u0131 tan\u0131y\u0131p<span class=\"excerpt-hellip\"> [\u2026]<\/span><\/p>\n","protected":false},"featured_media":0,"template":"","meta":{"_monsterinsights_skip_tracking":false,"_monsterinsights_sitenote_active":false,"_monsterinsights_sitenote_note":"","_monsterinsights_sitenote_category":0},"product_brand":[],"product_cat":[12274,12284],"product_tag":[],"class_list":{"0":"post-775592","1":"product","2":"type-product","3":"status-publish","5":"product_cat-cocuk-ve-genclik-kitaplari","6":"product_cat-hikayeler","7":"pa_cilt-ciltli","8":"pa_tur-kitap","9":"pa_yayinevi-is-bankasi-kultur-yayinlari","10":"pa_yazar-jedda-robaard","12":"first","13":"instock","14":"sale","15":"shipping-taxable","16":"purchasable","17":"product-type-simple"},"_links":{"self":[{"href":"https:\/\/roveyayinevi.com.tr\/index.php\/wp-json\/wp\/v2\/product\/775592","targetHints":{"allow":["GET"]}}],"collection":[{"href":"https:\/\/roveyayinevi.com.tr\/index.php\/wp-json\/wp\/v2\/product"}],"about":[{"href":"https:\/\/roveyayinevi.com.tr\/index.php\/wp-json\/wp\/v2\/types\/product"}],"wp:attachment":[{"href":"https:\/\/roveyayinevi.com.tr\/index.php\/wp-json\/wp\/v2\/media?parent=775592"}],"wp:term":[{"taxonomy":"product_brand","embeddable":true,"href":"https:\/\/roveyayinevi.com.tr\/index.php\/wp-json\/wp\/v2\/product_brand?post=775592"},{"taxonomy":"product_cat","embeddable":true,"href":"https:\/\/roveyayinevi.com.tr\/index.php\/wp-json\/wp\/v2\/product_cat?post=775592"},{"taxonomy":"product_tag","embeddable":true,"href":"https:\/\/roveyayinevi.com.tr\/index.php\/wp-json\/wp\/v2\/product_tag?post=775592"}],"curies":[{"name":"wp","href":"https:\/\/api.w.org\/{rel}","templated":true}]}}