{"id":775588,"date":"2025-09-11T03:19:42","date_gmt":"2025-09-11T00:19:42","guid":{"rendered":"https:\/\/roveyayinevi.com.tr\/index.php\/urun\/gorevimiz-sifir-atik\/"},"modified":"2026-04-16T02:56:36","modified_gmt":"2026-04-15T23:56:36","slug":"gorevimiz-sifir-atik","status":"publish","type":"product","link":"https:\/\/roveyayinevi.com.tr\/index.php\/urun\/gorevimiz-sifir-atik\/","title":{"rendered":"G\u00f6revimiz S\u0131f\u0131r At\u0131k"},"content":{"rendered":"<p>Bir g\u00fcn s\u0131f\u0131r at\u0131k, her g\u00fcn s\u0131f\u0131r at\u0131k! Son k\u0131rk y\u0131l i\u00e7inde \u00e7\u00f6p miktar\u0131m\u0131z ikiye katland\u0131. Yery\u00fcz\u00fcnde ya\u015fayan insan say\u0131s\u0131 durmadan art\u0131yor ve bizler t\u00fckettik\u00e7e t\u00fcketiyoruz. Peki t\u00fcm bunlar ya\u015fan\u0131rken, gezegenimizi nas\u0131l bir gelecek bekliyor? Plastik po\u015fetin do\u011fada 400 y\u0131lda \u00e7\u00f6z\u00fcnd\u00fc\u011f\u00fcn\u00fc ya da 190.000 bezelye konservesinden g\u0131c\u0131r g\u0131c\u0131r bir araba \u00fcretilebilece\u011fini biliyor muydunuz? Az ve do\u011fru t\u00fcketerek mevcut d\u00fczene y\u00f6n vermek elimizde. \u00dcstelik geri d\u00f6n\u00fc\u015ft\u00fcrerek yeni \u015feyler yaratmak da cabas\u0131! \u00d6te yandan, \u00e7\u00f6p miktar\u0131m\u0131z\u0131 s\u0131f\u0131ra indirmek ne kadar m\u00fcmk\u00fcn?  G\u00fcn\u00fcm\u00fcz t\u00fcketim k\u00fclt\u00fcr\u00fcn\u00fcn dayatt\u0131\u011f\u0131 normlara direnmek pek kolay g\u00f6r\u00fcnmese de, s\u0131f\u0131r at\u0131k \u015fampiyonu olabilmek hi\u00e7 de zor de\u011fil! Birka\u00e7 y\u0131l \u00f6nce \u00e7\u00f6plerimizin miktar\u0131n\u0131 azaltmak gayesiyle ba\u015flat\u0131lan ve k\u0131sa s\u00fcrede t\u00fcm d\u00fcnyaya yay\u0131lan \u201cS\u0131f\u0131r At\u0131k\u201d hareketini mercek alt\u0131na alan G\u00f6revimiz S\u0131f\u0131r At\u0131k, okurlar\u0131 bu hedefte d\u00f6rt temel eylemle tan\u0131\u015ft\u0131r\u0131yor; reddederek, azaltarak, yeniden kullanarak ve geri d\u00f6n\u00fc\u015ft\u00fcrerek \u00e7ocuklar\u0131n t\u00fcketim al\u0131\u015fkanl\u0131klar\u0131n\u0131 sil ba\u015ftan \u015fekillendirmesine k\u0131lavuzluk ediyor. \u00c7evre bilinci kazand\u0131rma amac\u0131yla haz\u0131rlanan \u201cGezegenimizi Koruyal\u0131m!\u201d dizisinin \u201cHay\u0131r, te\u015fekk\u00fcrler!\u201d demeyi \u00f6\u011freten bu halkas\u0131, e\u011flenceli oyunlar, bulmacalar ve etkinlikler e\u015fli\u011finde, gezegenimizi neden bir \u00e7\u00f6p kutusuna d\u00f6n\u00fc\u015ft\u00fcrmememiz gerekti\u011fine dair \u00f6nemli a\u00e7\u0131klamalarda bulunuyor. S\u0131f\u0131r at\u0131k hareketine ilk ad\u0131m\u0131 kolayca atmak i\u00e7in \u00e7e\u015fitli y\u00f6ntemler ve ipu\u00e7lar\u0131 payla\u015farak kollar\u0131 s\u0131vamaya \u00e7a\u011f\u0131r\u0131yor! Unutmay\u0131n, \u201cEn iyi at\u0131k, hi\u00e7 \u00fcretilmemi\u015f at\u0131kt\u0131r.\u201d<\/p>\n","protected":false},"excerpt":{"rendered":"<p>Bir g\u00fcn s\u0131f\u0131r at\u0131k, her g\u00fcn s\u0131f\u0131r at\u0131k! Son k\u0131rk y\u0131l i\u00e7inde \u00e7\u00f6p miktar\u0131m\u0131z ikiye katland\u0131. Yery\u00fcz\u00fcnde ya\u015fayan insan say\u0131s\u0131 durmadan art\u0131yor ve bizler t\u00fckettik\u00e7e t\u00fcketiyoruz.<span class=\"excerpt-hellip\"> [\u2026]<\/span><\/p>\n","protected":false},"featured_media":0,"template":"","meta":{"_monsterinsights_skip_tracking":false,"_monsterinsights_sitenote_active":false,"_monsterinsights_sitenote_note":"","_monsterinsights_sitenote_category":0},"product_brand":[],"product_cat":[12274,12631],"product_tag":[],"class_list":{"0":"post-775588","1":"product","2":"type-product","3":"status-publish","5":"product_cat-cocuk-ve-genclik-kitaplari","6":"product_cat-diger-cocuk-ve-genclik-kitaplari","7":"pa_cilt-ciltsiz","8":"pa_tur-kitap","9":"pa_yayinevi-tudem-yayinlari","10":"pa_yazar-lucie-vallon","12":"first","13":"instock","14":"sale","15":"shipping-taxable","16":"purchasable","17":"product-type-simple"},"_links":{"self":[{"href":"https:\/\/roveyayinevi.com.tr\/index.php\/wp-json\/wp\/v2\/product\/775588","targetHints":{"allow":["GET"]}}],"collection":[{"href":"https:\/\/roveyayinevi.com.tr\/index.php\/wp-json\/wp\/v2\/product"}],"about":[{"href":"https:\/\/roveyayinevi.com.tr\/index.php\/wp-json\/wp\/v2\/types\/product"}],"wp:attachment":[{"href":"https:\/\/roveyayinevi.com.tr\/index.php\/wp-json\/wp\/v2\/media?parent=775588"}],"wp:term":[{"taxonomy":"product_brand","embeddable":true,"href":"https:\/\/roveyayinevi.com.tr\/index.php\/wp-json\/wp\/v2\/product_brand?post=775588"},{"taxonomy":"product_cat","embeddable":true,"href":"https:\/\/roveyayinevi.com.tr\/index.php\/wp-json\/wp\/v2\/product_cat?post=775588"},{"taxonomy":"product_tag","embeddable":true,"href":"https:\/\/roveyayinevi.com.tr\/index.php\/wp-json\/wp\/v2\/product_tag?post=775588"}],"curies":[{"name":"wp","href":"https:\/\/api.w.org\/{rel}","templated":true}]}}