{"id":775586,"date":"2025-09-11T03:05:13","date_gmt":"2025-09-11T00:05:13","guid":{"rendered":"https:\/\/roveyayinevi.com.tr\/index.php\/urun\/platonun-epistemolojisi\/"},"modified":"2026-04-16T02:53:28","modified_gmt":"2026-04-15T23:53:28","slug":"platonun-epistemolojisi","status":"publish","type":"product","link":"https:\/\/roveyayinevi.com.tr\/index.php\/urun\/platonun-epistemolojisi\/","title":{"rendered":"Platon\u2019un Epistemolojisi"},"content":{"rendered":"<p>Klasik d\u00f6nem uzman\u0131 Francis Macdonald Cornford taraf\u0131ndan terc\u00fcme edilen ve Platon\u2019un iki diyalogunun yer ald\u0131\u011f\u0131 Platon\u2019un Epistemolojisi okuyucuya, Platon&#8217;un epistemolojisiyle ilgili yararl\u0131 birtak\u0131m arka plan bilgilere ek olarak metnin anla\u015f\u0131lmas\u0131nda e\u015fsiz i\u00e7g\u00f6r\u00fcler de sa\u011flayan kapsaml\u0131 yorumlar sunmaktad\u0131r. Bu y\u00f6n\u00fcyle eser (ve eser i\u00e7inde yer alan diyaloglar) yaln\u0131zca felsefe \u00f6\u011frencileri i\u00e7in de\u011fil, ayn\u0131 zamanda her okurun daima g\u00fcndeminde tutabilece\u011fi t\u00fcrden sorular\u0131 ele almaktad\u0131r.   Bu \u00e7er\u00e7evede, Theaitetos diyalogu, \u201cBilgi nedir?\u201d sorusunun sistematik bir incelemesini sunar. Diyalogun b\u00fcy\u00fck k\u0131sm\u0131 Sokrates ile \u00f6\u011frenci Theaitetos aras\u0131nda ge\u00e7er ve diyalog boyunca ara\u015ft\u0131rd\u0131klar\u0131 cevaplar \u2013alg\u0131 olarak bilgi; do\u011fru inan\u00e7 olarak bilgi; do\u011fru inan\u00e7 ve bir a\u00e7\u0131klama (yani gerek\u00e7elendirilmi\u015f do\u011fru inan\u00e7) olarak bilgi\u2013 ele al\u0131n\u0131r. \u00c7o\u011fu Sokratik diyalog gibi, Theaitetos da nihai bir yan\u0131t vermeden biter, yani diyalog, okurun bu mesele \u00fczerine d\u00fc\u015f\u00fcnebilmesi i\u00e7in bir sonuca ba\u011flanmaz. \u0130lgili ve di\u011fer bir diyalog olan Sofist\u2019te ise Platon \u201csofist\u201d terimini yeniden tan\u0131mlar. Platon bu terimi de\u011fersizle\u015ftirmekle beraber, felsefede safsatalara yani dilsel mu\u011flakl\u0131klara dayanan aldat\u0131c\u0131 g\u00f6r\u00fc\u015fleri ele al\u0131r.<\/p>\n","protected":false},"excerpt":{"rendered":"<p>Klasik d\u00f6nem uzman\u0131 Francis Macdonald Cornford taraf\u0131ndan terc\u00fcme edilen ve Platon\u2019un iki diyalogunun yer ald\u0131\u011f\u0131 Platon\u2019un Epistemolojisi okuyucuya, Platon&#8217;un epistemolojisiyle ilgili yararl\u0131 birtak\u0131m arka plan bilgilere<span class=\"excerpt-hellip\"> [\u2026]<\/span><\/p>\n","protected":false},"featured_media":0,"template":"","meta":{"_monsterinsights_skip_tracking":false,"_monsterinsights_sitenote_active":false,"_monsterinsights_sitenote_note":"","_monsterinsights_sitenote_category":0},"product_brand":[],"product_cat":[12388,26788],"product_tag":[],"class_list":{"0":"post-775586","1":"product","2":"type-product","3":"status-publish","5":"product_cat-felsefe","6":"product_cat-filozoflar","7":"pa_cilt-ciltsiz","8":"pa_tur-kitap","9":"pa_yayinevi-albaraka-yayinlari","10":"pa_yazar-francis-macdonald-cornford","12":"first","13":"instock","14":"sale","15":"shipping-taxable","16":"purchasable","17":"product-type-simple"},"_links":{"self":[{"href":"https:\/\/roveyayinevi.com.tr\/index.php\/wp-json\/wp\/v2\/product\/775586","targetHints":{"allow":["GET"]}}],"collection":[{"href":"https:\/\/roveyayinevi.com.tr\/index.php\/wp-json\/wp\/v2\/product"}],"about":[{"href":"https:\/\/roveyayinevi.com.tr\/index.php\/wp-json\/wp\/v2\/types\/product"}],"wp:attachment":[{"href":"https:\/\/roveyayinevi.com.tr\/index.php\/wp-json\/wp\/v2\/media?parent=775586"}],"wp:term":[{"taxonomy":"product_brand","embeddable":true,"href":"https:\/\/roveyayinevi.com.tr\/index.php\/wp-json\/wp\/v2\/product_brand?post=775586"},{"taxonomy":"product_cat","embeddable":true,"href":"https:\/\/roveyayinevi.com.tr\/index.php\/wp-json\/wp\/v2\/product_cat?post=775586"},{"taxonomy":"product_tag","embeddable":true,"href":"https:\/\/roveyayinevi.com.tr\/index.php\/wp-json\/wp\/v2\/product_tag?post=775586"}],"curies":[{"name":"wp","href":"https:\/\/api.w.org\/{rel}","templated":true}]}}