{"id":775585,"date":"2025-09-11T02:58:42","date_gmt":"2025-09-10T23:58:42","guid":{"rendered":"https:\/\/roveyayinevi.com.tr\/index.php\/urun\/arkadasim-beni-bekliyor\/"},"modified":"2026-04-16T02:52:45","modified_gmt":"2026-04-15T23:52:45","slug":"arkadasim-beni-bekliyor","status":"publish","type":"product","link":"https:\/\/roveyayinevi.com.tr\/index.php\/urun\/arkadasim-beni-bekliyor\/","title":{"rendered":"Arkada\u015f\u0131m Beni Bekliyor"},"content":{"rendered":"<p>\u201cArkada\u015fl\u0131k Bank\u0131\u201dn\u0131n birle\u015ftirdikleri&#8230; S\u0131radan Bir Geko kitab\u0131n\u0131n yarat\u0131c\u0131s\u0131 Wendy Meddour&#8217;dan, yeni bir okula uyum s\u00fcrecini arkada\u015fl\u0131k ba\u011f\u0131 \u00fczerinden oda\u011f\u0131na alan s\u0131cac\u0131k bir \u00f6yk\u00fc: Arkada\u015f\u0131m Beni Bekliyor Oyunu, arkada\u015fl\u0131\u011f\u0131n temeli sayan bir anlay\u0131\u015ftan beslenen kitap; okurlar\u0131 nice arkada\u015fl\u0131\u011f\u0131n ilk tohumlar\u0131n\u0131n at\u0131ld\u0131\u011f\u0131 bir bank etraf\u0131nda bulu\u015fturuyor ve minikleri yeni oyunlar kurmaya davet ediyor. Daniel Egn\u00e9us&#8217;un kuzey \u0131\u015f\u0131klar\u0131na ait bir renk paleti kullanarak resimledi\u011fi bu sevgi dolu \u00f6yk\u00fc, ufakl\u0131klar\u0131n hayal g\u00fc\u00e7lerini zenginle\u015ftirmekle kalm\u0131yor ayn\u0131 zamanda arkada\u015fl\u0131k kavram\u0131 \u00fcst\u00fcne d\u00fc\u015f\u00fcnmelerini de sa\u011fl\u0131yor.  \u0130ki \u00e7ekingen \u00f6\u011frenci, bozuk bir \u201cArkada\u015fl\u0131k Bank\u0131\u201dn\u0131n yamac\u0131nda bulu\u015funca ne mi yapar? Elbette onu tamir etmeye kalk\u0131\u015f\u0131rlar. \u00dcst\u00fcne bir de hemencecik kayna\u015f\u0131p arkada\u015f olurlar&#8230; Lili, annesi ve k\u00f6pekleri G\u00f6lge ile birlikte, deniz kenar\u0131nda bir eve ta\u015f\u0131nm\u0131\u015ft\u0131. K\u00fc\u00e7\u00fck d\u00fcnyas\u0131 do\u011fan\u0131n binbir rengi ve hayvanlar\u0131n yayd\u0131\u011f\u0131 ya\u015fam enerjisiyle doluydu. Ta ki yeni okuluna ba\u015flayaca\u011f\u0131 o ilk g\u00fcne kadar. Yeni bir \u00e7evre, yepyeni arkada\u015flar. Ya kimse onunla konu\u015fmazsa? Belki de Lili&#8217;nin yapmas\u0131 gereken tek \u015fey, cesurca bir ad\u0131m atmakt\u0131&#8230;  Arkada\u015f\u0131m Beni Bekliyor, yepyeni dostluklara yelken a\u00e7t\u0131ran, y\u00fcreklendirici bir kitap.<\/p>\n","protected":false},"excerpt":{"rendered":"<p>\u201cArkada\u015fl\u0131k Bank\u0131\u201dn\u0131n birle\u015ftirdikleri&#8230; S\u0131radan Bir Geko kitab\u0131n\u0131n yarat\u0131c\u0131s\u0131 Wendy Meddour&#8217;dan, yeni bir okula uyum s\u00fcrecini arkada\u015fl\u0131k ba\u011f\u0131 \u00fczerinden oda\u011f\u0131na alan s\u0131cac\u0131k bir \u00f6yk\u00fc: Arkada\u015f\u0131m Beni Bekliyor<span class=\"excerpt-hellip\"> [\u2026]<\/span><\/p>\n","protected":false},"featured_media":0,"template":"","meta":{"_monsterinsights_skip_tracking":false,"_monsterinsights_sitenote_active":false,"_monsterinsights_sitenote_note":"","_monsterinsights_sitenote_category":0},"product_brand":[],"product_cat":[12274,12284],"product_tag":[],"class_list":{"0":"post-775585","1":"product","2":"type-product","3":"status-publish","5":"product_cat-cocuk-ve-genclik-kitaplari","6":"product_cat-hikayeler","7":"pa_cilt-ciltsiz","8":"pa_tur-kitap","9":"pa_yayinevi-ucanbalik-yayincilik","10":"pa_yazar-wendy-meddour","12":"first","13":"instock","14":"sale","15":"shipping-taxable","16":"purchasable","17":"product-type-simple"},"_links":{"self":[{"href":"https:\/\/roveyayinevi.com.tr\/index.php\/wp-json\/wp\/v2\/product\/775585","targetHints":{"allow":["GET"]}}],"collection":[{"href":"https:\/\/roveyayinevi.com.tr\/index.php\/wp-json\/wp\/v2\/product"}],"about":[{"href":"https:\/\/roveyayinevi.com.tr\/index.php\/wp-json\/wp\/v2\/types\/product"}],"wp:attachment":[{"href":"https:\/\/roveyayinevi.com.tr\/index.php\/wp-json\/wp\/v2\/media?parent=775585"}],"wp:term":[{"taxonomy":"product_brand","embeddable":true,"href":"https:\/\/roveyayinevi.com.tr\/index.php\/wp-json\/wp\/v2\/product_brand?post=775585"},{"taxonomy":"product_cat","embeddable":true,"href":"https:\/\/roveyayinevi.com.tr\/index.php\/wp-json\/wp\/v2\/product_cat?post=775585"},{"taxonomy":"product_tag","embeddable":true,"href":"https:\/\/roveyayinevi.com.tr\/index.php\/wp-json\/wp\/v2\/product_tag?post=775585"}],"curies":[{"name":"wp","href":"https:\/\/api.w.org\/{rel}","templated":true}]}}