{"id":775584,"date":"2025-09-11T02:57:10","date_gmt":"2025-09-10T23:57:10","guid":{"rendered":"https:\/\/roveyayinevi.com.tr\/index.php\/urun\/dijital-yorgunluk\/"},"modified":"2025-09-11T13:40:30","modified_gmt":"2025-09-11T10:40:30","slug":"dijital-yorgunluk","status":"publish","type":"product","link":"https:\/\/roveyayinevi.com.tr\/index.php\/urun\/dijital-yorgunluk\/","title":{"rendered":"Dijital Yorgunluk"},"content":{"rendered":"<p>Her \u015fey birdenbire oldu! T\u00fcr\u00fcm\u00fcz\u00fcn yery\u00fcz\u00fcndeki istilas\u0131, 2019 sonbahar\u0131nda ba\u015flayan Kovid-19 pandemisiyle, b\u00fct\u00fcn d\u00fcnyadaki toplam a\u011f\u0131rl\u0131\u011f\u0131 1 gram\u0131 bile bulmayan bir vir\u00fcs taraf\u0131ndan ge\u00e7ici olarak durduruldu. Hayat \u00f6nce durdu, sonra farkl\u0131la\u015ft\u0131, rutinlerimiz de\u011fi\u015fti, s\u00f6zl\u00fcklerimize yeni s\u00f6zc\u00fckler eklendi. \u201cZoom\u201d bunlardan biri \u00f6rne\u011fin. Y\u00fcz y\u00fcze ileti\u015fimin yerini alan dijital ileti\u015fim, sosyalle\u015fme anlam\u0131nda kolayl\u0131klar getirse de hepimizi \u00e7ok yordu! Omuzlar\u0131m\u0131zdaki y\u00fck her zamankinden a\u011f\u0131r \u015fimdi. \u0130\u015f hayat\u0131m\u0131z da ev hayat\u0131m\u0131z da dijital d\u00fcnya taraf\u0131ndan 7\/24 s\u00fcren bir i\u015fgal alt\u0131nda.   Bu konuda hepimiz hemfikiriz ama i\u00e7inde bulundu\u011fumuz durumda neler yapabiliriz? \u0130\u015fte Dijital Yorgunluk bu konuyu enine boyuna ele al\u0131yor; sorunlar ve \u00e7\u00f6z\u00fcmler konusunda yaln\u0131z olmad\u0131\u011f\u0131m\u0131z\u0131 g\u00f6steriyor, gayet pratik ve rahatlat\u0131c\u0131 \u00f6nerilerde bulunuyor.   \u201cYorgunluk toplumunun \u2018s\u00fcr\u00fc insan\u0131\u2019ndan; fikri h\u00fcr, irfan\u0131 h\u00fcr, vicdan\u0131 h\u00fcr bireye giden yolda \u00f6nce ayaklar\u0131m\u0131za ve ruhumuza ge\u00e7irilen prangalardan kurtulmam\u0131z gerekiyor. Ekranlar\u0131n bizi yutmas\u0131na izin vermeden, i\u00e7imize g\u00f6ky\u00fcz\u00fcn\u00fc \u00e7ekebilmemiz, hayata ve canl\u0131l\u0131\u011fa dokunabilmemiz laz\u0131m.\u201d <\/p>\n","protected":false},"excerpt":{"rendered":"<p>Her \u015fey birdenbire oldu! T\u00fcr\u00fcm\u00fcz\u00fcn yery\u00fcz\u00fcndeki istilas\u0131, 2019 sonbahar\u0131nda ba\u015flayan Kovid-19 pandemisiyle, b\u00fct\u00fcn d\u00fcnyadaki toplam a\u011f\u0131rl\u0131\u011f\u0131 1 gram\u0131 bile bulmayan bir vir\u00fcs taraf\u0131ndan ge\u00e7ici olarak durduruldu.<span class=\"excerpt-hellip\"> [\u2026]<\/span><\/p>\n","protected":false},"featured_media":0,"template":"","meta":{"_monsterinsights_skip_tracking":false,"_monsterinsights_sitenote_active":false,"_monsterinsights_sitenote_note":"","_monsterinsights_sitenote_category":0},"product_brand":[],"product_cat":[12358,12357],"product_tag":[],"class_list":{"0":"post-775584","1":"product","2":"type-product","3":"status-publish","5":"product_cat-genel-psikoloji","6":"product_cat-psikoloji","7":"pa_cilt-ciltsiz","8":"pa_tur-kitap","9":"pa_yayinevi-kapi-yayinlari","10":"pa_yazar-kemal-sayar-berna-yilmaz","12":"first","13":"instock","14":"sale","15":"shipping-taxable","16":"purchasable","17":"product-type-simple"},"_links":{"self":[{"href":"https:\/\/roveyayinevi.com.tr\/index.php\/wp-json\/wp\/v2\/product\/775584","targetHints":{"allow":["GET"]}}],"collection":[{"href":"https:\/\/roveyayinevi.com.tr\/index.php\/wp-json\/wp\/v2\/product"}],"about":[{"href":"https:\/\/roveyayinevi.com.tr\/index.php\/wp-json\/wp\/v2\/types\/product"}],"wp:attachment":[{"href":"https:\/\/roveyayinevi.com.tr\/index.php\/wp-json\/wp\/v2\/media?parent=775584"}],"wp:term":[{"taxonomy":"product_brand","embeddable":true,"href":"https:\/\/roveyayinevi.com.tr\/index.php\/wp-json\/wp\/v2\/product_brand?post=775584"},{"taxonomy":"product_cat","embeddable":true,"href":"https:\/\/roveyayinevi.com.tr\/index.php\/wp-json\/wp\/v2\/product_cat?post=775584"},{"taxonomy":"product_tag","embeddable":true,"href":"https:\/\/roveyayinevi.com.tr\/index.php\/wp-json\/wp\/v2\/product_tag?post=775584"}],"curies":[{"name":"wp","href":"https:\/\/api.w.org\/{rel}","templated":true}]}}