{"id":775583,"date":"2025-09-11T02:37:11","date_gmt":"2025-09-10T23:37:11","guid":{"rendered":"https:\/\/roveyayinevi.com.tr\/index.php\/urun\/mucize-rituelleri\/"},"modified":"2026-04-13T02:55:38","modified_gmt":"2026-04-12T23:55:38","slug":"mucize-rituelleri","status":"publish","type":"product","link":"https:\/\/roveyayinevi.com.tr\/index.php\/urun\/mucize-rituelleri\/","title":{"rendered":"Mucize Rit\u00fcelleri"},"content":{"rendered":"<p>\u0130\u00e7inde uyuyan o t\u0131ls\u0131ml\u0131, dev enerjiyi nas\u0131l harekete ge\u00e7irece\u011fini bilmek ister miydin?   Arad\u0131\u011f\u0131n her cevab\u0131 bulaca\u011f\u0131n, kapal\u0131, s\u0131rl\u0131 sand\u0131klara eri\u015fece\u011fin ve kendi mucizeni ba\u015flatarak ya\u015fam yolculu\u011funu en keyifli h\u00e2le getirece\u011fin o sihirli kadim bilgiler \u015fu an elinde!   Bu kitapla yolun kesi\u015ftiyse e\u011fer, bu sana evrenin apa\u00e7\u0131k bir mesaj\u0131d\u0131r. Mesaj, kendin i\u00e7in art\u0131k uyanma ve eyleme ge\u00e7me zaman\u0131n\u0131n geldi\u011fini s\u00f6yl\u00fcyor. Nas\u0131l m\u0131? Seni direkt sonuca g\u00f6t\u00fcrecek t\u00fcm hap bilgiler bu kitapta yaz\u0131l\u0131.   Kitap i\u00e7erisinden yapt\u0131\u011f\u0131n\u0131z her rit\u00fcel, arzunuza g\u00f6re \u015fekillenip hayat\u0131n\u0131z\u0131 g\u00fczelle\u015ftirecek. Haydi, harekete ge\u00e7me vakti!   Bilin\u00e7siz bilincini disipline ederek isteklerine h\u0131zla ula\u015fmak istersen e\u011fer sayfalar\u0131 \u00e7evir ve eyleme ge\u00e7. Ruhunun derinlerinde saklanan k\u0131v\u0131lc\u0131m\u0131 ate\u015fe ver ve harekete ge\u00e7ir.   Mucizelerin uyans\u0131n, kendini ger\u00e7ekle\u015ftir.<\/p>\n","protected":false},"excerpt":{"rendered":"<p>\u0130\u00e7inde uyuyan o t\u0131ls\u0131ml\u0131, dev enerjiyi nas\u0131l harekete ge\u00e7irece\u011fini bilmek ister miydin? Arad\u0131\u011f\u0131n her cevab\u0131 bulaca\u011f\u0131n, kapal\u0131, s\u0131rl\u0131 sand\u0131klara eri\u015fece\u011fin ve kendi mucizeni ba\u015flatarak ya\u015fam yolculu\u011funu<span class=\"excerpt-hellip\"> [\u2026]<\/span><\/p>\n","protected":false},"featured_media":0,"template":"","meta":{"_monsterinsights_skip_tracking":false,"_monsterinsights_sitenote_active":false,"_monsterinsights_sitenote_note":"","_monsterinsights_sitenote_category":0},"product_brand":[],"product_cat":[12364,12376],"product_tag":[],"class_list":{"0":"post-775583","1":"product","2":"type-product","3":"status-publish","5":"product_cat-genel-konular","6":"product_cat-kisisel-gelisim","7":"pa_cilt-ciltsiz","8":"pa_tur-kitap","9":"pa_yayinevi-muptela-yayinevi","10":"pa_yazar-kevser-demet","12":"first","13":"instock","14":"sale","15":"shipping-taxable","16":"purchasable","17":"product-type-simple"},"_links":{"self":[{"href":"https:\/\/roveyayinevi.com.tr\/index.php\/wp-json\/wp\/v2\/product\/775583","targetHints":{"allow":["GET"]}}],"collection":[{"href":"https:\/\/roveyayinevi.com.tr\/index.php\/wp-json\/wp\/v2\/product"}],"about":[{"href":"https:\/\/roveyayinevi.com.tr\/index.php\/wp-json\/wp\/v2\/types\/product"}],"wp:attachment":[{"href":"https:\/\/roveyayinevi.com.tr\/index.php\/wp-json\/wp\/v2\/media?parent=775583"}],"wp:term":[{"taxonomy":"product_brand","embeddable":true,"href":"https:\/\/roveyayinevi.com.tr\/index.php\/wp-json\/wp\/v2\/product_brand?post=775583"},{"taxonomy":"product_cat","embeddable":true,"href":"https:\/\/roveyayinevi.com.tr\/index.php\/wp-json\/wp\/v2\/product_cat?post=775583"},{"taxonomy":"product_tag","embeddable":true,"href":"https:\/\/roveyayinevi.com.tr\/index.php\/wp-json\/wp\/v2\/product_tag?post=775583"}],"curies":[{"name":"wp","href":"https:\/\/api.w.org\/{rel}","templated":true}]}}