{"id":775581,"date":"2025-09-11T02:21:43","date_gmt":"2025-09-10T23:21:43","guid":{"rendered":"https:\/\/roveyayinevi.com.tr\/index.php\/urun\/ragmenciler\/"},"modified":"2026-04-16T02:43:47","modified_gmt":"2026-04-15T23:43:47","slug":"ragmenciler","status":"publish","type":"product","link":"https:\/\/roveyayinevi.com.tr\/index.php\/urun\/ragmenciler\/","title":{"rendered":"Ra\u011fmenciler"},"content":{"rendered":"<p>Hayatta iki t\u00fcrl\u00fc insan vard\u0131r: sayd\u0131c\u0131lar ve ra\u011fmenciler. Sayd\u0131c\u0131lar; \u015fartlar daha farkl\u0131 olsayd\u0131, elinde daha iyi imkan olsayd\u0131, ba\u015fka biri olarak do\u011fsayd\u0131 neler yapabilece\u011fini anlat\u0131r. Sayd\u0131c\u0131lar\u0131n s\u00f6ylenme sebebi, ra\u011fmencilerin ba\u015far\u0131 nedenidir. Ra\u011fmenciler kay\u0131ts\u0131z ve \u015farts\u0131z m\u00fccadele insan\u0131d\u0131r. \u201cYapamazs\u0131n\u201d diyenlere ra\u011fmen, kendi korkular\u0131na ra\u011fmen, engelleyen ailelere ra\u011fmen, duyars\u0131z e\u015flere ra\u011fmen, ayr\u0131mc\u0131l\u0131\u011fa ra\u011fmen, y\u00f6neticilere ra\u011fmen, yoksullu\u011fa ra\u011fmen buz k\u0131ran gemisi gibi ilerler. Bu kitap ra\u011fmenci karakter ve kafa yap\u0131s\u0131n\u0131 anlat\u0131yor. Ac\u0131y\u0131 ak\u0131lla i\u015fleyenlerin, zorluklara g\u00f6\u011f\u00fcs gerenlerin, yedi kez d\u00fc\u015fse de s\u0131rt\u0131 yere gelmeyenlerin hik\u00e2yeleri var. Yazar kritik bir sorunun pe\u015finde: M\u00fccadeleci insanlar, hayat\u0131n en ac\u0131mas\u0131z zorluklar\u0131yla nas\u0131l ba\u015fa \u00e7\u0131k\u0131yor? Diren\u00e7li, dayan\u0131kl\u0131, y\u0131lmayan insanlar\u0131n zihni nas\u0131l \u00e7al\u0131\u015f\u0131r? Hayat \u00fcniversitesi, zorluklarla m\u00fccadele fak\u00fcltesi, azmin zaferi anabilim dal\u0131ndan dersler alacaks\u0131n\u0131z. Hepimiz biraz ra\u011fmenciyiz. Siz nelere ra\u011fmen ba\u015fard\u0131n\u0131z? \u0130leri do\u011fru ko\u015farken sizi geriye \u00e7eken eller kimindi? Herkese ve her \u015feye ra\u011fmen tek bir hayalin pe\u015findeyseniz, bu kitap sizin i\u00e7in. K\u00f6t\u00fc g\u00fcnlerde ruhunuzu y\u00fckseltip, size kim oldu\u011funuzu hat\u0131rlatacak. Destek g\u00f6remeyenler. Kendi g\u00f6be\u011fini kesenler. Boyun e\u011fmeyenler. Ra\u011fmenciler. Bu kitapta birle\u015fin! \u201cYapamazs\u0131n\u201d diyenlerden ba\u015fka kaybedecek kimseniz yok. D\u00fcnyay\u0131 ne kapitalizm kurtaracak ne de sosyalizm, tek kurtulu\u015f yolu var: Ra\u011fmenizm! <\/p>\n","protected":false},"excerpt":{"rendered":"<p>Hayatta iki t\u00fcrl\u00fc insan vard\u0131r: sayd\u0131c\u0131lar ve ra\u011fmenciler. Sayd\u0131c\u0131lar; \u015fartlar daha farkl\u0131 olsayd\u0131, elinde daha iyi imkan olsayd\u0131, ba\u015fka biri olarak do\u011fsayd\u0131 neler yapabilece\u011fini anlat\u0131r. Sayd\u0131c\u0131lar\u0131n<span class=\"excerpt-hellip\"> [\u2026]<\/span><\/p>\n","protected":false},"featured_media":0,"template":"","meta":{"_monsterinsights_skip_tracking":false,"_monsterinsights_sitenote_active":false,"_monsterinsights_sitenote_note":"","_monsterinsights_sitenote_category":0},"product_brand":[],"product_cat":[12364,12376],"product_tag":[],"class_list":{"0":"post-775581","1":"product","2":"type-product","3":"status-publish","5":"product_cat-genel-konular","6":"product_cat-kisisel-gelisim","7":"pa_cilt-ciltsiz","8":"pa_tur-kitap","9":"pa_yayinevi-alfa-yayinlari","10":"pa_yazar-mumin-sekman","12":"first","13":"instock","14":"sale","15":"shipping-taxable","16":"purchasable","17":"product-type-simple"},"_links":{"self":[{"href":"https:\/\/roveyayinevi.com.tr\/index.php\/wp-json\/wp\/v2\/product\/775581","targetHints":{"allow":["GET"]}}],"collection":[{"href":"https:\/\/roveyayinevi.com.tr\/index.php\/wp-json\/wp\/v2\/product"}],"about":[{"href":"https:\/\/roveyayinevi.com.tr\/index.php\/wp-json\/wp\/v2\/types\/product"}],"wp:attachment":[{"href":"https:\/\/roveyayinevi.com.tr\/index.php\/wp-json\/wp\/v2\/media?parent=775581"}],"wp:term":[{"taxonomy":"product_brand","embeddable":true,"href":"https:\/\/roveyayinevi.com.tr\/index.php\/wp-json\/wp\/v2\/product_brand?post=775581"},{"taxonomy":"product_cat","embeddable":true,"href":"https:\/\/roveyayinevi.com.tr\/index.php\/wp-json\/wp\/v2\/product_cat?post=775581"},{"taxonomy":"product_tag","embeddable":true,"href":"https:\/\/roveyayinevi.com.tr\/index.php\/wp-json\/wp\/v2\/product_tag?post=775581"}],"curies":[{"name":"wp","href":"https:\/\/api.w.org\/{rel}","templated":true}]}}