{"id":775580,"date":"2025-09-11T02:18:00","date_gmt":"2025-09-10T23:18:00","guid":{"rendered":"https:\/\/roveyayinevi.com.tr\/index.php\/urun\/tanrinin-ayetlerinin-cozumlenmesi\/"},"modified":"2026-04-16T02:42:53","modified_gmt":"2026-04-15T23:42:53","slug":"tanrinin-ayetlerinin-cozumlenmesi","status":"publish","type":"product","link":"https:\/\/roveyayinevi.com.tr\/index.php\/urun\/tanrinin-ayetlerinin-cozumlenmesi\/","title":{"rendered":"Tanr\u0131&#8217;n\u0131n Ayetlerinin \u00c7\u00f6z\u00fcmlenmesi"},"content":{"rendered":"<p>\u0130slam gibi, \u00fczerinde \u00e7ok\u00e7a ara\u015ft\u0131rmalar yap\u0131lm\u0131\u015f, genellikle yanl\u0131\u015f anla\u015f\u0131lm\u0131\u015f ve bazen de din tarih\u00e7ileri taraf\u0131ndan son derece iptida\u00ee bir din olmakla su\u00e7lanm\u0131\u015f bir dinin farkl\u0131 y\u00f6nlerine dair genel bir bak\u0131\u015f sunmak zor g\u00f6r\u00fcnebilir. Bununla beraber, son y\u0131llarda \u0130slam&#8217;la ilgili bilimsel \u00e7al\u0131\u015fmalar pek \u00e7ok insan\u0131 kendisine \u00e7ekmektedir. Bu \u00e7al\u0131\u015fmalar, \u0130slam d\u00fcnyas\u0131ndakiler kadar, M\u00fcsl\u00fcman n\u00fcfusun gittik\u00e7e artt\u0131\u011f\u0131 di\u011fer b\u00f6lgelerdeki siyasi geli\u015fmeler taraf\u0131ndan da motive edilen \u00e7al\u0131\u015fmalard\u0131r. Bu siyasi ve sosyolojik \u00e7al\u0131\u015fmalar\u0131n \u00e7o\u011funun, \u0130slam\u2019\u0131n \u201cmanevi\u201d de\u011ferleriyle \u00e7ok az ilgili oldu\u011funu belirtmeye gerek yoktur; bunun yerine bu \u00e7al\u0131\u015fmalar, din\u00ee otorite sorunlar\u0131ndan, \u00e7ocuklar\u0131n Orta \u00c7a\u011f \u0130slam toplumundaki konumlar\u0131na; M\u00fcsl\u00fcmanlar\u0131n Bat\u0131 e\u011fitim sistemine verdikleri cevaplardan, sufilerin de\u011fi\u015fen rol\u00fcne; M\u00fcsl\u00fcmanl\u0131\u011f\u0131 se\u00e7me nedenlerinden, Kur\u2019an\u2019da biyosferin formasyon ve fonksiyonuna de\u011fin insan haklar\u0131 ve bunlar\u0131n modern d\u00fcnyada uygulanmas\u0131 meseleleriyle ilgilidir. Buna kar\u015f\u0131n Annemarie Schimmel, bu etkileyici eserinde \u0130slam\u2019\u0131n b\u00e2t\u0131n\u00ee y\u00f6nleri \u00fczerinde durmaya, Kur\u2019an\u2019\u0131n ifadesiyle, sonsuz \u00e7e\u015fitlilikleriyle Tek Ger\u00e7e\u011fe del\u00e2let eden i\u015faret ya da \u201cayet\u201dlerin bir k\u0131sm\u0131n\u0131 \u00e7\u00f6z\u00fcmlemeye \u00e7al\u0131\u015fmaktad\u0131r. <\/p>\n","protected":false},"excerpt":{"rendered":"<p>\u0130slam gibi, \u00fczerinde \u00e7ok\u00e7a ara\u015ft\u0131rmalar yap\u0131lm\u0131\u015f, genellikle yanl\u0131\u015f anla\u015f\u0131lm\u0131\u015f ve bazen de din tarih\u00e7ileri taraf\u0131ndan son derece iptida\u00ee bir din olmakla su\u00e7lanm\u0131\u015f bir dinin farkl\u0131 y\u00f6nlerine<span class=\"excerpt-hellip\"> [\u2026]<\/span><\/p>\n","protected":false},"featured_media":0,"template":"","meta":{"_monsterinsights_skip_tracking":false,"_monsterinsights_sitenote_active":false,"_monsterinsights_sitenote_note":"","_monsterinsights_sitenote_category":0},"product_brand":[],"product_cat":[12718,12719,13025],"product_tag":[],"class_list":{"0":"post-775580","1":"product","2":"type-product","3":"status-publish","5":"product_cat-din","6":"product_cat-islam","7":"product_cat-islam-ve-gunumuz-islam-dusuncesi","8":"pa_cilt-ciltsiz","9":"pa_tur-kitap","10":"pa_yayinevi-albaraka-yayinlari","11":"pa_yazar-annemarie-schimmel","13":"first","14":"instock","15":"sale","16":"shipping-taxable","17":"purchasable","18":"product-type-simple"},"_links":{"self":[{"href":"https:\/\/roveyayinevi.com.tr\/index.php\/wp-json\/wp\/v2\/product\/775580","targetHints":{"allow":["GET"]}}],"collection":[{"href":"https:\/\/roveyayinevi.com.tr\/index.php\/wp-json\/wp\/v2\/product"}],"about":[{"href":"https:\/\/roveyayinevi.com.tr\/index.php\/wp-json\/wp\/v2\/types\/product"}],"wp:attachment":[{"href":"https:\/\/roveyayinevi.com.tr\/index.php\/wp-json\/wp\/v2\/media?parent=775580"}],"wp:term":[{"taxonomy":"product_brand","embeddable":true,"href":"https:\/\/roveyayinevi.com.tr\/index.php\/wp-json\/wp\/v2\/product_brand?post=775580"},{"taxonomy":"product_cat","embeddable":true,"href":"https:\/\/roveyayinevi.com.tr\/index.php\/wp-json\/wp\/v2\/product_cat?post=775580"},{"taxonomy":"product_tag","embeddable":true,"href":"https:\/\/roveyayinevi.com.tr\/index.php\/wp-json\/wp\/v2\/product_tag?post=775580"}],"curies":[{"name":"wp","href":"https:\/\/api.w.org\/{rel}","templated":true}]}}