{"id":775579,"date":"2025-09-11T02:12:45","date_gmt":"2025-09-10T23:12:45","guid":{"rendered":"https:\/\/roveyayinevi.com.tr\/index.php\/urun\/butun-beyinli-cocuk-uygulama-rehberi\/"},"modified":"2026-04-16T02:41:56","modified_gmt":"2026-04-15T23:41:56","slug":"butun-beyinli-cocuk-uygulama-rehberi","status":"publish","type":"product","link":"https:\/\/roveyayinevi.com.tr\/index.php\/urun\/butun-beyinli-cocuk-uygulama-rehberi\/","title":{"rendered":"B\u00fct\u00fcn &#8211; Beyinli \u00c7ocuk Uygulama Rehberi"},"content":{"rendered":"<p>N\u00f6ropsikiyatrist Daniel Siegel ve beyin temelli ebeveynlik uzman\u0131 Tina Payne Bryson, B\u00fct\u00fcn-Beyinli \u00c7ocuk\u2019tan yola \u00e7\u0131karak b\u00fct\u00fcn-beyin ilkelerini uygulama konusunda yard\u0131mc\u0131 olacak bir uygulama rehberi haz\u0131rlad\u0131. B\u00fct\u00fcn-Beyinli \u00c7ocuk Uygulama Rehberi, okurlar\u0131n yaln\u0131zca kendi ebeveynlik yakla\u015f\u0131mlar\u0131n\u0131 daha derinden d\u00fc\u015f\u00fcnmelerini sa\u011flamakla kalm\u0131yor, ayn\u0131 zamanda kitapta yer alan stratejileri hem kendileri hem de \u00e7ocuklar\u0131 \u00fczerinde uygulamak \u00fczere kendilerine \u00f6zel ve pratik yollar geli\u015ftirmelerine ve bu stratejileri hayata ge\u00e7irmelerine olanak tan\u0131yan benzersiz, etkile\u015fimli bir yakla\u015f\u0131m sunuyor.   \u00c7\u00f6z\u00fcm odakl\u0131 ve ya\u015fa \u00f6zel bir\u00e7ok egzersiz ve aktivitenin yer ald\u0131\u011f\u0131 bu kitap, klinisyenler, ebeveynler, e\u011fitimciler, b\u00fcy\u00fckanne-b\u00fcy\u00fckbabalar ve bak\u0131c\u0131lar i\u00e7in uzun y\u0131llar vazge\u00e7ilmez bir ba\u015fucu kitab\u0131 olacak. <\/p>\n","protected":false},"excerpt":{"rendered":"<p>N\u00f6ropsikiyatrist Daniel Siegel ve beyin temelli ebeveynlik uzman\u0131 Tina Payne Bryson, B\u00fct\u00fcn-Beyinli \u00c7ocuk\u2019tan yola \u00e7\u0131karak b\u00fct\u00fcn-beyin ilkelerini uygulama konusunda yard\u0131mc\u0131 olacak bir uygulama rehberi haz\u0131rlad\u0131. B\u00fct\u00fcn-Beyinli<span class=\"excerpt-hellip\"> [\u2026]<\/span><\/p>\n","protected":false},"featured_media":0,"template":"","meta":{"_monsterinsights_skip_tracking":false,"_monsterinsights_sitenote_active":false,"_monsterinsights_sitenote_note":"","_monsterinsights_sitenote_category":0},"product_brand":[],"product_cat":[17996,12364],"product_tag":[],"class_list":{"0":"post-775579","1":"product","2":"type-product","3":"status-publish","5":"product_cat-ebeveyn-kitaplari","6":"product_cat-genel-konular","7":"pa_cilt-ciltsiz","8":"pa_tur-kitap","9":"pa_yayinevi-diyojen-yayincilik","10":"pa_yazar-tina-payne-bryson-dan-siegel","12":"first","13":"instock","14":"sale","15":"shipping-taxable","16":"purchasable","17":"product-type-simple"},"_links":{"self":[{"href":"https:\/\/roveyayinevi.com.tr\/index.php\/wp-json\/wp\/v2\/product\/775579","targetHints":{"allow":["GET"]}}],"collection":[{"href":"https:\/\/roveyayinevi.com.tr\/index.php\/wp-json\/wp\/v2\/product"}],"about":[{"href":"https:\/\/roveyayinevi.com.tr\/index.php\/wp-json\/wp\/v2\/types\/product"}],"wp:attachment":[{"href":"https:\/\/roveyayinevi.com.tr\/index.php\/wp-json\/wp\/v2\/media?parent=775579"}],"wp:term":[{"taxonomy":"product_brand","embeddable":true,"href":"https:\/\/roveyayinevi.com.tr\/index.php\/wp-json\/wp\/v2\/product_brand?post=775579"},{"taxonomy":"product_cat","embeddable":true,"href":"https:\/\/roveyayinevi.com.tr\/index.php\/wp-json\/wp\/v2\/product_cat?post=775579"},{"taxonomy":"product_tag","embeddable":true,"href":"https:\/\/roveyayinevi.com.tr\/index.php\/wp-json\/wp\/v2\/product_tag?post=775579"}],"curies":[{"name":"wp","href":"https:\/\/api.w.org\/{rel}","templated":true}]}}