{"id":775578,"date":"2025-09-11T02:04:55","date_gmt":"2025-09-10T23:04:55","guid":{"rendered":"https:\/\/roveyayinevi.com.tr\/index.php\/urun\/nezaketle-yonetme-sanati\/"},"modified":"2026-04-16T02:40:43","modified_gmt":"2026-04-15T23:40:43","slug":"nezaketle-yonetme-sanati","status":"publish","type":"product","link":"https:\/\/roveyayinevi.com.tr\/index.php\/urun\/nezaketle-yonetme-sanati\/","title":{"rendered":"Nezaketle Y\u00f6netme Sanat\u0131"},"content":{"rendered":"<p>Akademik \u00e7al\u0131\u015fmalar\u0131 ile 50 y\u0131l\u0131 a\u015fk\u0131n zamand\u0131r i\u015f hayat\u0131nda kullan\u0131lan pek \u00e7ok kavram\u0131 literat\u00fcre kazand\u0131ran Edgar H. Schein, kolay okunur bir dille yazd\u0131\u011f\u0131 Nezaketle Y\u00f6netme Sanat\u0131 kitab\u0131nda olumlu ili\u015fkiler kurarak i\u015fletmeleri etkili k\u0131lman\u0131n p\u00fcf noktalar\u0131n\u0131 payla\u015f\u0131yor.Gittik\u00e7e daha karma\u015f\u0131k, \u00e7ok k\u00fclt\u00fcrl\u00fc ve birbirine ba\u011f\u0131ml\u0131 h\u00e2le gelen i\u015f d\u00fcnyas\u0131nda al\u00e7ak g\u00f6n\u00fcll\u00fcl\u00fck ve nezaket; lider, y\u00f6netici, tak\u0131m arkada\u015f\u0131, \u00e7al\u0131\u015fan veya dost olarak g\u00fcvenle, etkili ileti\u015fimle ve olumlu ili\u015fkilerle sa\u011flam bir sosyal a\u011f kurup hedeflerimize ula\u015fmam\u0131z\u0131 sa\u011flayabilir. S\u00f6yleme yakla\u015f\u0131m\u0131n\u0131 soru sorma yakla\u015f\u0131m\u0131 ile de\u011fi\u015ftirerek insan onurunu muhafaza eden ve insanlar\u0131 birbirine yakla\u015ft\u0131ran bir i\u015f hayat\u0131 ve toplumsal hayat in\u015fa edip bunu s\u00fcrd\u00fcrmemiz m\u00fcmk\u00fcn. \u00d6rg\u00fctsel k\u00fclt\u00fcr uzmanlar\u0131ndan Schein bu uygulamas\u0131n\u0131 kolay yakla\u015f\u0131mla, bir k\u00fclt\u00fcr\u00fc de\u011fi\u015ftirebilecek ara\u00e7lar\u0131 g\u00fcnl\u00fck hayattan \u00f6rneklerle ve derinlemesine analiz edilen vaka \u00e7al\u0131\u015fmalar\u0131yla okurlar\u0131na sunuyor.Nezaketle Y\u00f6netme Sanat\u0131, bizim co\u011frafyam\u0131za da \u00e7e\u015fitli k\u00fclt\u00fcr ara\u00e7lar\u0131yla sirayet eden Bat\u0131 k\u00fclt\u00fcr\u00fcn\u00fcn s\u0131k\u0131 bir ele\u015ftirisini yaparken \u00e7\u0131k\u0131\u015f yolunu da ili\u015fkilerimizde al\u00e7ak g\u00f6n\u00fcll\u00fcl\u00fc\u011f\u00fc yayabilecek \u015fekilde g\u00f6steriyor.<\/p>\n","protected":false},"excerpt":{"rendered":"<p>Akademik \u00e7al\u0131\u015fmalar\u0131 ile 50 y\u0131l\u0131 a\u015fk\u0131n zamand\u0131r i\u015f hayat\u0131nda kullan\u0131lan pek \u00e7ok kavram\u0131 literat\u00fcre kazand\u0131ran Edgar H. Schein, kolay okunur bir dille yazd\u0131\u011f\u0131 Nezaketle Y\u00f6netme Sanat\u0131<span class=\"excerpt-hellip\"> [\u2026]<\/span><\/p>\n","protected":false},"featured_media":0,"template":"","meta":{"_monsterinsights_skip_tracking":false,"_monsterinsights_sitenote_active":false,"_monsterinsights_sitenote_note":"","_monsterinsights_sitenote_category":0},"product_brand":[],"product_cat":[13043,19008],"product_tag":[],"class_list":{"0":"post-775578","1":"product","2":"type-product","3":"status-publish","5":"product_cat-ekonomi","6":"product_cat-yonetim","7":"pa_cilt-ciltsiz","8":"pa_tur-kitap","9":"pa_yayinevi-albaraka-yayinlari","10":"pa_yazar-edgar-h-schein","12":"first","13":"instock","14":"sale","15":"shipping-taxable","16":"purchasable","17":"product-type-simple"},"_links":{"self":[{"href":"https:\/\/roveyayinevi.com.tr\/index.php\/wp-json\/wp\/v2\/product\/775578","targetHints":{"allow":["GET"]}}],"collection":[{"href":"https:\/\/roveyayinevi.com.tr\/index.php\/wp-json\/wp\/v2\/product"}],"about":[{"href":"https:\/\/roveyayinevi.com.tr\/index.php\/wp-json\/wp\/v2\/types\/product"}],"wp:attachment":[{"href":"https:\/\/roveyayinevi.com.tr\/index.php\/wp-json\/wp\/v2\/media?parent=775578"}],"wp:term":[{"taxonomy":"product_brand","embeddable":true,"href":"https:\/\/roveyayinevi.com.tr\/index.php\/wp-json\/wp\/v2\/product_brand?post=775578"},{"taxonomy":"product_cat","embeddable":true,"href":"https:\/\/roveyayinevi.com.tr\/index.php\/wp-json\/wp\/v2\/product_cat?post=775578"},{"taxonomy":"product_tag","embeddable":true,"href":"https:\/\/roveyayinevi.com.tr\/index.php\/wp-json\/wp\/v2\/product_tag?post=775578"}],"curies":[{"name":"wp","href":"https:\/\/api.w.org\/{rel}","templated":true}]}}