{"id":775577,"date":"2025-09-11T02:04:52","date_gmt":"2025-09-10T23:04:52","guid":{"rendered":"https:\/\/roveyayinevi.com.tr\/index.php\/urun\/beklenmeyeni-yonetmek\/"},"modified":"2026-04-16T02:40:27","modified_gmt":"2026-04-15T23:40:27","slug":"beklenmeyeni-yonetmek","status":"publish","type":"product","link":"https:\/\/roveyayinevi.com.tr\/index.php\/urun\/beklenmeyeni-yonetmek\/","title":{"rendered":"Beklenmeyeni Y\u00f6netmek"},"content":{"rendered":"<p>Beklenmeyen olaylar her \u015feyi alt\u00fcst edebilir. Beklenmeyen aksakl\u0131klar\u0131 y\u00f6netmek i\u00e7in \u00f6ng\u00f6r\u00fc ve esnekli\u011fin kombinasyonundan olu\u015fan \u201cbilin\u00e7li \u00f6rg\u00fctlenme\u201d ad\u0131n\u0131 verdi\u011fimiz yap\u0131ya ihtiya\u00e7 duyar\u0131z. Bu yap\u0131, g\u00fcvenilirli\u011fi y\u00fcksek \u00f6rg\u00fctlere (GY\u00d6\u2019ler) dair yap\u0131lan ilk \u00e7al\u0131\u015fmalarda belirgin de\u011fildi. \u00c7e\u015fitli \u00f6rg\u00fctler \u00fczerinde yap\u0131lan ara\u015ft\u0131rmalar, bu yap\u0131y\u0131 belirgin k\u0131lsa da meydana gelen art\u0131\u015f, ilgili temel s\u00fcre\u00e7ler hakk\u0131ndaki anlay\u0131\u015f\u0131m\u0131z\u0131 tamam\u0131yla derinle\u015ftirmedi. Bu muhakeme, bir ele\u015ftiri s\u00fcrecinden ziyade bir ni\u015fin tespitidir.Bu eser, bankac\u0131l\u0131k, m\u00fcze k\u00fcrat\u00f6rl\u00fc\u011f\u00fc, g\u00f6r\u00fcnmeyen (latent) parmak izi tan\u0131ma, pilotluk ve otomobil \u00fcretimi gibi alanlarda g\u00fcvenilirli\u011fi y\u00fcksek \u00f6rg\u00fctlenme unsurlar\u0131n\u0131 a\u00e7\u0131\u011fa \u00e7\u0131kararak mevcut \u00e7e\u015fitlili\u011fe katk\u0131da bulunuyor. Ayr\u0131ca ba\u015far\u0131s\u0131zl\u0131k, basitle\u015ftirme, i\u015fleyi\u015f, esneklik ve uzmanl\u0131k \u00fczerine kurulu be\u015f prensibin karma\u015f\u0131kl\u0131\u011f\u0131n\u0131 da tart\u0131\u015f\u0131yor. Kolektif ba\u011fl\u0131l\u0131k ve yeterlilik ile beklenmeyen kar\u015f\u0131s\u0131nda bu be\u015f prensibi uygulamak, performans\u0131 s\u00fcrd\u00fcrme noktas\u0131nda \u00f6rg\u00fctlenmek i\u00e7in gerekli g\u00f6r\u00fcl\u00fcyor. Beklenmeyeni y\u00f6netmek, bir \u00e7izelge takip etmek kadar basit bir i\u015f de\u011fil; \u00e2deta bir idare etme sanat\u0131\u2026<\/p>\n","protected":false},"excerpt":{"rendered":"<p>Beklenmeyen olaylar her \u015feyi alt\u00fcst edebilir. Beklenmeyen aksakl\u0131klar\u0131 y\u00f6netmek i\u00e7in \u00f6ng\u00f6r\u00fc ve esnekli\u011fin kombinasyonundan olu\u015fan \u201cbilin\u00e7li \u00f6rg\u00fctlenme\u201d ad\u0131n\u0131 verdi\u011fimiz yap\u0131ya ihtiya\u00e7 duyar\u0131z. Bu yap\u0131, g\u00fcvenilirli\u011fi y\u00fcksek<span class=\"excerpt-hellip\"> [\u2026]<\/span><\/p>\n","protected":false},"featured_media":0,"template":"","meta":{"_monsterinsights_skip_tracking":false,"_monsterinsights_sitenote_active":false,"_monsterinsights_sitenote_note":"","_monsterinsights_sitenote_category":0},"product_brand":[],"product_cat":[13043,19008],"product_tag":[],"class_list":{"0":"post-775577","1":"product","2":"type-product","3":"status-publish","5":"product_cat-ekonomi","6":"product_cat-yonetim","7":"pa_cilt-ciltsiz","8":"pa_tur-kitap","9":"pa_yayinevi-albaraka-yayinlari","10":"pa_yazar-karl-e-weick-kathleen-m-sutcliffe","12":"first","13":"instock","14":"sale","15":"shipping-taxable","16":"purchasable","17":"product-type-simple"},"_links":{"self":[{"href":"https:\/\/roveyayinevi.com.tr\/index.php\/wp-json\/wp\/v2\/product\/775577","targetHints":{"allow":["GET"]}}],"collection":[{"href":"https:\/\/roveyayinevi.com.tr\/index.php\/wp-json\/wp\/v2\/product"}],"about":[{"href":"https:\/\/roveyayinevi.com.tr\/index.php\/wp-json\/wp\/v2\/types\/product"}],"wp:attachment":[{"href":"https:\/\/roveyayinevi.com.tr\/index.php\/wp-json\/wp\/v2\/media?parent=775577"}],"wp:term":[{"taxonomy":"product_brand","embeddable":true,"href":"https:\/\/roveyayinevi.com.tr\/index.php\/wp-json\/wp\/v2\/product_brand?post=775577"},{"taxonomy":"product_cat","embeddable":true,"href":"https:\/\/roveyayinevi.com.tr\/index.php\/wp-json\/wp\/v2\/product_cat?post=775577"},{"taxonomy":"product_tag","embeddable":true,"href":"https:\/\/roveyayinevi.com.tr\/index.php\/wp-json\/wp\/v2\/product_tag?post=775577"}],"curies":[{"name":"wp","href":"https:\/\/api.w.org\/{rel}","templated":true}]}}