{"id":775576,"date":"2025-09-11T01:57:38","date_gmt":"2025-09-10T22:57:38","guid":{"rendered":"https:\/\/roveyayinevi.com.tr\/index.php\/urun\/vakif-kurulurken\/"},"modified":"2026-04-16T02:39:45","modified_gmt":"2026-04-15T23:39:45","slug":"vakif-kurulurken","status":"publish","type":"product","link":"https:\/\/roveyayinevi.com.tr\/index.php\/urun\/vakif-kurulurken\/","title":{"rendered":"Vak\u0131f Kurulurken"},"content":{"rendered":"<p>Hugo T\u00fcm Zamanlar\u0131n En \u0130yi Serisi \u00d6d\u00fcl\u00fc1941 y\u0131l\u0131nda gen\u00e7 bir biliminsan\u0131 ve yazar olarak Isaac Asimov, Edward Gibbon\u2019\u0131n yazd\u0131\u011f\u0131 Roma \u0130mparatorlu\u011fu\u2019nun Gerileyi\u015f ve \u00c7\u00f6k\u00fc\u015f Tarihi\u2019nden etkilenerek \u00e7a\u011f\u0131n\u0131n \u00e7ok \u00f6tesinde bir destan yazd\u0131: Galaktik \u0130mparatorluk\u2019un \u00e7\u00f6k\u00fc\u015f\u00fc ve feodalizmin d\u00f6n\u00fc\u015f\u00fc, \u0130kinci Galaktik \u0130mparatorluk d\u00f6nemindeki g\u00fcvenli ortamdan ge\u00e7mi\u015fe bakan bir bak\u0131\u015f a\u00e7\u0131s\u0131yla anlat\u0131ld\u0131. \u0130\u015fte bu s\u00fcre\u00e7 sonucunda \u201cTarih tahmin edilebilir mi?\u201d, \u201cToplum nas\u0131l y\u00f6netilmeli?\u201d ya da \u201c\u0130mparatorluklar neden y\u00fckselir ve \u00e7\u00f6ker?\u201d gibi sorular\u0131 sormaktan \u00e7ekinmeyen destans\u0131 Vak\u0131f Serisi ortaya \u00e7\u0131kt\u0131.Y\u0131l 12,020 GD ve Trantor\u2019daki taht\u0131nda \u0130mparator I. Cleon huzursuz. Galaktik \u0130mparatorluk\u2019un \u00e7\u00f6kmeye ba\u015flad\u0131\u011f\u0131 dedikodular\u0131 her yerde yank\u0131lan\u0131yor. Cleon\u2019un, kendisini tahttan indirmek isteyen has\u0131mlar\u0131n\u0131 alt etmek ve \u0130mparatorluk\u2019u eski g\u00fcnlerine kavu\u015fturmak i\u00e7in bir \u015feye ihtiyac\u0131 var: Gelece\u011fi tahmin etmek.  Bu s\u0131rada, matematik\u00e7i Hari Seldon, psikotarih bilimini a\u00e7\u0131klad\u0131\u011f\u0131 makalesiyle \u0130mparator\u2019un dikkatini \u00e7ekecek. Hem \u0130mparatorluk g\u00fc\u00e7leri hem de taht\u0131 isteyenlerin pe\u015fine d\u00fc\u015fmesiyle birden ka\u00e7ak durumuna gelen Seldon, Chetter Hummin ad\u0131ndaki gizemli bir adam\u0131n yard\u0131m\u0131yla \u015fehirden \u015fehre yolculuk ederek \u00f6zg\u00fcrl\u00fc\u011f\u00fcn\u00fc s\u00fcrd\u00fcrmeye ve insanl\u0131\u011f\u0131n kaderini belirleyecek nihai \u00e7\u00f6z\u00fcm\u00fc geli\u015ftirmeye \u00e7al\u0131\u015facak: Vak\u0131f\u2019\u0131. <\/p>\n","protected":false},"excerpt":{"rendered":"<p>Hugo T\u00fcm Zamanlar\u0131n En \u0130yi Serisi \u00d6d\u00fcl\u00fc1941 y\u0131l\u0131nda gen\u00e7 bir biliminsan\u0131 ve yazar olarak Isaac Asimov, Edward Gibbon\u2019\u0131n yazd\u0131\u011f\u0131 Roma \u0130mparatorlu\u011fu\u2019nun Gerileyi\u015f ve \u00c7\u00f6k\u00fc\u015f Tarihi\u2019nden etkilenerek<span class=\"excerpt-hellip\"> [\u2026]<\/span><\/p>\n","protected":false},"featured_media":0,"template":"","meta":{"_monsterinsights_skip_tracking":false,"_monsterinsights_sitenote_active":false,"_monsterinsights_sitenote_note":"","_monsterinsights_sitenote_category":0},"product_brand":[],"product_cat":[12540,12291],"product_tag":[],"class_list":{"0":"post-775576","1":"product","2":"type-product","3":"status-publish","5":"product_cat-bilim-kurgu","6":"product_cat-edebiyat","7":"pa_cilt-ciltsiz","8":"pa_tur-kitap","9":"pa_yayinevi-ithaki-yayinlari","10":"pa_yazar-isaac-asimov","12":"first","13":"instock","14":"sale","15":"shipping-taxable","16":"purchasable","17":"product-type-simple"},"_links":{"self":[{"href":"https:\/\/roveyayinevi.com.tr\/index.php\/wp-json\/wp\/v2\/product\/775576","targetHints":{"allow":["GET"]}}],"collection":[{"href":"https:\/\/roveyayinevi.com.tr\/index.php\/wp-json\/wp\/v2\/product"}],"about":[{"href":"https:\/\/roveyayinevi.com.tr\/index.php\/wp-json\/wp\/v2\/types\/product"}],"wp:attachment":[{"href":"https:\/\/roveyayinevi.com.tr\/index.php\/wp-json\/wp\/v2\/media?parent=775576"}],"wp:term":[{"taxonomy":"product_brand","embeddable":true,"href":"https:\/\/roveyayinevi.com.tr\/index.php\/wp-json\/wp\/v2\/product_brand?post=775576"},{"taxonomy":"product_cat","embeddable":true,"href":"https:\/\/roveyayinevi.com.tr\/index.php\/wp-json\/wp\/v2\/product_cat?post=775576"},{"taxonomy":"product_tag","embeddable":true,"href":"https:\/\/roveyayinevi.com.tr\/index.php\/wp-json\/wp\/v2\/product_tag?post=775576"}],"curies":[{"name":"wp","href":"https:\/\/api.w.org\/{rel}","templated":true}]}}