{"id":775575,"date":"2025-09-11T01:42:16","date_gmt":"2025-09-10T22:42:16","guid":{"rendered":"https:\/\/roveyayinevi.com.tr\/index.php\/urun\/gercek-taniklarla-akran-zorbaligi\/"},"modified":"2026-04-16T02:37:05","modified_gmt":"2026-04-15T23:37:05","slug":"gercek-taniklarla-akran-zorbaligi","status":"publish","type":"product","link":"https:\/\/roveyayinevi.com.tr\/index.php\/urun\/gercek-taniklarla-akran-zorbaligi\/","title":{"rendered":"Ger\u00e7ek Tan\u0131klarla Akran Zorbal\u0131\u011f\u0131"},"content":{"rendered":"<p>Sevgili Bilge \u00c7evik bu kitab\u0131yla, gelecekte g\u00f6lgesini c\u00f6mert\u00e7e evlatlar\u0131m\u0131za sunacak bir a\u011fac\u0131n fidan\u0131n\u0131 dikti. \u0130nsanl\u0131\u011f\u0131n en temel meselelerinin k\u00f6keninde yatan zorbal\u0131\u011f\u0131 \u015fefkatle ve bu denli yal\u0131n bir dilde okumak ne ho\u015f.\u201d -\u0130rem Polat Klinik Psikolog, \u00c7ift ve Aile Terapisti  \u201cBilge \u00c7evik, bu kitapta zorbal\u0131k sorununu T\u00fcrkiye\u2019de ender bulunan bir derinlikle ele alm\u0131\u015f. Zorbal\u0131\u011f\u0131n yeti\u015fkinlerden \u00e7ocuklara intikal eden duygular sonucunda nas\u0131l ortaya \u00e7\u0131kt\u0131\u011f\u0131n\u0131, e\u011fitim kurumlar\u0131n\u0131n adlar\u0131n\u0131 lekelememe kayg\u0131s\u0131yla zorbal\u0131\u011f\u0131n k\u00f6kl\u00fc bir k\u00fclt\u00fcre d\u00f6n\u00fc\u015fmesine nas\u0131l g\u00f6z yumduklar\u0131n\u0131 ger\u00e7ek ve g\u00fcncel tan\u0131kl\u0131klarla cesurca g\u00f6stermi\u015f. Bununla da yetinmeden, biz yeti\u015fkinlere ad\u0131m ad\u0131m \u00e7\u00f6z\u00fcme giden yollar\u0131 g\u00f6stermi\u015f, hem \u00f6\u011frenci hem ebeveyn hem de e\u011fitmenler i\u00e7in zorbal\u0131kla alakal\u0131 ba\u015fucundan eksik edilmeyecek bir kitap!\u201d -G\u00fcl\u00fc\u015f G. T\u00fcrkmen S\u00fcrd\u00fcr\u00fclebilir \u0130yi Ebeveynlik Felsefesi Kurucusu, Ara\u015ft\u0131rmac\u0131, Yazar  \u201cHem ki\u015filik psikolojisi hem de sosyal psikolojinin kesi\u015fti\u011fi \u00f6nemli \u00e7al\u0131\u015fma alanlar\u0131ndan biri olan akran zorbal\u0131\u011f\u0131n\u0131n, etkileri de sebepleri de ki\u015fisel olmaktan \u00e7ok uzakt\u0131r. Gen\u00e7 meslekta\u015flar\u0131mdan Bilge \u00c7evik\u2019in, hem k\u0131vrakl\u0131k dolu bir zihinsel olgunlukla bilimsel bilgileri birle\u015ftirmesi hem de enerjisi ve yal\u0131n \u00fcslubuyla bu bilgileri ger\u00e7ek ya\u015fam hik\u00e2yeleriyle sentezlemesiyle bu kitap ortaya \u00e7\u0131km\u0131\u015ft\u0131r. Ma\u011fdurdan zorbaya aileden tan\u0131klara ve son olarak da okuldan topluma t\u00fcm payda\u015flar\u0131 ele al\u0131\u015f\u0131yla, konunun b\u00fct\u00fcnl\u00fc\u011f\u00fcn\u00fc kavramak \u00e7ok daha kolayla\u015f\u0131yor. Kitapta da g\u00f6r\u00fclece\u011fi \u00fczere zorbal\u0131k, neden sadece o ki\u015finin, \u015fu ailenin, bu okulun ya da \u00f6teki mahallenin de\u011fil de hepimizin meselesiymi\u015f, Bilge \u00c7evik gen\u00e7 bir solukla ve \u00e7evik bir ustal\u0131kla anlatm\u0131\u015f. Keyifli okumalar!\u201d -Dr. \u00d6zge Kanta\u015f Sosyal Psikolog, Psikodramatist  \u201cZorbal\u0131k, \u00fczerinde d\u00fc\u015f\u00fcnmeye ve konu\u015fmaya kolayca cesaret edemedi\u011fimiz bir konu. Bilge \u00c7evik kitab\u0131nda zorbal\u0131\u011f\u0131 ve zorbal\u0131\u011fa maruz kalmay\u0131 bilimsel kan\u0131tlara dayanarak cesurca anlatm\u0131\u015f. Zorbal\u0131k, bir toplum meselesidir. Bu meseleyle ilgili geni\u015f bir rehber niteli\u011finde olacak olduk\u00e7a kapsaml\u0131 bir kayna\u011f\u0131m\u0131z var art\u0131k.\u201d <\/p>\n","protected":false},"excerpt":{"rendered":"<p>Sevgili Bilge \u00c7evik bu kitab\u0131yla, gelecekte g\u00f6lgesini c\u00f6mert\u00e7e evlatlar\u0131m\u0131za sunacak bir a\u011fac\u0131n fidan\u0131n\u0131 dikti. \u0130nsanl\u0131\u011f\u0131n en temel meselelerinin k\u00f6keninde yatan zorbal\u0131\u011f\u0131 \u015fefkatle ve bu denli yal\u0131n<span class=\"excerpt-hellip\"> [\u2026]<\/span><\/p>\n","protected":false},"featured_media":0,"template":"","meta":{"_monsterinsights_skip_tracking":false,"_monsterinsights_sitenote_active":false,"_monsterinsights_sitenote_note":"","_monsterinsights_sitenote_category":0},"product_brand":[],"product_cat":[12831,12324],"product_tag":[],"class_list":{"0":"post-775575","1":"product","2":"type-product","3":"status-publish","5":"product_cat-aile-ve-cocuk","6":"product_cat-sosyoloji","7":"pa_cilt-ciltsiz","8":"pa_tur-kitap","9":"pa_yayinevi-sola-unitas","10":"pa_yazar-bilge-cevik","12":"first","13":"instock","14":"sale","15":"shipping-taxable","16":"purchasable","17":"product-type-simple"},"_links":{"self":[{"href":"https:\/\/roveyayinevi.com.tr\/index.php\/wp-json\/wp\/v2\/product\/775575","targetHints":{"allow":["GET"]}}],"collection":[{"href":"https:\/\/roveyayinevi.com.tr\/index.php\/wp-json\/wp\/v2\/product"}],"about":[{"href":"https:\/\/roveyayinevi.com.tr\/index.php\/wp-json\/wp\/v2\/types\/product"}],"wp:attachment":[{"href":"https:\/\/roveyayinevi.com.tr\/index.php\/wp-json\/wp\/v2\/media?parent=775575"}],"wp:term":[{"taxonomy":"product_brand","embeddable":true,"href":"https:\/\/roveyayinevi.com.tr\/index.php\/wp-json\/wp\/v2\/product_brand?post=775575"},{"taxonomy":"product_cat","embeddable":true,"href":"https:\/\/roveyayinevi.com.tr\/index.php\/wp-json\/wp\/v2\/product_cat?post=775575"},{"taxonomy":"product_tag","embeddable":true,"href":"https:\/\/roveyayinevi.com.tr\/index.php\/wp-json\/wp\/v2\/product_tag?post=775575"}],"curies":[{"name":"wp","href":"https:\/\/api.w.org\/{rel}","templated":true}]}}