{"id":775574,"date":"2025-09-11T00:53:12","date_gmt":"2025-09-10T21:53:12","guid":{"rendered":"https:\/\/roveyayinevi.com.tr\/index.php\/urun\/bilgi-kupu-4-siniflar-icin-akil-oyunlari\/"},"modified":"2026-04-16T02:29:23","modified_gmt":"2026-04-15T23:29:23","slug":"bilgi-kupu-4-siniflar-icin-akil-oyunlari","status":"publish","type":"product","link":"https:\/\/roveyayinevi.com.tr\/index.php\/urun\/bilgi-kupu-4-siniflar-icin-akil-oyunlari\/","title":{"rendered":"Bilgi K\u00fcp\u00fc 4. S\u0131n\u0131flar \u0130\u00e7in Ak\u0131l Oyunlar\u0131"},"content":{"rendered":"<p>Kolaydan zora do\u011fru d\u00fczenlenen d\u00fc\u015f\u00fcnd\u00fcr\u00fcc\u00fc sorular. Baz\u0131 sorular\u0131 basit y\u00f6ntemlerle \u00e7\u00f6zecek, baz\u0131lar\u0131 i\u00e7in pratik \u00e7\u00f6z\u00fcm yollar\u0131 geli\u015ftireceksiniz. Sizi zorlayan sorular\u0131 \u00e7\u00f6zmek i\u00e7inse bilinenin d\u0131\u015f\u0131nda y\u00f6ntemler ke\u015ffetmeniz gerekecek. Ama her \u015feyden \u00f6nemlisi her soruda akl\u0131n\u0131z\u0131 kullanacaks\u0131n\u0131z.<\/p>\n","protected":false},"excerpt":{"rendered":"<p>Kolaydan zora do\u011fru d\u00fczenlenen d\u00fc\u015f\u00fcnd\u00fcr\u00fcc\u00fc sorular. Baz\u0131 sorular\u0131 basit y\u00f6ntemlerle \u00e7\u00f6zecek, baz\u0131lar\u0131 i\u00e7in pratik \u00e7\u00f6z\u00fcm yollar\u0131 geli\u015ftireceksiniz. Sizi zorlayan sorular\u0131 \u00e7\u00f6zmek i\u00e7inse bilinenin d\u0131\u015f\u0131nda y\u00f6ntemler ke\u015ffetmeniz<span class=\"excerpt-hellip\"> [\u2026]<\/span><\/p>\n","protected":false},"featured_media":0,"template":"","meta":{"_monsterinsights_skip_tracking":false,"_monsterinsights_sitenote_active":false,"_monsterinsights_sitenote_note":"","_monsterinsights_sitenote_category":0},"product_brand":[],"product_cat":[12566,45576,42911,13473],"product_tag":[],"class_list":{"0":"post-775574","1":"product","2":"type-product","3":"status-publish","5":"product_cat-egitim","6":"product_cat-ilkogretim-4-sinif","7":"product_cat-ilkogretim-yardimci-kitaplar","8":"product_cat-sinavlara-hazirlik-okula-yardimci-kaynaklar","9":"pa_cilt-ciltsiz","10":"pa_tur-kitap","11":"pa_yayinevi-bilgi-kupu","12":"pa_yazar-tayfun-yalcintas","14":"first","15":"instock","16":"sale","17":"shipping-taxable","18":"purchasable","19":"product-type-simple"},"_links":{"self":[{"href":"https:\/\/roveyayinevi.com.tr\/index.php\/wp-json\/wp\/v2\/product\/775574","targetHints":{"allow":["GET"]}}],"collection":[{"href":"https:\/\/roveyayinevi.com.tr\/index.php\/wp-json\/wp\/v2\/product"}],"about":[{"href":"https:\/\/roveyayinevi.com.tr\/index.php\/wp-json\/wp\/v2\/types\/product"}],"wp:attachment":[{"href":"https:\/\/roveyayinevi.com.tr\/index.php\/wp-json\/wp\/v2\/media?parent=775574"}],"wp:term":[{"taxonomy":"product_brand","embeddable":true,"href":"https:\/\/roveyayinevi.com.tr\/index.php\/wp-json\/wp\/v2\/product_brand?post=775574"},{"taxonomy":"product_cat","embeddable":true,"href":"https:\/\/roveyayinevi.com.tr\/index.php\/wp-json\/wp\/v2\/product_cat?post=775574"},{"taxonomy":"product_tag","embeddable":true,"href":"https:\/\/roveyayinevi.com.tr\/index.php\/wp-json\/wp\/v2\/product_tag?post=775574"}],"curies":[{"name":"wp","href":"https:\/\/api.w.org\/{rel}","templated":true}]}}