{"id":775573,"date":"2025-09-11T00:36:53","date_gmt":"2025-09-10T21:36:53","guid":{"rendered":"https:\/\/roveyayinevi.com.tr\/index.php\/urun\/alti-masal-ustu-masal\/"},"modified":"2026-04-16T02:26:54","modified_gmt":"2026-04-15T23:26:54","slug":"alti-masal-ustu-masal","status":"publish","type":"product","link":"https:\/\/roveyayinevi.com.tr\/index.php\/urun\/alti-masal-ustu-masal\/","title":{"rendered":"Alt\u0131 Masal \u00dcst\u00fc Masal"},"content":{"rendered":"<p>Kim demi\u015f niye demi\u015f, bu masal\u0131 kim dinlemi\u015f?Ayla \u00c7\u0131naro\u011flu\u2019nun sihirli dizeleri, Mustafa Delio\u011flu\u2019nun \u00e7izgi ve renkleriyle tad\u0131na doyulmaz bir anlat\u0131 \u015f\u00f6leni sunan Alt\u0131 Masal \u00dcst\u00fc Masal, ikilinin daha \u00f6nce ayr\u0131 kitaplar halinde okurla bulu\u015fan alt\u0131 ba\u011f\u0131ms\u0131z ve \u00f6zg\u00fcn masal\u0131n\u0131 tek bir kitapta bulu\u015fturuyor.Dokuz ya\u015f ve \u00fczeri masalseverleri, geleneksellikten evrenselli\u011fe uzanan gizemli bir masal evrenine konuk eden bu s\u00fcr\u00fckleyici kitap; zaman zaman i\u00e7inde, d\u00fc\u015f\u00fcn ger\u00e7e\u011fe kar\u0131\u015ft\u0131\u011f\u0131 ola\u011fan\u00fcst\u00fc bir d\u00fcnya resmediyor.\u00d6zenli dili ve etkileyici \u00fcslubuyla t\u00fcr\u00fcn\u00fcn en nitelikli yap\u0131tlar\u0131 aras\u0131nda g\u00f6sterilebilecek Alt\u0131 Masal \u00dcst\u00fc Masal, etik ve insani de\u011ferlere yapt\u0131\u011f\u0131 g\u00fcncel g\u00f6ndermelerle okurunu uzun uzun d\u00fc\u015f\u00fcnd\u00fcr\u00fcyor.\u201cMasal bu ya, bir zamanlar bir sihirbaz varm\u0131\u015f. Her parma\u011f\u0131nda bin beceri, her s\u00f6zc\u00fc\u011f\u00fcnde bir sihir&#8230; O sahneye \u00e7\u0131kt\u0131 m\u0131 hayretle a\u00e7\u0131l\u0131rm\u0131\u015f g\u00f6zler, tutulurmu\u015f diller, ses soluk kesilirmi\u015f.\u201d\u201cAlt\u0131 \u00fcst\u00fc masal can\u0131m,\u201d deyip ge\u00e7meyin,D\u00fc\u015f ekmeden sak\u0131n ola niyet bi\u00e7meyin.Gelin masal\u0131m\u0131za kulak verip, \u015ferre d\u00fc\u015fmeyin,Siz siz olun \u201cvar\u201d\u0131n \u201cyok\u201dtan do\u011fdu\u011fu masallardan \u015fa\u015fmay\u0131n!<\/p>\n","protected":false},"excerpt":{"rendered":"<p>Kim demi\u015f niye demi\u015f, bu masal\u0131 kim dinlemi\u015f?Ayla \u00c7\u0131naro\u011flu\u2019nun sihirli dizeleri, Mustafa Delio\u011flu\u2019nun \u00e7izgi ve renkleriyle tad\u0131na doyulmaz bir anlat\u0131 \u015f\u00f6leni sunan Alt\u0131 Masal \u00dcst\u00fc Masal,<span class=\"excerpt-hellip\"> [\u2026]<\/span><\/p>\n","protected":false},"featured_media":0,"template":"","meta":{"_monsterinsights_skip_tracking":false,"_monsterinsights_sitenote_active":false,"_monsterinsights_sitenote_note":"","_monsterinsights_sitenote_category":0},"product_brand":[],"product_cat":[12274,12523],"product_tag":[],"class_list":{"0":"post-775573","1":"product","2":"type-product","3":"status-publish","5":"product_cat-cocuk-ve-genclik-kitaplari","6":"product_cat-masallar","7":"pa_cilt-ciltsiz","8":"pa_tur-kitap","9":"pa_yayinevi-tudem-yayinlari","10":"pa_yazar-ayla-cinaroglu","12":"first","13":"instock","14":"sale","15":"shipping-taxable","16":"purchasable","17":"product-type-simple"},"_links":{"self":[{"href":"https:\/\/roveyayinevi.com.tr\/index.php\/wp-json\/wp\/v2\/product\/775573","targetHints":{"allow":["GET"]}}],"collection":[{"href":"https:\/\/roveyayinevi.com.tr\/index.php\/wp-json\/wp\/v2\/product"}],"about":[{"href":"https:\/\/roveyayinevi.com.tr\/index.php\/wp-json\/wp\/v2\/types\/product"}],"wp:attachment":[{"href":"https:\/\/roveyayinevi.com.tr\/index.php\/wp-json\/wp\/v2\/media?parent=775573"}],"wp:term":[{"taxonomy":"product_brand","embeddable":true,"href":"https:\/\/roveyayinevi.com.tr\/index.php\/wp-json\/wp\/v2\/product_brand?post=775573"},{"taxonomy":"product_cat","embeddable":true,"href":"https:\/\/roveyayinevi.com.tr\/index.php\/wp-json\/wp\/v2\/product_cat?post=775573"},{"taxonomy":"product_tag","embeddable":true,"href":"https:\/\/roveyayinevi.com.tr\/index.php\/wp-json\/wp\/v2\/product_tag?post=775573"}],"curies":[{"name":"wp","href":"https:\/\/api.w.org\/{rel}","templated":true}]}}