{"id":775569,"date":"2025-09-11T00:12:51","date_gmt":"2025-09-10T21:12:51","guid":{"rendered":"https:\/\/roveyayinevi.com.tr\/index.php\/urun\/fare-ile-dag\/"},"modified":"2026-04-16T02:23:26","modified_gmt":"2026-04-15T23:23:26","slug":"fare-ile-dag","status":"publish","type":"product","link":"https:\/\/roveyayinevi.com.tr\/index.php\/urun\/fare-ile-dag\/","title":{"rendered":"Fare ile Da\u011f"},"content":{"rendered":"<p>rmans\u0131zla\u015fmayla harap olmu\u015f bir halk\u0131n yard\u0131m \u00e7a\u011fr\u0131s\u0131na kulak verin!Naif \u00f6yk\u00fcs\u00fc, stilize resimleri ve farkl\u0131 tasar\u0131m\u0131yla dikkat \u00e7eken Fare ile Da\u011f, 20. y\u00fczy\u0131l\u0131n en \u00f6nemli entelekt\u00fcellerinden Antonio Gramsci\u2019nin, e\u015fine yazd\u0131\u011f\u0131 1 Haziran 1931 tarihli mektuptan yola \u00e7\u0131k\u0131larak uyarlanm\u0131\u015f \u00f6zel bir kitap.T\u00fcrk\u00e7edeki \u201cKom\u015fu kom\u015fu!\u201d tekerlemesini and\u0131ran Fare ile Da\u011f, sava\u015f nedeniyle do\u011fas\u0131 tahrip olmu\u015f bir k\u00f6y\u00fcn dayan\u0131\u015fmas\u0131n\u0131 ve elbirli\u011fiyle yeniden eski bereketli g\u00fcnlerine d\u00f6nme m\u00fccadelesini konu ediniyor.Desen taraf\u0131ndan ilk kez T\u00fcrk\u00e7ede yay\u0131mlanan Fare ile Da\u011f, al\u0131\u015f\u0131lm\u0131\u015f\u0131n d\u0131\u015f\u0131ndaki \u00f6l\u00e7\u00fcleri, yukar\u0131dan a\u00e7\u0131lan kapa\u011f\u0131 ve dikey resimleriyle her ya\u015ftan kitapsever i\u00e7in s\u0131rad\u0131\u015f\u0131 bir okuma deneyimi sunuyor.Antonio Gramsci\u2019nin, \u00e7ocuklar\u0131na anlatmas\u0131 i\u00e7in kar\u0131s\u0131 Gulia\u2019ya yazd\u0131\u011f\u0131 mektuplardan birinde s\u00f6z etti\u011fi bir halk masal\u0131na dayanan Fare ile Da\u011f\u2019da, bir \u00e7ocuk uyumaktad\u0131r. Yan\u0131nda, hemen uyand\u0131\u011f\u0131nda i\u00e7mesi i\u00e7in b\u00fcy\u00fck bir bardak s\u00fct vard\u0131r. Fakat \u00e7ocuk uyurken, s\u00fct\u00fc fare i\u00e7er. \u00c7ocuk uyan\u0131p da s\u00fct\u00fc bulamay\u0131nca a\u011flar; buna \u00fcz\u00fclen fare s\u00fct bulabilmek i\u00e7in ke\u00e7iye gider. Ke\u00e7i de ona yiyecek ot bulabilirse s\u00fct verebilece\u011fini s\u00f6yler. Fare bu sefer ot bulabilmek i\u00e7in k\u0131rlara do\u011fru yola koyulur, ancak ne yaz\u0131k ki kurakl\u0131ktan kavrulmu\u015f otlak suya muhta\u00e7t\u0131r. Bunu g\u00f6ren fare solu\u011fu \u00e7e\u015fmede al\u0131r. Sava\u015fta viran olmu\u015f \u00e7e\u015fmedeki su ise g\u00fcnlerdir bo\u015fa akmaktad\u0131r\u2026 Acaba fare, t\u00fcm bu olumsuzluklara ra\u011fmen k\u00fc\u00e7\u00fck \u00e7ocu\u011fa s\u00fct bulabilecek midir?Sava\u015f\u0131n tahripk\u00e2r etkilerinin do\u011faya yans\u0131malar\u0131n\u0131 \u00e7arp\u0131c\u0131 bir \u00fcslupla betimleyen Fare ile Da\u011f, tabiat d\u00f6ng\u00fcs\u00fcne ve dayan\u0131\u015fman\u0131n \u00f6nemine dikkat \u00e7ekiyor.Antonio Gramsci, do\u011faya duyarl\u0131 herkesi bu kitab\u0131 okumaya ve \u00e7ocuklara anlatmaya davet ediyor\u2026<\/p>\n","protected":false},"excerpt":{"rendered":"<p>rmans\u0131zla\u015fmayla harap olmu\u015f bir halk\u0131n yard\u0131m \u00e7a\u011fr\u0131s\u0131na kulak verin!Naif \u00f6yk\u00fcs\u00fc, stilize resimleri ve farkl\u0131 tasar\u0131m\u0131yla dikkat \u00e7eken Fare ile Da\u011f, 20. y\u00fczy\u0131l\u0131n en \u00f6nemli entelekt\u00fcellerinden Antonio<span class=\"excerpt-hellip\"> [\u2026]<\/span><\/p>\n","protected":false},"featured_media":0,"template":"","meta":{"_monsterinsights_skip_tracking":false,"_monsterinsights_sitenote_active":false,"_monsterinsights_sitenote_note":"","_monsterinsights_sitenote_category":0},"product_brand":[],"product_cat":[12291,12711],"product_tag":[],"class_list":{"0":"post-775569","1":"product","2":"type-product","3":"status-publish","5":"product_cat-edebiyat","6":"product_cat-roman-oyku","7":"pa_cilt-ciltsiz","8":"pa_tur-kitap","9":"pa_yayinevi-desen-yayinlari","10":"pa_yazar-antonio-gramsci","12":"first","13":"instock","14":"sale","15":"shipping-taxable","16":"purchasable","17":"product-type-simple"},"_links":{"self":[{"href":"https:\/\/roveyayinevi.com.tr\/index.php\/wp-json\/wp\/v2\/product\/775569","targetHints":{"allow":["GET"]}}],"collection":[{"href":"https:\/\/roveyayinevi.com.tr\/index.php\/wp-json\/wp\/v2\/product"}],"about":[{"href":"https:\/\/roveyayinevi.com.tr\/index.php\/wp-json\/wp\/v2\/types\/product"}],"wp:attachment":[{"href":"https:\/\/roveyayinevi.com.tr\/index.php\/wp-json\/wp\/v2\/media?parent=775569"}],"wp:term":[{"taxonomy":"product_brand","embeddable":true,"href":"https:\/\/roveyayinevi.com.tr\/index.php\/wp-json\/wp\/v2\/product_brand?post=775569"},{"taxonomy":"product_cat","embeddable":true,"href":"https:\/\/roveyayinevi.com.tr\/index.php\/wp-json\/wp\/v2\/product_cat?post=775569"},{"taxonomy":"product_tag","embeddable":true,"href":"https:\/\/roveyayinevi.com.tr\/index.php\/wp-json\/wp\/v2\/product_tag?post=775569"}],"curies":[{"name":"wp","href":"https:\/\/api.w.org\/{rel}","templated":true}]}}