{"id":775565,"date":"2025-09-10T23:49:14","date_gmt":"2025-09-10T20:49:14","guid":{"rendered":"https:\/\/roveyayinevi.com.tr\/index.php\/urun\/eksilinanin-hayret-verici-maceralari-3-kitap-takim\/"},"modified":"2026-04-16T02:20:30","modified_gmt":"2026-04-15T23:20:30","slug":"eksilinanin-hayret-verici-maceralari-3-kitap-takim","status":"publish","type":"product","link":"https:\/\/roveyayinevi.com.tr\/index.php\/urun\/eksilinanin-hayret-verici-maceralari-3-kitap-takim\/","title":{"rendered":"Ek\u015filina&#8217;n\u0131n Hayret Verici Maceralar\u0131 (3 Kitap Tak\u0131m)"},"content":{"rendered":"<p>Alman Gen\u00e7lik Edebiyat\u0131 \u00d6d\u00fcll\u00fc yazar Finn-Ole Heinrich ile \u00e7izer R\u00e1n Flygenring\u2019in ince bir mizahi \u00fcslupla hayat verdikleri Ek\u015filina&#8217;n\u0131n Hayret Verici Maceralar\u0131 \u00f6zel kutulu setiyle raflarda!Ek\u015filina\u2019n\u0131n Hayret Verici Maceralar\u0131, \u00e7ekirdek aile ya\u015fant\u0131s\u0131ndaki ani de\u011fi\u015fiklikler, ayr\u0131l\u0131k ve hastal\u0131k gibi \u00e7ocuklar \u00fczerinde derin izler b\u0131rakan hassas konular\u0131 ustal\u0131kla ele alan bir seri. Ek\u015filina&#8217;n\u0131n Hayret Verici Maceralar\u0131&#8217;nda Yer Alan Kitaplar1 &#8211; Y\u0131k\u0131k D\u00f6k\u00fck Krall\u0131\u011f\u0131m2 &#8211; Mucize Beklerken3 &#8211; Evrenin Sonu <\/p>\n","protected":false},"excerpt":{"rendered":"<p>Alman Gen\u00e7lik Edebiyat\u0131 \u00d6d\u00fcll\u00fc yazar Finn-Ole Heinrich ile \u00e7izer R\u00e1n Flygenring\u2019in ince bir mizahi \u00fcslupla hayat verdikleri Ek\u015filina&#8217;n\u0131n Hayret Verici Maceralar\u0131 \u00f6zel kutulu setiyle raflarda!Ek\u015filina\u2019n\u0131n Hayret<span class=\"excerpt-hellip\"> [\u2026]<\/span><\/p>\n","protected":false},"featured_media":0,"template":"","meta":{"_monsterinsights_skip_tracking":false,"_monsterinsights_sitenote_active":false,"_monsterinsights_sitenote_note":"","_monsterinsights_sitenote_category":0},"product_brand":[],"product_cat":[12275,12274],"product_tag":[],"class_list":{"0":"post-775565","1":"product","2":"type-product","3":"status-publish","5":"product_cat-6-12-yas-kitaplari","6":"product_cat-cocuk-ve-genclik-kitaplari","7":"pa_cilt-ciltli","8":"pa_tur-kitap","9":"pa_yayinevi-tudem-yayinlari","10":"pa_yazar-finn-ole-heinrich","12":"first","13":"instock","14":"sale","15":"shipping-taxable","16":"purchasable","17":"product-type-simple"},"_links":{"self":[{"href":"https:\/\/roveyayinevi.com.tr\/index.php\/wp-json\/wp\/v2\/product\/775565","targetHints":{"allow":["GET"]}}],"collection":[{"href":"https:\/\/roveyayinevi.com.tr\/index.php\/wp-json\/wp\/v2\/product"}],"about":[{"href":"https:\/\/roveyayinevi.com.tr\/index.php\/wp-json\/wp\/v2\/types\/product"}],"wp:attachment":[{"href":"https:\/\/roveyayinevi.com.tr\/index.php\/wp-json\/wp\/v2\/media?parent=775565"}],"wp:term":[{"taxonomy":"product_brand","embeddable":true,"href":"https:\/\/roveyayinevi.com.tr\/index.php\/wp-json\/wp\/v2\/product_brand?post=775565"},{"taxonomy":"product_cat","embeddable":true,"href":"https:\/\/roveyayinevi.com.tr\/index.php\/wp-json\/wp\/v2\/product_cat?post=775565"},{"taxonomy":"product_tag","embeddable":true,"href":"https:\/\/roveyayinevi.com.tr\/index.php\/wp-json\/wp\/v2\/product_tag?post=775565"}],"curies":[{"name":"wp","href":"https:\/\/api.w.org\/{rel}","templated":true}]}}