{"id":775564,"date":"2025-09-10T23:46:09","date_gmt":"2025-09-10T20:46:09","guid":{"rendered":"https:\/\/roveyayinevi.com.tr\/index.php\/urun\/balikcil\/"},"modified":"2026-04-16T02:19:51","modified_gmt":"2026-04-15T23:19:51","slug":"balikcil","status":"publish","type":"product","link":"https:\/\/roveyayinevi.com.tr\/index.php\/urun\/balikcil\/","title":{"rendered":"Bal\u0131k\u00e7\u0131l"},"content":{"rendered":"<p>Bal\u0131k\u00e7\u0131l roman\u0131nda Bassani, 1947 y\u0131l\u0131n\u0131n k\u0131\u015f\u0131nda, sisli bir g\u00fcnde Edgardo Limentani\u2019nin uyan\u0131\u015f\u0131yla ba\u015flayan bir g\u00fcn\u00fc, sinematografik bir dille, en k\u00fc\u00e7\u00fck ayr\u0131nt\u0131ya var\u0131ncaya kadar betimleyerek, her hareketini takip etti\u011fi kahraman\u0131n\u0131 bir an olsun yaln\u0131z b\u0131rakmadan anlat\u0131r. Ferrara\u2019dan Codigoro\u2019ya, oradan Po Nehri\u2019nin bir koluyla y\u0131kanan Volano kentinin e\u015fsiz co\u011frafyas\u0131na kadar uzanan, k\u00f6ylerin ve kentlerin d\u0131\u015f\u0131nda sular\u0131n \u00fczerinde de ya\u015fam s\u00fcren bir d\u00fcnya tasviri belki de Bassani\u2019nin en varolu\u015f\u00e7u \u00e7al\u0131\u015fmas\u0131d\u0131r. B\u0131\u00e7ak gibi saplanan bir sanc\u0131y\u0131; bireyi, sevgisini, do\u011fay\u0131 ve sahip oldu\u011fu \u015feyleri de kapsayarak ya\u015fam\u0131n i\u00e7inde var olan her \u015feyi hapseden varolu\u015fsal bir ho\u015fnutsuzlu\u011fu anlatan Bal\u0131k\u00e7\u0131l, son roman\u0131 olarak yazara 1969\u2019da Y\u0131l\u0131n Kitab\u0131, Campiello \u00d6d\u00fcl\u00fc\u2019n\u00fc getirmi\u015ftir.   Giorgio Bassani\u2019nin \u00f6lmeden \u00f6nce g\u00f6zden ge\u00e7irip son \u015feklini verdi\u011fi Ferrara kitaplar\u0131, unutulmaz karakterleri ve \u0131\u015f\u0131kla g\u00f6lgelerin i\u00e7 i\u00e7e ge\u00e7ip adeta dans etti\u011fi n\u00fcansl\u0131 anlat\u0131m\u0131yla y\u00fczy\u0131l\u0131n ba\u015fyap\u0131tlar\u0131 aras\u0131nda yer al\u0131r.     Giorgio Bassani sadece yirminci y\u00fczy\u0131l\u0131n en b\u00fcy\u00fck tan\u0131klar\u0131ndan de\u011fil, ayn\u0131 zamanda da en b\u00fcy\u00fck sanat\u0131\u00e7\u0131lar\u0131ndan biri. Guardian   Tarihin ak\u0131\u015f\u0131n\u0131 ve sonu\u00e7lar\u0131n\u0131 en tarafs\u0131z, en sak\u0131nmaz ve titiz g\u00f6zlemcisi olan yazar\u0131n hik\u00e2yeleri\u2026 nihayetinde her \u015feye ra\u011fmen \u015fehrine bir a\u015fk ilan\u0131d\u0131r. Ali Smith  <\/p>\n","protected":false},"excerpt":{"rendered":"<p>Bal\u0131k\u00e7\u0131l roman\u0131nda Bassani, 1947 y\u0131l\u0131n\u0131n k\u0131\u015f\u0131nda, sisli bir g\u00fcnde Edgardo Limentani\u2019nin uyan\u0131\u015f\u0131yla ba\u015flayan bir g\u00fcn\u00fc, sinematografik bir dille, en k\u00fc\u00e7\u00fck ayr\u0131nt\u0131ya var\u0131ncaya kadar betimleyerek, her hareketini<span class=\"excerpt-hellip\"> [\u2026]<\/span><\/p>\n","protected":false},"featured_media":0,"template":"","meta":{"_monsterinsights_skip_tracking":false,"_monsterinsights_sitenote_active":false,"_monsterinsights_sitenote_note":"","_monsterinsights_sitenote_category":0},"product_brand":[],"product_cat":[12291,12711],"product_tag":[],"class_list":{"0":"post-775564","1":"product","2":"type-product","3":"status-publish","5":"product_cat-edebiyat","6":"product_cat-roman-oyku","7":"pa_cilt-ciltsiz","8":"pa_tur-kitap","9":"pa_yayinevi-yapi-kredi-yayinlari","10":"pa_yazar-giorgio-bassani","12":"first","13":"instock","14":"sale","15":"shipping-taxable","16":"purchasable","17":"product-type-simple"},"_links":{"self":[{"href":"https:\/\/roveyayinevi.com.tr\/index.php\/wp-json\/wp\/v2\/product\/775564","targetHints":{"allow":["GET"]}}],"collection":[{"href":"https:\/\/roveyayinevi.com.tr\/index.php\/wp-json\/wp\/v2\/product"}],"about":[{"href":"https:\/\/roveyayinevi.com.tr\/index.php\/wp-json\/wp\/v2\/types\/product"}],"wp:attachment":[{"href":"https:\/\/roveyayinevi.com.tr\/index.php\/wp-json\/wp\/v2\/media?parent=775564"}],"wp:term":[{"taxonomy":"product_brand","embeddable":true,"href":"https:\/\/roveyayinevi.com.tr\/index.php\/wp-json\/wp\/v2\/product_brand?post=775564"},{"taxonomy":"product_cat","embeddable":true,"href":"https:\/\/roveyayinevi.com.tr\/index.php\/wp-json\/wp\/v2\/product_cat?post=775564"},{"taxonomy":"product_tag","embeddable":true,"href":"https:\/\/roveyayinevi.com.tr\/index.php\/wp-json\/wp\/v2\/product_tag?post=775564"}],"curies":[{"name":"wp","href":"https:\/\/api.w.org\/{rel}","templated":true}]}}