{"id":775563,"date":"2025-09-10T23:32:29","date_gmt":"2025-09-10T20:32:29","guid":{"rendered":"https:\/\/roveyayinevi.com.tr\/index.php\/urun\/istiklal-harbinde-etnik-ihanet\/"},"modified":"2025-09-22T10:42:02","modified_gmt":"2025-09-22T07:42:02","slug":"istiklal-harbinde-etnik-ihanet","status":"publish","type":"product","link":"https:\/\/roveyayinevi.com.tr\/index.php\/urun\/istiklal-harbinde-etnik-ihanet\/","title":{"rendered":"\u0130stiklal Harbi&#8217;nde Etnik \u0130hanet"},"content":{"rendered":"<p>Esat Toptan\u00ee ve \u0130smail Kemal hangi Pa\u015fa\u2019ya Arnavut prensli\u011fini teklif ettiler?..Rauf Orbay\u2019\u0131n Amiral Calthorpe  ile Agamemnon\u2019da gizli g\u00f6r\u00fc\u015fmesi.  Orbay\u2019\u0131n \u0130ngiliz himayesinde \u00c7erkez devleti iste\u011fine Amiral Calthorpe ne yan\u0131t verdi?..\u0130stikl\u00e2l Harbi\u2019nde T\u00fcrk d\u00fc\u015fman\u0131 Rum papazlar\u2026\u0130zmir i\u015fgal edilince Yunan\u2019\u0131n tahsis etti\u011fi arabayla Kordon\u2019da dola\u015fan Ku\u015f\u00e7uba\u015f\u0131 E\u015fref ve arkada\u015flar\u0131\u2026Yunan subaylar\u0131 \u015ferefine ziyafet tertipleyen Yahudiler\u2026T\u00fcrk\u2019\u00fc T\u00fcrk\u2019e k\u0131rd\u0131ran \u201cmel\u2019un eni\u015fte\u201d Ferit\u2019in ak\u0131beti\u2026Bizans \u0130mparatoru Konstantin, 29 May\u0131s 1453\u2019te hi\u00e7bir \u015fans\u0131 olmamas\u0131na ra\u011fmen B\u0130ZE kar\u015f\u0131 sava\u015farak \u00f6ld\u00fc.Peki y\u00fczy\u0131llar sonra bizim padi\u015fah\u0131m\u0131z ne yapt\u0131?..Zat-\u0131 \u015eahane\u2019nin maa\u015fa ba\u011flad\u0131\u011f\u0131 \u0130ngiliz destek\u00e7isi dernekler\u202615 May\u0131s\u2019ta \u201cMemleketi kurtarabilirsin\u201d diyen Sultan Vahidettin, 8 Haziran\u2019da Mustafa Kemal\u2019in arkas\u0131ndannas\u0131l \u00e7ekildi ? <\/p>\n","protected":false},"excerpt":{"rendered":"<p>Esat Toptan\u00ee ve \u0130smail Kemal hangi Pa\u015fa\u2019ya Arnavut prensli\u011fini teklif ettiler?..Rauf Orbay\u2019\u0131n Amiral Calthorpe ile Agamemnon\u2019da gizli g\u00f6r\u00fc\u015fmesi. Orbay\u2019\u0131n \u0130ngiliz himayesinde \u00c7erkez devleti iste\u011fine Amiral Calthorpe<span class=\"excerpt-hellip\"> [\u2026]<\/span><\/p>\n","protected":false},"featured_media":0,"template":"","meta":{"_monsterinsights_skip_tracking":false,"_monsterinsights_sitenote_active":false,"_monsterinsights_sitenote_note":"","_monsterinsights_sitenote_category":0},"product_brand":[],"product_cat":[13590,12337],"product_tag":[],"class_list":{"0":"post-775563","1":"product","2":"type-product","3":"status-publish","5":"product_cat-arastirma-inceleme-politika-siyaset","6":"product_cat-politika-siyaset","7":"pa_cilt-ciltsiz","8":"pa_tur-kitap","9":"pa_yayinevi-kariyer-meslek-yayinlari","10":"pa_yazar-necdet-sevinc","12":"first","13":"instock","14":"sale","15":"shipping-taxable","16":"purchasable","17":"product-type-simple"},"_links":{"self":[{"href":"https:\/\/roveyayinevi.com.tr\/index.php\/wp-json\/wp\/v2\/product\/775563","targetHints":{"allow":["GET"]}}],"collection":[{"href":"https:\/\/roveyayinevi.com.tr\/index.php\/wp-json\/wp\/v2\/product"}],"about":[{"href":"https:\/\/roveyayinevi.com.tr\/index.php\/wp-json\/wp\/v2\/types\/product"}],"wp:attachment":[{"href":"https:\/\/roveyayinevi.com.tr\/index.php\/wp-json\/wp\/v2\/media?parent=775563"}],"wp:term":[{"taxonomy":"product_brand","embeddable":true,"href":"https:\/\/roveyayinevi.com.tr\/index.php\/wp-json\/wp\/v2\/product_brand?post=775563"},{"taxonomy":"product_cat","embeddable":true,"href":"https:\/\/roveyayinevi.com.tr\/index.php\/wp-json\/wp\/v2\/product_cat?post=775563"},{"taxonomy":"product_tag","embeddable":true,"href":"https:\/\/roveyayinevi.com.tr\/index.php\/wp-json\/wp\/v2\/product_tag?post=775563"}],"curies":[{"name":"wp","href":"https:\/\/api.w.org\/{rel}","templated":true}]}}