{"id":775561,"date":"2025-09-10T23:25:02","date_gmt":"2025-09-10T20:25:02","guid":{"rendered":"https:\/\/roveyayinevi.com.tr\/index.php\/urun\/kapinin-ardinda\/"},"modified":"2026-04-16T02:16:43","modified_gmt":"2026-04-15T23:16:43","slug":"kapinin-ardinda","status":"publish","type":"product","link":"https:\/\/roveyayinevi.com.tr\/index.php\/urun\/kapinin-ardinda\/","title":{"rendered":"Kap\u0131n\u0131n Ard\u0131nda"},"content":{"rendered":"<p>Kap\u0131n\u0131n Ard\u0131nda\u2019n\u0131n ba\u015fkahraman\u0131, Ferrara\u2019da ya\u015fayan ve 1929-1930 son derece \u00e7al\u0131\u015fkan, ba\u015far\u0131l\u0131 ve herkesin hayranl\u0131k duydu\u011fu, g\u0131pta etti\u011fi Carlo Cattolica ile sinsice yolunu bulan, zavall\u0131 bir dalkavuk olan Luciano Pulga onun en yak\u0131n arkada\u015flar\u0131d\u0131r. Siyasi ortam\u0131n de\u011fi\u015fmesiyle arkada\u015flar\u0131yla aras\u0131 a\u00e7\u0131lan \u00f6\u011frenci, zamanla ait oldu\u011funu sand\u0131\u011f\u0131 toplumda Yahudi olman\u0131n d\u0131\u015flanmak anlam\u0131na geldi\u011fini anlamaya ba\u015flar. Ferrara kitaplar\u0131n\u0131n d\u00f6rd\u00fcnc\u00fcs\u00fc olan Kap\u0131n\u0131n Ard\u0131nda\u2019da, Giorgio Basssani \u00e7ocukluk d\u00f6nemi arkada\u015fl\u0131\u011f\u0131n\u0131n ve yitirilen safl\u0131\u011f\u0131n canl\u0131 ve h\u00fcz\u00fcnl\u00fc bir anlat\u0131m\u0131n\u0131 sunuyor.   Calvino ve Passolini gibi d\u00f6nemin b\u00fcy\u00fck sanat\u00e7\u0131lar\u0131n\u0131n yan\u0131nda yer alan Giorgio Bassani, d\u0131\u015flanma, arzu, ihanet ve bellek gibi temalar\u0131 i\u015fledi\u011fi Ferrara kitaplar\u0131yla sava\u015f sonras\u0131 \u0130talya\u2019n\u0131n en nitelikli eserlerini vermi\u015ftir.     Bassani\u2019nin yaz\u0131n\u0131n\u0131n \u00f6yle bir g\u00fcc\u00fc var ki bir an i\u00e7in ge\u00e7ici d\u00fcnyas\u0131 adeta ola\u011fan\u00fcst\u00fc bir g\u00fczellikle ebedili\u011fe kavu\u015fuyor. Sam Sacks   Tarihten ders \u00e7\u0131karman\u0131n s\u0131n\u0131rlar\u0131 konusunda keskin g\u00f6r\u00fc\u015fl\u00fc ger\u00e7ek\u00e7ili\u011fi ve bunu \u0131srarla s\u00fcrd\u00fcrmekteki empatisiyle Bassani\u2019nin roman\u0131, ola\u011fan\u00fcst\u00fc bir k\u00fclt\u00fcrel kazan\u0131md\u0131r. Marta Figlerowicz    <\/p>\n","protected":false},"excerpt":{"rendered":"<p>Kap\u0131n\u0131n Ard\u0131nda\u2019n\u0131n ba\u015fkahraman\u0131, Ferrara\u2019da ya\u015fayan ve 1929-1930 son derece \u00e7al\u0131\u015fkan, ba\u015far\u0131l\u0131 ve herkesin hayranl\u0131k duydu\u011fu, g\u0131pta etti\u011fi Carlo Cattolica ile sinsice yolunu bulan, zavall\u0131 bir dalkavuk<span class=\"excerpt-hellip\"> [\u2026]<\/span><\/p>\n","protected":false},"featured_media":0,"template":"","meta":{"_monsterinsights_skip_tracking":false,"_monsterinsights_sitenote_active":false,"_monsterinsights_sitenote_note":"","_monsterinsights_sitenote_category":0},"product_brand":[],"product_cat":[12291,12711],"product_tag":[],"class_list":{"0":"post-775561","1":"product","2":"type-product","3":"status-publish","5":"product_cat-edebiyat","6":"product_cat-roman-oyku","7":"pa_cilt-ciltsiz","8":"pa_tur-kitap","9":"pa_yayinevi-yapi-kredi-yayinlari","10":"pa_yazar-giorgio-bassani","12":"first","13":"instock","14":"sale","15":"shipping-taxable","16":"purchasable","17":"product-type-simple"},"_links":{"self":[{"href":"https:\/\/roveyayinevi.com.tr\/index.php\/wp-json\/wp\/v2\/product\/775561","targetHints":{"allow":["GET"]}}],"collection":[{"href":"https:\/\/roveyayinevi.com.tr\/index.php\/wp-json\/wp\/v2\/product"}],"about":[{"href":"https:\/\/roveyayinevi.com.tr\/index.php\/wp-json\/wp\/v2\/types\/product"}],"wp:attachment":[{"href":"https:\/\/roveyayinevi.com.tr\/index.php\/wp-json\/wp\/v2\/media?parent=775561"}],"wp:term":[{"taxonomy":"product_brand","embeddable":true,"href":"https:\/\/roveyayinevi.com.tr\/index.php\/wp-json\/wp\/v2\/product_brand?post=775561"},{"taxonomy":"product_cat","embeddable":true,"href":"https:\/\/roveyayinevi.com.tr\/index.php\/wp-json\/wp\/v2\/product_cat?post=775561"},{"taxonomy":"product_tag","embeddable":true,"href":"https:\/\/roveyayinevi.com.tr\/index.php\/wp-json\/wp\/v2\/product_tag?post=775561"}],"curies":[{"name":"wp","href":"https:\/\/api.w.org\/{rel}","templated":true}]}}