{"id":775559,"date":"2025-09-10T23:02:03","date_gmt":"2025-09-10T20:02:03","guid":{"rendered":"https:\/\/roveyayinevi.com.tr\/index.php\/urun\/dirilis-kehaneti\/"},"modified":"2026-04-11T02:17:42","modified_gmt":"2026-04-10T23:17:42","slug":"dirilis-kehaneti","status":"publish","type":"product","link":"https:\/\/roveyayinevi.com.tr\/index.php\/urun\/dirilis-kehaneti\/","title":{"rendered":"Dirili\u015f Kehaneti"},"content":{"rendered":"<p>\u201cKozmik bir \u015fakan\u0131n \u00f6tesindeydi bu dirili\u015f. Gelecektekilerin ge\u00e7mi\u015fte ya\u015fananlar\u0131 bilebilmesi anla\u015f\u0131lan bir durumdu. Ancak ge\u00e7mi\u015fte ya\u015fayan birinin, gelecekteki bir olay\u0131 bilebilmesi m\u00fcmk\u00fcn m\u00fcyd\u00fc? Ger\u00e7i bunun bir ad\u0131 vard\u0131: \u2018Kehanet\u2019\u2026<\/p>\n","protected":false},"excerpt":{"rendered":"<p>\u201cKozmik bir \u015fakan\u0131n \u00f6tesindeydi bu dirili\u015f. Gelecektekilerin ge\u00e7mi\u015fte ya\u015fananlar\u0131 bilebilmesi anla\u015f\u0131lan bir durumdu. Ancak ge\u00e7mi\u015fte ya\u015fayan birinin, gelecekteki bir olay\u0131 bilebilmesi m\u00fcmk\u00fcn m\u00fcyd\u00fc? Ger\u00e7i bunun bir<span class=\"excerpt-hellip\"> [\u2026]<\/span><\/p>\n","protected":false},"featured_media":0,"template":"","meta":{"_monsterinsights_skip_tracking":false,"_monsterinsights_sitenote_active":false,"_monsterinsights_sitenote_note":"","_monsterinsights_sitenote_category":0},"product_brand":[],"product_cat":[12291,12711],"product_tag":[],"class_list":{"0":"post-775559","1":"product","2":"type-product","3":"status-publish","5":"product_cat-edebiyat","6":"product_cat-roman-oyku","7":"pa_cilt-ciltsiz","8":"pa_tur-kitap","9":"pa_yayinevi-muptela-yayinevi","10":"pa_yazar-cicek-sekban-tufekci","12":"first","13":"instock","14":"sale","15":"shipping-taxable","16":"purchasable","17":"product-type-simple"},"_links":{"self":[{"href":"https:\/\/roveyayinevi.com.tr\/index.php\/wp-json\/wp\/v2\/product\/775559","targetHints":{"allow":["GET"]}}],"collection":[{"href":"https:\/\/roveyayinevi.com.tr\/index.php\/wp-json\/wp\/v2\/product"}],"about":[{"href":"https:\/\/roveyayinevi.com.tr\/index.php\/wp-json\/wp\/v2\/types\/product"}],"wp:attachment":[{"href":"https:\/\/roveyayinevi.com.tr\/index.php\/wp-json\/wp\/v2\/media?parent=775559"}],"wp:term":[{"taxonomy":"product_brand","embeddable":true,"href":"https:\/\/roveyayinevi.com.tr\/index.php\/wp-json\/wp\/v2\/product_brand?post=775559"},{"taxonomy":"product_cat","embeddable":true,"href":"https:\/\/roveyayinevi.com.tr\/index.php\/wp-json\/wp\/v2\/product_cat?post=775559"},{"taxonomy":"product_tag","embeddable":true,"href":"https:\/\/roveyayinevi.com.tr\/index.php\/wp-json\/wp\/v2\/product_tag?post=775559"}],"curies":[{"name":"wp","href":"https:\/\/api.w.org\/{rel}","templated":true}]}}