{"id":775558,"date":"2025-09-10T22:56:44","date_gmt":"2025-09-10T19:56:44","guid":{"rendered":"https:\/\/roveyayinevi.com.tr\/index.php\/urun\/finzi-continilerin-bahcesi\/"},"modified":"2026-04-16T02:12:38","modified_gmt":"2026-04-15T23:12:38","slug":"finzi-continilerin-bahcesi","status":"publish","type":"product","link":"https:\/\/roveyayinevi.com.tr\/index.php\/urun\/finzi-continilerin-bahcesi\/","title":{"rendered":"Finzi &#8211; Contini&#8217;lerin Bah\u00e7esi"},"content":{"rendered":"<p>Ferrara kentinden aristokrat, zengin ve kendi \u00e2leminde, topluluktan kopuk bir ya\u015fam s\u00fcren Finzi-Contini ailesi, roman\u0131n anlat\u0131c\u0131s\u0131 genci oldum olas\u0131 b\u00fcy\u00fclemi\u015ftir. En sonunda ailenin cennetten \u00e7\u0131kma malik\u00e2nesine davet edilmesi, \u0130kinci D\u00fcnya Sava\u015f\u0131 arifesine, Irk Yasalar\u0131\u2019n\u0131n \u00e7\u0131kar\u0131ld\u0131\u011f\u0131 d\u00f6neme rastlar. Malik\u00e2nelerinin g\u00f6rkemli bah\u00e7esi civardaki Yahudilerin nefes alabildikleri yeg\u00e2ne mek\u00e2n olurken aristokrat aile ile kent halk\u0131 aras\u0131ndaki u\u00e7urum da g\u00fcnbeg\u00fcn a\u00e7\u0131l\u0131r. Avrupa tarihinin en kanl\u0131 d\u00f6neminin ad\u0131m ad\u0131m yakla\u015ft\u0131\u011f\u0131 o g\u00fcnlerde anlat\u0131c\u0131 delikanl\u0131n\u0131n ailenin gen\u00e7 k\u0131z\u0131 ve g\u00f6zbebe\u011fi Mic\u00f2l\u2019e duydu\u011fu \u00e7ekim de giderek g\u00fc\u00e7lenmektedir.   James Joyce i\u00e7in Dublin ne ise Giorgio Bassani i\u00e7in de Ferrara odur. Yirminci y\u00fczy\u0131l\u0131n b\u00fcy\u00fck yazarlar\u0131 aras\u0131nda yer alan Bassani, \u0130kinci D\u00fcnya Sava\u015f\u0131 \u00f6ncesi ve sonras\u0131 \u0130talyas\u0131n\u0131 ve \u00e7okk\u00fclt\u00fcrl\u00fc bir Avrupa\u2019n\u0131n ad\u0131m ad\u0131m yok edildi\u011fi zamanlar\u0131 eserleriyle adeta an\u0131tla\u015ft\u0131r\u0131r.     Finzi-Contini\u2019lerin Bah\u00e7esi her \u015feyden \u00f6nce bir a\u015fk hik\u00e2yesidir ve Bassani\u2019nin \u00f6nceki romanlar\u0131ndan farkl\u0131 bir d\u00fczlemdedir. Di\u011fer t\u00fcm temalar\u0131n ve konular\u0131n alt\u0131nda, siyasi iklimden kaynaklans\u0131n ya da kaynaklanmas\u0131n, a\u00e7\u0131k bir \u015fekilde \u015fu soruyu sorar roman: Ya\u015fam\u0131\u015f olmak ne demektir? Tim Parks   \u00dcrpertici, korkutucu bir \u015fekilde g\u00fcncel bir roman\u2026 Arundhati Roy  <\/p>\n","protected":false},"excerpt":{"rendered":"<p>Ferrara kentinden aristokrat, zengin ve kendi \u00e2leminde, topluluktan kopuk bir ya\u015fam s\u00fcren Finzi-Contini ailesi, roman\u0131n anlat\u0131c\u0131s\u0131 genci oldum olas\u0131 b\u00fcy\u00fclemi\u015ftir. En sonunda ailenin cennetten \u00e7\u0131kma malik\u00e2nesine<span class=\"excerpt-hellip\"> [\u2026]<\/span><\/p>\n","protected":false},"featured_media":0,"template":"","meta":{"_monsterinsights_skip_tracking":false,"_monsterinsights_sitenote_active":false,"_monsterinsights_sitenote_note":"","_monsterinsights_sitenote_category":0},"product_brand":[],"product_cat":[12291,12711],"product_tag":[],"class_list":{"0":"post-775558","1":"product","2":"type-product","3":"status-publish","5":"product_cat-edebiyat","6":"product_cat-roman-oyku","7":"pa_cilt-ciltsiz","8":"pa_tur-kitap","9":"pa_yayinevi-yapi-kredi-yayinlari","10":"pa_yazar-giorgio-bassani","12":"first","13":"instock","14":"sale","15":"shipping-taxable","16":"purchasable","17":"product-type-simple"},"_links":{"self":[{"href":"https:\/\/roveyayinevi.com.tr\/index.php\/wp-json\/wp\/v2\/product\/775558","targetHints":{"allow":["GET"]}}],"collection":[{"href":"https:\/\/roveyayinevi.com.tr\/index.php\/wp-json\/wp\/v2\/product"}],"about":[{"href":"https:\/\/roveyayinevi.com.tr\/index.php\/wp-json\/wp\/v2\/types\/product"}],"wp:attachment":[{"href":"https:\/\/roveyayinevi.com.tr\/index.php\/wp-json\/wp\/v2\/media?parent=775558"}],"wp:term":[{"taxonomy":"product_brand","embeddable":true,"href":"https:\/\/roveyayinevi.com.tr\/index.php\/wp-json\/wp\/v2\/product_brand?post=775558"},{"taxonomy":"product_cat","embeddable":true,"href":"https:\/\/roveyayinevi.com.tr\/index.php\/wp-json\/wp\/v2\/product_cat?post=775558"},{"taxonomy":"product_tag","embeddable":true,"href":"https:\/\/roveyayinevi.com.tr\/index.php\/wp-json\/wp\/v2\/product_tag?post=775558"}],"curies":[{"name":"wp","href":"https:\/\/api.w.org\/{rel}","templated":true}]}}