{"id":775557,"date":"2025-09-10T22:55:31","date_gmt":"2025-09-10T19:55:31","guid":{"rendered":"https:\/\/roveyayinevi.com.tr\/index.php\/urun\/paralama-defteri\/"},"modified":"2026-04-16T02:12:34","modified_gmt":"2026-04-15T23:12:34","slug":"paralama-defteri","status":"publish","type":"product","link":"https:\/\/roveyayinevi.com.tr\/index.php\/urun\/paralama-defteri\/","title":{"rendered":"Paralama Defteri"},"content":{"rendered":"<p>D\u00fcnya listelerinde \u00e7oksatanlar aras\u0131nda yerini alan, can s\u0131k\u0131nt\u0131s\u0131na birebir Paralama Defteri, T\u00fcrk yarat\u0131c\u0131larla bulu\u015fuyor! <\/p>\n","protected":false},"excerpt":{"rendered":"<p>D\u00fcnya listelerinde \u00e7oksatanlar aras\u0131nda yerini alan, can s\u0131k\u0131nt\u0131s\u0131na birebir Paralama Defteri, T\u00fcrk yarat\u0131c\u0131larla bulu\u015fuyor!<\/p>\n","protected":false},"featured_media":0,"template":"","meta":{"_monsterinsights_skip_tracking":false,"_monsterinsights_sitenote_active":false,"_monsterinsights_sitenote_note":"","_monsterinsights_sitenote_category":0},"product_brand":[],"product_cat":[28265,15563],"product_tag":[],"class_list":{"0":"post-775557","1":"product","2":"type-product","3":"status-publish","5":"product_cat-diger-hobi","6":"product_cat-hobi","7":"pa_cilt-ciltsiz","8":"pa_tur-kitap","9":"pa_yayinevi-pegasus-yayinlari","10":"pa_yazar-keri-smith","12":"first","13":"instock","14":"sale","15":"shipping-taxable","16":"purchasable","17":"product-type-simple"},"_links":{"self":[{"href":"https:\/\/roveyayinevi.com.tr\/index.php\/wp-json\/wp\/v2\/product\/775557","targetHints":{"allow":["GET"]}}],"collection":[{"href":"https:\/\/roveyayinevi.com.tr\/index.php\/wp-json\/wp\/v2\/product"}],"about":[{"href":"https:\/\/roveyayinevi.com.tr\/index.php\/wp-json\/wp\/v2\/types\/product"}],"wp:attachment":[{"href":"https:\/\/roveyayinevi.com.tr\/index.php\/wp-json\/wp\/v2\/media?parent=775557"}],"wp:term":[{"taxonomy":"product_brand","embeddable":true,"href":"https:\/\/roveyayinevi.com.tr\/index.php\/wp-json\/wp\/v2\/product_brand?post=775557"},{"taxonomy":"product_cat","embeddable":true,"href":"https:\/\/roveyayinevi.com.tr\/index.php\/wp-json\/wp\/v2\/product_cat?post=775557"},{"taxonomy":"product_tag","embeddable":true,"href":"https:\/\/roveyayinevi.com.tr\/index.php\/wp-json\/wp\/v2\/product_tag?post=775557"}],"curies":[{"name":"wp","href":"https:\/\/api.w.org\/{rel}","templated":true}]}}