{"id":775556,"date":"2025-09-10T22:49:37","date_gmt":"2025-09-10T19:49:37","guid":{"rendered":"https:\/\/roveyayinevi.com.tr\/index.php\/urun\/1890larda-istanbul\/"},"modified":"2026-04-16T02:11:42","modified_gmt":"2026-04-15T23:11:42","slug":"1890larda-istanbul","status":"publish","type":"product","link":"https:\/\/roveyayinevi.com.tr\/index.php\/urun\/1890larda-istanbul\/","title":{"rendered":"1890\u2019larda \u0130stanbul"},"content":{"rendered":"<p>\u0130stanbul 19. y\u00fczy\u0131l\u0131n ortalar\u0131ndan itibaren pek \u00e7ok Bat\u0131l\u0131 entelekt\u00fcelin kendini adeta u\u011framak zorunda hissetti\u011fi bir yerdi. Bu ziyaret\u00e7ilerden eli kalem tutanlar mutlaka bir seyahatname yazar, \u00e7o\u011funlukla da tarihe kar\u0131\u015fm\u0131\u015f Do\u011fu Roma\u2019y\u0131 ve ger\u00e7ekte asla giremeyecekleri haremi anlat\u0131rlard\u0131. Ancak bu kenti benimsemi\u015f olan ABD\u2019li edebiyat\u00e7\u0131 Francis Marion-Crawford, k\u00f6\u015fesiyle buca\u011f\u0131yla, sokaktaki insanlar\u0131yla bamba\u015fka bir \u0130stanbul anlatm\u0131\u015ft\u0131. \u0130nsanlar\u0131n ev ve sokak hayatlar\u0131ndan yeme i\u00e7me al\u0131\u015fkanl\u0131klar\u0131na, Kapal\u0131\u00e7ar\u015f\u0131\u2019daki al\u0131\u015fveri\u015f \u00e2detlerinden Atpazar\u0131\u2019ndaki hayal k\u0131r\u0131kl\u0131klar\u0131na kadar pek \u00e7ok \u015fey&#8230; Ya\u015fad\u0131\u011f\u0131 d\u00f6nemde hak etti\u011fi \u00fcne kavu\u015fmu\u015f bir edebiyat\u00e7\u0131 olan Crawford, g\u00f6\u00e7\u00fcp giden ku\u015faklardan dinledi\u011fimiz \u0130stanbul\u2019u, kendi g\u00f6zlem g\u00fcc\u00fcn\u00fcn ayr\u0131nt\u0131c\u0131l\u0131\u011f\u0131yla da bezeyerek, dostu Edwin Lord Weeks\u2019in \u00fclkemizde tan\u0131nmayan \u00e7izimleriyle sunuyor. Francis Marion-Crawford (1854-1909) Bostonlu zengin bir ailenin \u00e7ocu\u011fu olarak \u0130talya\u2019da do\u011fdu. ABD\u2019deki \u00f6\u011frenim hayat\u0131n\u0131n ard\u0131ndan 1869\u2019da Roma\u2019ya d\u00f6nd\u00fc. Yabanc\u0131 dillere ve k\u00fclt\u00fcrlere ilgisi \u00e7ok b\u00fcy\u00fckt\u00fc. Aralar\u0131nda T\u00fcrk\u00e7e\u2019nin de bulundu\u011fu 20\u2019ye yak\u0131n dili rahatl\u0131kla konu\u015fup yazabiliyordu. Sanskrit\u00e7e \u00e7al\u0131\u015fmalar\u0131n\u0131 ilerletmek \u00fczere gitti\u011fi Hindistan\u2019da hayat\u0131 de\u011fi\u015fti. Ge\u00e7imini sa\u011flamak i\u00e7in gazete edit\u00f6rl\u00fc\u011f\u00fc yapmak zorunda kald\u0131. Ancak bu s\u00fcre i\u00e7inde tan\u0131d\u0131\u011f\u0131 insanlardan ve dinledi\u011fi hik\u00e2yelerden yola \u00e7\u0131karak yazd\u0131\u011f\u0131 roman, kariyerinde bir d\u00f6n\u00fcm noktas\u0131 oldu. ABD\u2019de k\u0131sa s\u00fcrede tan\u0131nd\u0131 ve yayg\u0131n olarak okunmaya ba\u015flad\u0131. 1884\u2019te \u0130stanbul\u2019da evlendi. Bir y\u0131l oturdu\u011fu \u0130stanbul\u2019u 1890\u2019l\u0131 y\u0131llar\u0131n ortalar\u0131na kadar pek \u00e7ok kez ziyaret etti. Sicilyal\u0131 aileleri ve mafyay\u0131, d\u00f6rt roman\u0131yla ilk kez edebiyata ta\u015f\u0131d\u0131. 40\u2019a yak\u0131n roman\u0131n\u0131n yan\u0131 s\u0131ra tarih ve gezi kitaplar\u0131yla k\u00fc\u00e7\u00fck bir servet kazanarak ya\u015fad\u0131. <\/p>\n","protected":false},"excerpt":{"rendered":"<p>\u0130stanbul 19. y\u00fczy\u0131l\u0131n ortalar\u0131ndan itibaren pek \u00e7ok Bat\u0131l\u0131 entelekt\u00fcelin kendini adeta u\u011framak zorunda hissetti\u011fi bir yerdi. Bu ziyaret\u00e7ilerden eli kalem tutanlar mutlaka bir seyahatname yazar, \u00e7o\u011funlukla<span class=\"excerpt-hellip\"> [\u2026]<\/span><\/p>\n","protected":false},"featured_media":0,"template":"","meta":{"_monsterinsights_skip_tracking":false,"_monsterinsights_sitenote_active":false,"_monsterinsights_sitenote_note":"","_monsterinsights_sitenote_category":0},"product_brand":[],"product_cat":[12312,12304],"product_tag":[],"class_list":{"0":"post-775556","1":"product","2":"type-product","3":"status-publish","5":"product_cat-diger","6":"product_cat-tarih","7":"pa_cilt-ciltsiz","8":"pa_tur-kitap","9":"pa_yayinevi-is-bankasi-kultur-yayinlari","10":"pa_yazar-francis-marion-crawford","12":"first","13":"instock","14":"sale","15":"shipping-taxable","16":"purchasable","17":"product-type-simple"},"_links":{"self":[{"href":"https:\/\/roveyayinevi.com.tr\/index.php\/wp-json\/wp\/v2\/product\/775556","targetHints":{"allow":["GET"]}}],"collection":[{"href":"https:\/\/roveyayinevi.com.tr\/index.php\/wp-json\/wp\/v2\/product"}],"about":[{"href":"https:\/\/roveyayinevi.com.tr\/index.php\/wp-json\/wp\/v2\/types\/product"}],"wp:attachment":[{"href":"https:\/\/roveyayinevi.com.tr\/index.php\/wp-json\/wp\/v2\/media?parent=775556"}],"wp:term":[{"taxonomy":"product_brand","embeddable":true,"href":"https:\/\/roveyayinevi.com.tr\/index.php\/wp-json\/wp\/v2\/product_brand?post=775556"},{"taxonomy":"product_cat","embeddable":true,"href":"https:\/\/roveyayinevi.com.tr\/index.php\/wp-json\/wp\/v2\/product_cat?post=775556"},{"taxonomy":"product_tag","embeddable":true,"href":"https:\/\/roveyayinevi.com.tr\/index.php\/wp-json\/wp\/v2\/product_tag?post=775556"}],"curies":[{"name":"wp","href":"https:\/\/api.w.org\/{rel}","templated":true}]}}