{"id":775554,"date":"2025-09-10T22:28:34","date_gmt":"2025-09-10T19:28:34","guid":{"rendered":"https:\/\/roveyayinevi.com.tr\/index.php\/urun\/altin-gozluk\/"},"modified":"2026-04-16T02:08:20","modified_gmt":"2026-04-15T23:08:20","slug":"altin-gozluk","status":"publish","type":"product","link":"https:\/\/roveyayinevi.com.tr\/index.php\/urun\/altin-gozluk\/","title":{"rendered":"Alt\u0131n G\u00f6zl\u00fck"},"content":{"rendered":"<p>\u0130talya\u2019n\u0131n zengin, b\u00fcy\u00fcleyici ve \u00f6te yandan fa\u015fizmin bask\u0131lad\u0131\u011f\u0131 Ferrara kentinde, gen\u00e7 bir Yahudi \u00f6\u011frencinin kaderi orta ya\u015fl\u0131, olgun ve alan\u0131nda \u00fcn yapm\u0131\u015f doktor Athos Fadigati\u2019yle kesi\u015fir. Aralar\u0131nda geli\u015fen bu dostluk, roman\u0131n anlat\u0131c\u0131s\u0131 gencin, Doktor Fadigati\u2019nin k\u00fclt\u00fcrl\u00fc ve se\u00e7kin ki\u015fili\u011finin gizledi\u011fi e\u015fcinselli\u011fi y\u00fcz\u00fcnden i\u00e7ine d\u00fc\u015ft\u00fc\u011f\u00fc yaln\u0131zl\u0131k u\u00e7urumunu ke\u015ffetmesini sa\u011flar. Ne var ki antisemitizmin giderek g\u00fc\u00e7lenmesi ve siyasi safla\u015fmalar\u0131n kat\u0131la\u015fmas\u0131yla birlikte anlat\u0131c\u0131n\u0131n d\u0131\u015flanan doktora olan hisleri de ka\u00e7\u0131n\u0131lmaz olarak de\u011fi\u015fime u\u011frar. Yak\u0131n d\u00f6nemin en \u00f6nemli edebiyat\u00e7\u0131 ve yazarlar\u0131ndan W.G. Sebald\u2019in de en sevdi\u011fi romanlar aras\u0131nda yer alan Alt\u0131n G\u00f6zl\u00fck, en yak\u0131n ki\u015filer taraf\u0131ndan bir anda mahvedilen hayatlar\u0131 anlatan s\u00fcr\u00fckleyici, \u00e7arp\u0131c\u0131, trajik bir eser.   Giorgio Bassani bir sanat\u00e7\u0131 olarak \u0130kinci D\u00fcnya Sava\u015f\u0131 \u00f6ncesi ve sonras\u0131 \u0130talya\u2019n\u0131n en \u00f6nemli tan\u0131klar\u0131ndand\u0131r. Tarihin ak\u0131\u015f\u0131n\u0131n bireylerde yol a\u00e7t\u0131\u011f\u0131 derin yaralar\u0131n kayd\u0131n\u0131 tutan eserleri her \u015feyin ba\u015f\u0131nda fa\u015fizmin y\u00fckseli\u015fini ve \u00e7okk\u00fclt\u00fcrl\u00fc Avrupa\u2019n\u0131n trajik kaderini anlat\u0131r.     Yazar\u0131n yan\u0131nda oturup, y\u0131k\u0131c\u0131, g\u00fczel ve her \u015feyden \u00f6nce b\u00fcy\u00fcleyici bir ate\u015fin yalazlar\u0131n\u0131 izlemek, Bassani\u2019nin eserlerini okurken hissedilen duyguyu b\u00fcy\u00fck \u00f6l\u00e7\u00fcde yans\u0131t\u0131yor. Tim Parks   Giorgio Bassani\u2019nin muazzam bir h\u00fczne, inceli\u011fe ve matemli bir ihti\u015fama sahip Ferrara kitaplar\u0131 \u0130talyan Yahudilerinin b\u00fcy\u00fck bir k\u0131sm\u0131 i\u00e7in bir a\u011f\u0131t niteli\u011findedir. Harold Bloom  <\/p>\n","protected":false},"excerpt":{"rendered":"<p>\u0130talya\u2019n\u0131n zengin, b\u00fcy\u00fcleyici ve \u00f6te yandan fa\u015fizmin bask\u0131lad\u0131\u011f\u0131 Ferrara kentinde, gen\u00e7 bir Yahudi \u00f6\u011frencinin kaderi orta ya\u015fl\u0131, olgun ve alan\u0131nda \u00fcn yapm\u0131\u015f doktor Athos Fadigati\u2019yle kesi\u015fir.<span class=\"excerpt-hellip\"> [\u2026]<\/span><\/p>\n","protected":false},"featured_media":0,"template":"","meta":{"_monsterinsights_skip_tracking":false,"_monsterinsights_sitenote_active":false,"_monsterinsights_sitenote_note":"","_monsterinsights_sitenote_category":0},"product_brand":[],"product_cat":[141304],"product_tag":[],"class_list":{"0":"post-775554","1":"product","2":"type-product","3":"status-publish","5":"product_cat-yeni-cikanlar","6":"pa_cilt-ciltsiz","7":"pa_tur-kitap","8":"pa_yayinevi-yapi-kredi-yayinlari","9":"pa_yazar-giorgio-bassani","11":"first","12":"instock","13":"sale","14":"shipping-taxable","15":"purchasable","16":"product-type-simple"},"_links":{"self":[{"href":"https:\/\/roveyayinevi.com.tr\/index.php\/wp-json\/wp\/v2\/product\/775554","targetHints":{"allow":["GET"]}}],"collection":[{"href":"https:\/\/roveyayinevi.com.tr\/index.php\/wp-json\/wp\/v2\/product"}],"about":[{"href":"https:\/\/roveyayinevi.com.tr\/index.php\/wp-json\/wp\/v2\/types\/product"}],"wp:attachment":[{"href":"https:\/\/roveyayinevi.com.tr\/index.php\/wp-json\/wp\/v2\/media?parent=775554"}],"wp:term":[{"taxonomy":"product_brand","embeddable":true,"href":"https:\/\/roveyayinevi.com.tr\/index.php\/wp-json\/wp\/v2\/product_brand?post=775554"},{"taxonomy":"product_cat","embeddable":true,"href":"https:\/\/roveyayinevi.com.tr\/index.php\/wp-json\/wp\/v2\/product_cat?post=775554"},{"taxonomy":"product_tag","embeddable":true,"href":"https:\/\/roveyayinevi.com.tr\/index.php\/wp-json\/wp\/v2\/product_tag?post=775554"}],"curies":[{"name":"wp","href":"https:\/\/api.w.org\/{rel}","templated":true}]}}