{"id":775553,"date":"2025-09-10T21:59:20","date_gmt":"2025-09-10T18:59:20","guid":{"rendered":"https:\/\/roveyayinevi.com.tr\/index.php\/urun\/su-acayip-atom\/"},"modified":"2026-04-16T02:03:46","modified_gmt":"2026-04-15T23:03:46","slug":"su-acayip-atom","status":"publish","type":"product","link":"https:\/\/roveyayinevi.com.tr\/index.php\/urun\/su-acayip-atom\/","title":{"rendered":"\u015eu Acayip Atom"},"content":{"rendered":"<p>Merhaba Acayip \u015eeyler\u2019in merakl\u0131 takip\u00e7ileri! Bu kitaptaki konumuz atomlar! Kitaba ba\u015flamadan \u00f6nce,  Atom dedi\u011fin k\u00fc\u00e7\u00fcc\u00fck bir \u015fey, koca kitab\u0131 dolduracak kadar \u2018acayip \u015fey\u2019 bulabilecek miyim acaba?  diye sordum kendi kendime&#8230; Fakat \u015fimdi, 160 sayfal\u0131k s\u0131n\u0131r\u0131 a\u015ft\u0131\u011f\u0131m halde, daha yazmay\u0131 d\u00fc\u015f\u00fcnd\u00fc\u011f\u00fcm onlarca ba\u015fl\u0131\u011f\u0131n masam\u0131n \u00fczerindeki k\u00fc\u00e7\u00fck not k\u00e2\u011f\u0131tlar\u0131nda mahzun mahzun bana bakt\u0131\u011f\u0131n\u0131 g\u00f6rmekteyim&#8230; Buna ra\u011fmen, elinizdeki kitapta atomlar alemine dair \u00e7ok \u00e7ok ilgin\u00e7 bilgiler bulacaks\u0131n\u0131z. Elimden geldi\u011fi kadar bu anla\u015f\u0131lmas\u0131 zor konuyu e\u011flenceli bir h\u00e2le getirmeye \u00e7al\u0131\u015ft\u0131m. Umar\u0131m, dizimizin \u00f6teki kitaplar\u0131 gibi \u015eu Acayip Atom kitab\u0131n\u0131 da, keyifle okur, \u00e7ok \u015fey \u00f6\u011frenirsiniz&#8230; Ve umar\u0131m bundan otuz ya da k\u0131rk y\u0131l sonra, Van\u2019da, Erzurum\u2019da, Afyonkarahisar\u2019da ya da Bursa\u2019da do\u011fmu\u015f; ad\u0131 da Ahmet, Zeynep, H\u00fcseyin, Emirhan ya da H\u00fcmeyra olan bir Atom Fizi\u011fi profes\u00f6r\u00fcn\u00fcn, Nobel Fizik \u00d6d\u00fcl\u00fc\u2019n\u00fc almak i\u00e7in \u00e7\u0131kt\u0131\u011f\u0131 k\u00fcrs\u00fcde, konu\u015fmas\u0131na \u015fu \u015fekilde ba\u015flad\u0131\u011f\u0131n\u0131 duyabilirim:  Ben \u00e7ocukken babam bana \u015eu Acayip Atom adl\u0131 bir kitap alm\u0131\u015ft\u0131. Ger\u00e7ekten \u00e7ok acayip bir kitapt\u0131&#8230;   \u0130\u015fte \u015eu Acayip Atom kitab\u0131nda okuyaca\u011f\u0131n\u0131z konu ba\u015fl\u0131klar\u0131: Atom \u00e7a\u011f\u0131 nas\u0131l ba\u015flad\u0131? Atomun b\u00fcy\u00fck k\u00fc\u00e7\u00fckl\u00fc\u011f\u00fc B\u00fcy\u00fck bo\u015fluk N\u00f6tronlar ve Protonlar Kehribar ta\u015f\u0131n\u0131n esrar\u0131 Bir tak\u0131m tuhaf deneyler Elektrik nas\u0131l \u00e7arpar? Kur\u015funkalemin ucundaki en son atom En sevdi\u011fim molek\u00fcl: H2O Madde madde madde Is\u0131 ve s\u0131cakl\u0131k Sesim geliyor mu? E=mc2 Moriwaki Yoko\u2019nun son g\u00fcn\u00fc <\/p>\n","protected":false},"excerpt":{"rendered":"<p>Merhaba Acayip \u015eeyler\u2019in merakl\u0131 takip\u00e7ileri! Bu kitaptaki konumuz atomlar! Kitaba ba\u015flamadan \u00f6nce, Atom dedi\u011fin k\u00fc\u00e7\u00fcc\u00fck bir \u015fey, koca kitab\u0131 dolduracak kadar \u2018acayip \u015fey\u2019 bulabilecek miyim acaba?<span class=\"excerpt-hellip\"> [\u2026]<\/span><\/p>\n","protected":false},"featured_media":0,"template":"","meta":{"_monsterinsights_skip_tracking":false,"_monsterinsights_sitenote_active":false,"_monsterinsights_sitenote_note":"","_monsterinsights_sitenote_category":0},"product_brand":[],"product_cat":[13829,12274],"product_tag":[],"class_list":{"0":"post-775553","1":"product","2":"type-product","3":"status-publish","5":"product_cat-bilimsel-kitaplar","6":"product_cat-cocuk-ve-genclik-kitaplari","7":"pa_tur-kitap","8":"pa_yayinevi-ugurbocegi-yayinlari","9":"pa_yazar-tarik-uslu","11":"first","12":"instock","13":"sale","14":"shipping-taxable","15":"purchasable","16":"product-type-simple"},"_links":{"self":[{"href":"https:\/\/roveyayinevi.com.tr\/index.php\/wp-json\/wp\/v2\/product\/775553","targetHints":{"allow":["GET"]}}],"collection":[{"href":"https:\/\/roveyayinevi.com.tr\/index.php\/wp-json\/wp\/v2\/product"}],"about":[{"href":"https:\/\/roveyayinevi.com.tr\/index.php\/wp-json\/wp\/v2\/types\/product"}],"wp:attachment":[{"href":"https:\/\/roveyayinevi.com.tr\/index.php\/wp-json\/wp\/v2\/media?parent=775553"}],"wp:term":[{"taxonomy":"product_brand","embeddable":true,"href":"https:\/\/roveyayinevi.com.tr\/index.php\/wp-json\/wp\/v2\/product_brand?post=775553"},{"taxonomy":"product_cat","embeddable":true,"href":"https:\/\/roveyayinevi.com.tr\/index.php\/wp-json\/wp\/v2\/product_cat?post=775553"},{"taxonomy":"product_tag","embeddable":true,"href":"https:\/\/roveyayinevi.com.tr\/index.php\/wp-json\/wp\/v2\/product_tag?post=775553"}],"curies":[{"name":"wp","href":"https:\/\/api.w.org\/{rel}","templated":true}]}}