{"id":775552,"date":"2025-09-10T21:55:44","date_gmt":"2025-09-10T18:55:44","guid":{"rendered":"https:\/\/roveyayinevi.com.tr\/index.php\/urun\/ciftci-karincalar-koleci-karincalara-karsi\/"},"modified":"2026-04-16T02:03:02","modified_gmt":"2026-04-15T23:03:02","slug":"ciftci-karincalar-koleci-karincalara-karsi","status":"publish","type":"product","link":"https:\/\/roveyayinevi.com.tr\/index.php\/urun\/ciftci-karincalar-koleci-karincalara-karsi\/","title":{"rendered":"\u00c7ift\u00e7i Kar\u0131ncalar K\u00f6leci Kar\u0131ncalara Kar\u015f\u0131"},"content":{"rendered":"<p>\u00c7a\u011fda\u015f T\u00fcrk edebiyat\u0131n\u0131n gen\u00e7 ustalar\u0131ndan Toprak I\u015f\u0131k, b\u00fcy\u00fck be\u011feniyle kar\u015f\u0131lanan &#8220;Ad\u0131ndan Belli Ku\u015flar K\u00f6y\u00fc&#8221; ve &#8220;B\u00fcy\u00fcyen \u00c7ocuk&#8221; kitaplar\u0131n\u0131n ard\u0131ndan \u00fc\u00e7\u00fcnc\u00fc kez gen\u00e7 okurlar\u0131yla bulu\u015fman\u0131n heyecan\u0131n\u0131 ya\u015f\u0131yor. Kar\u0131ncalar\u0131 herkes \u00e7al\u0131\u015fkan hayvanlar olarak tan\u0131r. Peki, aralar\u0131nda hi\u00e7 \u00e7al\u0131\u015fmayan kolonilerin de var oldu\u011funu s\u00f6ylesek tepkiniz ne olur? Toprak I\u015f\u0131k\u0131n, hayal g\u00fcc\u00fcn\u00fc bilimsel ger\u00e7eklerle harmanlayarak kurgulad\u0131\u011f\u0131 yeni roman\u0131 &#8220;\u00c7ift\u00e7i Kar\u0131ncalar K\u00f6leci Kar\u0131ncalara Kar\u015f\u0131&#8221;, okurlar\u0131n\u0131 hayrete d\u00fc\u015f\u00fcrecek pek \u00e7ok ilgin\u00e7 bilgi bar\u0131nd\u0131r\u0131yor. Gen\u00e7 yazar bu \u00e7al\u0131\u015fmas\u0131yla bizleri kar\u0131ncalar\u0131n d\u00fcnyalar\u0131nda ola\u011fan\u00fcst\u00fc bir yolculu\u011fa \u00e7\u0131kar\u0131yor. \u00dcstelik onlar hakk\u0131nda hi\u00e7 ama hi\u00e7 bilmedi\u011fimiz ger\u00e7ekler sunarak\u2026 <\/p>\n","protected":false},"excerpt":{"rendered":"<p>\u00c7a\u011fda\u015f T\u00fcrk edebiyat\u0131n\u0131n gen\u00e7 ustalar\u0131ndan Toprak I\u015f\u0131k, b\u00fcy\u00fck be\u011feniyle kar\u015f\u0131lanan &#8220;Ad\u0131ndan Belli Ku\u015flar K\u00f6y\u00fc&#8221; ve &#8220;B\u00fcy\u00fcyen \u00c7ocuk&#8221; kitaplar\u0131n\u0131n ard\u0131ndan \u00fc\u00e7\u00fcnc\u00fc kez gen\u00e7 okurlar\u0131yla bulu\u015fman\u0131n heyecan\u0131n\u0131 ya\u015f\u0131yor.<span class=\"excerpt-hellip\"> [\u2026]<\/span><\/p>\n","protected":false},"featured_media":0,"template":"","meta":{"_monsterinsights_skip_tracking":false,"_monsterinsights_sitenote_active":false,"_monsterinsights_sitenote_note":"","_monsterinsights_sitenote_category":0},"product_brand":[],"product_cat":[12275,12274],"product_tag":[],"class_list":{"0":"post-775552","1":"product","2":"type-product","3":"status-publish","5":"product_cat-6-12-yas-kitaplari","6":"product_cat-cocuk-ve-genclik-kitaplari","7":"pa_cilt-ciltsiz","8":"pa_tur-kitap","9":"pa_yayinevi-tudem-yayinlari","10":"pa_yazar-toprak-isik","12":"first","13":"instock","14":"sale","15":"shipping-taxable","16":"purchasable","17":"product-type-simple"},"_links":{"self":[{"href":"https:\/\/roveyayinevi.com.tr\/index.php\/wp-json\/wp\/v2\/product\/775552","targetHints":{"allow":["GET"]}}],"collection":[{"href":"https:\/\/roveyayinevi.com.tr\/index.php\/wp-json\/wp\/v2\/product"}],"about":[{"href":"https:\/\/roveyayinevi.com.tr\/index.php\/wp-json\/wp\/v2\/types\/product"}],"wp:attachment":[{"href":"https:\/\/roveyayinevi.com.tr\/index.php\/wp-json\/wp\/v2\/media?parent=775552"}],"wp:term":[{"taxonomy":"product_brand","embeddable":true,"href":"https:\/\/roveyayinevi.com.tr\/index.php\/wp-json\/wp\/v2\/product_brand?post=775552"},{"taxonomy":"product_cat","embeddable":true,"href":"https:\/\/roveyayinevi.com.tr\/index.php\/wp-json\/wp\/v2\/product_cat?post=775552"},{"taxonomy":"product_tag","embeddable":true,"href":"https:\/\/roveyayinevi.com.tr\/index.php\/wp-json\/wp\/v2\/product_tag?post=775552"}],"curies":[{"name":"wp","href":"https:\/\/api.w.org\/{rel}","templated":true}]}}