{"id":775546,"date":"2025-09-10T13:27:11","date_gmt":"2025-09-10T10:27:11","guid":{"rendered":"https:\/\/roveyayinevi.com.tr\/index.php\/urun\/kral-oldu\/"},"modified":"2026-04-15T03:42:29","modified_gmt":"2026-04-15T00:42:29","slug":"kral-oldu","status":"publish","type":"product","link":"https:\/\/roveyayinevi.com.tr\/index.php\/urun\/kral-oldu\/","title":{"rendered":"Kral \u00d6ld\u00fc"},"content":{"rendered":"<p>\u201cGe\u00e7mi\u015fin \u00fczerindeki \u00f6l\u00fc topra\u011f\u0131n\u0131 kald\u0131rmak ilgin\u00e7 ger\u00e7ekleri a\u00e7\u0131\u011fa \u00e7\u0131karabilir!\u201d \u0130ngiltere tarihini ne kadar biliyoruz? Birle\u015fik Krall\u0131k (UK) olarak sars\u0131lmaz kurumsal ve siyasal yap\u0131s\u0131n\u0131 devam ettiren \u0130ngiliz Kraliyeti g\u00fcn\u00fcm\u00fcze kadar nas\u0131l gelmi\u015ftir? \u0130ngiliz krallar\u0131n\u0131n \u00f6l\u00fcm nedenleri, cenaze t\u00f6renleri ve mezar yerleri tarihi kay\u0131tlar\u0131n bize s\u00f6yledikleri gibi midir yoksa farkl\u0131 ger\u00e7ekler var m\u0131d\u0131r? Bu bilgiler \u0130ngiltere tarihi a\u00e7\u0131s\u0131ndan ne kadar \u00f6nemlidir? Bu sorular etraf\u0131nda \u015fekillenen \u00e7al\u0131\u015fmada klasik tarih anlat\u0131s\u0131n\u0131n d\u0131\u015f\u0131na \u00e7\u0131k\u0131lm\u0131\u015ft\u0131r. T\u0131bb\u0131n tarihle dolu lastik eldivenleri giyilerek bin y\u0131ll\u0131k Kraliyet \u00f6l\u00fcmleri derinlemesine incelenmi\u015ftir. Bu sayede do\u011fru bilinen yanl\u0131\u015flar, yanl\u0131\u015f bilinen do\u011frular g\u00fcn y\u00fcz\u00fcne \u00e7\u0131kar\u0131lm\u0131\u015ft\u0131r. \u0130ngiltere\u2019de Kraliyet \u00fcyelerinin \u00f6l\u00fcmleri \u00fczerine bir s\u00fcredir devam eden resm\u00ee s\u00f6ylem \u201cuykular\u0131nda huzur i\u00e7inde \u00f6ld\u00fcler\u201d \u015feklinde olsa da bu s\u00fcrece gelinceye kadar h\u00fck\u00fcmdarlar ac\u0131larla ac\u0131mas\u0131zl\u0131klarla dolu bin y\u0131ll\u0131k uzun bir yolculuk ya\u015fam\u0131\u015flard\u0131r. Kral \u00d6ld\u00fc, bu on as\u0131rl\u0131k s\u00fcre\u00e7 boyunca de\u011fi\u015fen t\u0131p uygulamalar\u0131, cinayet t\u00fcrleri, cesede kar\u015f\u0131 davran\u0131\u015f \u015fekilleri, otopsilerin ne zaman yayg\u0131nla\u015ft\u0131\u011f\u0131, mumyalama uygulamalar\u0131n\u0131n nas\u0131l ve neden de\u011fi\u015fti\u011fi ve cenaze t\u00f6renleri bilinmeyen y\u00f6nleriyle ortaya konulmu\u015ftur. Kraliyet i\u00e7erisindeki a\u015f\u0131r\u0131l\u0131klar, tuhafl\u0131klar ve teknolojik geli\u015fmeler de krallar\u0131n \u00f6l\u00fcmleri \u00fczerinden de\u011ferlendirilmi\u015ftir. \u0130lk defa Kraliyetin geli\u015fim evrelerinde \u201c\u00f6l\u00fcm d\u00f6\u015fe\u011finin\u201d \u00f6nemi t\u00fcm a\u00e7\u0131kl\u0131\u011f\u0131yla ele al\u0131nm\u0131\u015ft\u0131r.   <\/p>\n","protected":false},"excerpt":{"rendered":"<p>\u201cGe\u00e7mi\u015fin \u00fczerindeki \u00f6l\u00fc topra\u011f\u0131n\u0131 kald\u0131rmak ilgin\u00e7 ger\u00e7ekleri a\u00e7\u0131\u011fa \u00e7\u0131karabilir!\u201d \u0130ngiltere tarihini ne kadar biliyoruz? Birle\u015fik Krall\u0131k (UK) olarak sars\u0131lmaz kurumsal ve siyasal yap\u0131s\u0131n\u0131 devam ettiren \u0130ngiliz<span class=\"excerpt-hellip\"> [\u2026]<\/span><\/p>\n","protected":false},"featured_media":0,"template":"","meta":{"_monsterinsights_skip_tracking":false,"_monsterinsights_sitenote_active":false,"_monsterinsights_sitenote_note":"","_monsterinsights_sitenote_category":0},"product_brand":[],"product_cat":[12370,12304],"product_tag":[],"class_list":{"0":"post-775546","1":"product","2":"type-product","3":"status-publish","5":"product_cat-arastirma-inceleme","6":"product_cat-tarih","7":"pa_cilt-ciltsiz","8":"pa_tur-kitap","9":"pa_yayinevi-yeditepe-yayinevi","10":"pa_yazar-tolgahan-karaimamoglu","12":"first","13":"instock","14":"sale","15":"shipping-taxable","16":"purchasable","17":"product-type-simple"},"_links":{"self":[{"href":"https:\/\/roveyayinevi.com.tr\/index.php\/wp-json\/wp\/v2\/product\/775546","targetHints":{"allow":["GET"]}}],"collection":[{"href":"https:\/\/roveyayinevi.com.tr\/index.php\/wp-json\/wp\/v2\/product"}],"about":[{"href":"https:\/\/roveyayinevi.com.tr\/index.php\/wp-json\/wp\/v2\/types\/product"}],"wp:attachment":[{"href":"https:\/\/roveyayinevi.com.tr\/index.php\/wp-json\/wp\/v2\/media?parent=775546"}],"wp:term":[{"taxonomy":"product_brand","embeddable":true,"href":"https:\/\/roveyayinevi.com.tr\/index.php\/wp-json\/wp\/v2\/product_brand?post=775546"},{"taxonomy":"product_cat","embeddable":true,"href":"https:\/\/roveyayinevi.com.tr\/index.php\/wp-json\/wp\/v2\/product_cat?post=775546"},{"taxonomy":"product_tag","embeddable":true,"href":"https:\/\/roveyayinevi.com.tr\/index.php\/wp-json\/wp\/v2\/product_tag?post=775546"}],"curies":[{"name":"wp","href":"https:\/\/api.w.org\/{rel}","templated":true}]}}