{"id":775539,"date":"2025-09-10T13:26:58","date_gmt":"2025-09-10T10:26:58","guid":{"rendered":"https:\/\/roveyayinevi.com.tr\/index.php\/urun\/cogito-118-kuculme-sanati\/"},"modified":"2026-04-15T03:42:29","modified_gmt":"2026-04-15T00:42:29","slug":"cogito-118-kuculme-sanati","status":"publish","type":"product","link":"https:\/\/roveyayinevi.com.tr\/index.php\/urun\/cogito-118-kuculme-sanati\/","title":{"rendered":"Cogito \u2013 118 \/ K\u00fc\u00e7\u00fclme Sanat\u0131"},"content":{"rendered":"<p>Cogito dergisi, K\u00fc\u00e7\u00fclme, Nas\u0131l? say\u0131s\u0131ndan ilhamla haz\u0131rlanan K\u00fc\u00e7\u00fclme Sanat\u0131 ba\u015fl\u0131kl\u0131 yeni say\u0131s\u0131yla okurla bulu\u015fuyor.   Ceyhun G\u00fcrkan\u2019\u0131n edit\u00f6rl\u00fc\u011f\u00fcnde haz\u0131rlanan dosya k\u00fc\u00e7\u00fclmenin ekoloji, ekonomi, sosyoloji ve siyaset gibi farkl\u0131 disiplinlerle kurdu\u011fu yak\u0131n ba\u011flara odaklanan ve k\u00fc\u00e7\u00fclme ara\u015ft\u0131rmalar\u0131 i\u00e7in stratejik katk\u0131lar sunarak yeni g\u00fcndemler belirleyen yaz\u0131 ve s\u00f6yle\u015filerden olu\u015fuyor.    K\u00fc\u00e7\u00fclme Sanat\u0131 dosyas\u0131nda yer alan ekstraktivizm ele\u015ftirisi, b\u00fcy\u00fcmenin diyalekti\u011fi, de\u011fi\u015fim \u00f6znesi aray\u0131\u015f\u0131, kapitalist arzunun ekonomi-politi\u011fi, h\u0131zlanma\/yava\u015flama kar\u015f\u0131tl\u0131\u011f\u0131, uluslararas\u0131 ili\u015fkiler ve kesi\u015fimsel n\u00fcfus politikalar\u0131 gibi geni\u015f bir yelpazeye yay\u0131lan ele\u015ftirel analizler k\u00fc\u00e7\u00fclme perspektifini derinle\u015ftiriyor.     Cogito\u2019dan \u2022 Ceyhun G\u00fcrkan: K\u00fc\u00e7\u00fclme Sanat\u0131 ve G\u00fcndemleri Dosya: K\u00fc\u00e7\u00fclme Sanat\u0131 Diego Andreucci, Giorgos Kallis \u2022 Peru\u2019da Y\u00f6netimsellik, Kalk\u0131nma ve Do\u011fal Kaynak \u00c7\u0131kar\u0131m\u0131n\u0131n \u015eiddeti Ercan G\u00fcndo\u011fan \u2022 B\u00fcy\u00fcmenin Diyalekti\u011fi: S\u0131f\u0131r, S\u00fcrd\u00fcr\u00fclebilir, K\u00fc\u00e7\u00fclen, Ekososyalist Metehan C\u00f6mert \u2022 Kapitalist Ger\u00e7ekli\u011fin K\u0131y\u0131s\u0131nda: K\u00fc\u00e7\u00fclmenin Ele\u015ftirel Ufku ve \u00d6zne Aray\u0131\u015f\u0131 Hasan \u00dcnal Nalbanto\u011flu \u2022 Sand\u0131ktan: Manip\u00fclatif D\u00fczen &#8211; Dev\u00e2s\u00e2l\u0131k &#8211; Amerikanla\u015fma Erdem Se\u00e7ilmi\u015f \u2022 Arzunun Ekonomi-Politi\u011fi: K\u00fc\u00e7\u00fclme \u00dczerine \u015eizoanalitik Bir Aray\u0131\u015f Genevi\u00e8ve Ruiz &#8211; Hartmut Rosa \u2022 S\u00f6yle\u015fi: Yava\u015flama ya da Modernitenin \u00dctopyas\u0131 Zeynep Sava\u015f\u00e7\u0131n \u2022 S\u0131n\u0131ra Yeniden Bakmak: K\u00fc\u00e7\u00fclme ve Rezonans Ceyhun G\u00fcrkan \u2022 Sanatla K\u00fc\u00e7\u00fclmek Duygu \u00d6ver &#8211; \u0130rem Temel \u2022 S\u00f6yle\u015fi: Sadele\u015fmenin, Bo\u015flu\u011fun ve S\u00fcrprizin \u0130mk\u00e2nlar\u0131: Salih Usta Salih Usta ile Fiziksel Tiyatro \u00dczerine P\u0131nar Sar\u0131g\u00f6l \u2022 M\u00fcmk\u00fcnlerin E\u015fi\u011finde: K\u00fc\u00e7\u00fclme, Kesi\u015fimsellik ve Emma Goldman \u00d6zlem Kaygusuz \u2022 Su\u00e7 Ortakl\u0131\u011f\u0131ndan K\u00fc\u00e7\u00fclme Savunusuna: Uluslararas\u0131 \u0130li\u015fkileri A\u00e7\u0131n! Bengi Akbulut &#8211; Ethemcan Turhan \u2022 S\u00f6yle\u015fi: K\u00fcresel K\u00fc\u00e7\u00fclmeye T\u00fcrkiye\u2019den A\u00e7\u0131lan Pencere: K\u00fc\u00e7\u00fclmenin T\u00fcrkiye Halleri ve Deneyimleri Ekaterina Chertkovskaya \u2022 S\u00f6yle\u015fi: K\u00fc\u00e7\u00fclmenin Kavram Da\u011farc\u0131\u011f\u0131: Bir Yuvarlak Masa S\u00f6yle\u015fisi   Alexander Paulsson Giorgos Kallis Stefania Barca Giacomo D\u2019Alisa <\/p>\n","protected":false},"excerpt":{"rendered":"<p>Cogito dergisi, K\u00fc\u00e7\u00fclme, Nas\u0131l? say\u0131s\u0131ndan ilhamla haz\u0131rlanan K\u00fc\u00e7\u00fclme Sanat\u0131 ba\u015fl\u0131kl\u0131 yeni say\u0131s\u0131yla okurla bulu\u015fuyor. Ceyhun G\u00fcrkan\u2019\u0131n edit\u00f6rl\u00fc\u011f\u00fcnde haz\u0131rlanan dosya k\u00fc\u00e7\u00fclmenin ekoloji, ekonomi, sosyoloji ve siyaset gibi<span class=\"excerpt-hellip\"> [\u2026]<\/span><\/p>\n","protected":false},"featured_media":0,"template":"","meta":{"_monsterinsights_skip_tracking":false,"_monsterinsights_sitenote_active":false,"_monsterinsights_sitenote_note":"","_monsterinsights_sitenote_category":0},"product_brand":[],"product_cat":[19460,13527],"product_tag":[],"class_list":{"0":"post-775539","1":"product","2":"type-product","3":"status-publish","5":"product_cat-felsefe-sureli-yayinlar","6":"product_cat-sureli-yayinlar","7":"pa_cilt-ciltsiz","8":"pa_tur-dergi","9":"pa_yayinevi-yapi-kredi-yayinlari-dergi","10":"pa_yazar-kolektif","12":"first","13":"instock","14":"sale","15":"shipping-taxable","16":"purchasable","17":"product-type-simple"},"_links":{"self":[{"href":"https:\/\/roveyayinevi.com.tr\/index.php\/wp-json\/wp\/v2\/product\/775539","targetHints":{"allow":["GET"]}}],"collection":[{"href":"https:\/\/roveyayinevi.com.tr\/index.php\/wp-json\/wp\/v2\/product"}],"about":[{"href":"https:\/\/roveyayinevi.com.tr\/index.php\/wp-json\/wp\/v2\/types\/product"}],"wp:attachment":[{"href":"https:\/\/roveyayinevi.com.tr\/index.php\/wp-json\/wp\/v2\/media?parent=775539"}],"wp:term":[{"taxonomy":"product_brand","embeddable":true,"href":"https:\/\/roveyayinevi.com.tr\/index.php\/wp-json\/wp\/v2\/product_brand?post=775539"},{"taxonomy":"product_cat","embeddable":true,"href":"https:\/\/roveyayinevi.com.tr\/index.php\/wp-json\/wp\/v2\/product_cat?post=775539"},{"taxonomy":"product_tag","embeddable":true,"href":"https:\/\/roveyayinevi.com.tr\/index.php\/wp-json\/wp\/v2\/product_tag?post=775539"}],"curies":[{"name":"wp","href":"https:\/\/api.w.org\/{rel}","templated":true}]}}