{"id":775538,"date":"2025-09-10T13:26:56","date_gmt":"2025-09-10T10:26:56","guid":{"rendered":"https:\/\/roveyayinevi.com.tr\/index.php\/urun\/dogayi-dinleyelim-duyarak-ogreniyorum-ciltli\/"},"modified":"2026-04-13T03:37:22","modified_gmt":"2026-04-13T00:37:22","slug":"dogayi-dinleyelim-duyarak-ogreniyorum-ciltli","status":"publish","type":"product","link":"https:\/\/roveyayinevi.com.tr\/index.php\/urun\/dogayi-dinleyelim-duyarak-ogreniyorum-ciltli\/","title":{"rendered":"Do\u011fay\u0131 Dinleyelim &#8211; Duyarak \u00d6\u011freniyorum (Ciltli)"},"content":{"rendered":"<p>Kurba\u011falar nas\u0131l ses \u00e7\u0131kar\u0131r? Ya\u011fmurun sesi nas\u0131ld\u0131r? Ormanda gezen ku\u015flar nas\u0131l \u00f6ter? Butonlara basarak do\u011fan\u0131n e\u015fsiz seslerine kulak ver. Bitkilerin ve hayvanlar\u0131n y\u0131l boyunca neler yapt\u0131\u011f\u0131n\u0131 \u00f6\u011fren ve do\u011fan\u0131n d\u00f6ng\u00fcs\u00fcne kat\u0131l! <\/p>\n","protected":false},"excerpt":{"rendered":"<p>Kurba\u011falar nas\u0131l ses \u00e7\u0131kar\u0131r? Ya\u011fmurun sesi nas\u0131ld\u0131r? Ormanda gezen ku\u015flar nas\u0131l \u00f6ter? Butonlara basarak do\u011fan\u0131n e\u015fsiz seslerine kulak ver. Bitkilerin ve hayvanlar\u0131n y\u0131l boyunca neler yapt\u0131\u011f\u0131n\u0131<span class=\"excerpt-hellip\"> [\u2026]<\/span><\/p>\n","protected":false},"featured_media":0,"template":"","meta":{"_monsterinsights_skip_tracking":false,"_monsterinsights_sitenote_active":false,"_monsterinsights_sitenote_note":"","_monsterinsights_sitenote_category":0},"product_brand":[],"product_cat":[12274,12518],"product_tag":[],"class_list":{"0":"post-775538","1":"product","2":"type-product","3":"status-publish","5":"product_cat-cocuk-ve-genclik-kitaplari","6":"product_cat-okul-oncesi-kitaplar","7":"pa_cilt-ciltli","8":"pa_tur-kitap","9":"pa_yayinevi-is-bankasi-kultur-yayinlari","10":"pa_yazar-rose-harkness","12":"first","13":"instock","14":"sale","15":"shipping-taxable","16":"purchasable","17":"product-type-simple"},"_links":{"self":[{"href":"https:\/\/roveyayinevi.com.tr\/index.php\/wp-json\/wp\/v2\/product\/775538","targetHints":{"allow":["GET"]}}],"collection":[{"href":"https:\/\/roveyayinevi.com.tr\/index.php\/wp-json\/wp\/v2\/product"}],"about":[{"href":"https:\/\/roveyayinevi.com.tr\/index.php\/wp-json\/wp\/v2\/types\/product"}],"wp:attachment":[{"href":"https:\/\/roveyayinevi.com.tr\/index.php\/wp-json\/wp\/v2\/media?parent=775538"}],"wp:term":[{"taxonomy":"product_brand","embeddable":true,"href":"https:\/\/roveyayinevi.com.tr\/index.php\/wp-json\/wp\/v2\/product_brand?post=775538"},{"taxonomy":"product_cat","embeddable":true,"href":"https:\/\/roveyayinevi.com.tr\/index.php\/wp-json\/wp\/v2\/product_cat?post=775538"},{"taxonomy":"product_tag","embeddable":true,"href":"https:\/\/roveyayinevi.com.tr\/index.php\/wp-json\/wp\/v2\/product_tag?post=775538"}],"curies":[{"name":"wp","href":"https:\/\/api.w.org\/{rel}","templated":true}]}}