{"id":775535,"date":"2025-09-10T13:26:51","date_gmt":"2025-09-10T10:26:51","guid":{"rendered":"https:\/\/roveyayinevi.com.tr\/index.php\/urun\/cevizin-yuvasi\/"},"modified":"2026-04-15T03:42:28","modified_gmt":"2026-04-15T00:42:28","slug":"cevizin-yuvasi","status":"publish","type":"product","link":"https:\/\/roveyayinevi.com.tr\/index.php\/urun\/cevizin-yuvasi\/","title":{"rendered":"Ceviz\u2019in Yuvas\u0131"},"content":{"rendered":"<p>Ceviz\u2019in tek istedi\u011fi rahats\u0131z edilmeden uyumakt\u0131. Ancak eve yeni gelen yavru kedi, Ceviz\u2019i bir t\u00fcrl\u00fc rahat b\u0131rakm\u0131yordu. Ya\u015famak i\u00e7in yeni bir yuva aramaya karar veren Ceviz kendini maceralar\u0131n i\u00e7inde buldu. Peki, Ceviz\u2019in g\u00f6rd\u00fc\u011f\u00fc evler, kendi yuvas\u0131 gibi olabilir mi? <\/p>\n","protected":false},"excerpt":{"rendered":"<p>Ceviz\u2019in tek istedi\u011fi rahats\u0131z edilmeden uyumakt\u0131. Ancak eve yeni gelen yavru kedi, Ceviz\u2019i bir t\u00fcrl\u00fc rahat b\u0131rakm\u0131yordu. Ya\u015famak i\u00e7in yeni bir yuva aramaya karar veren Ceviz<span class=\"excerpt-hellip\"> [\u2026]<\/span><\/p>\n","protected":false},"featured_media":0,"template":"","meta":{"_monsterinsights_skip_tracking":false,"_monsterinsights_sitenote_active":false,"_monsterinsights_sitenote_note":"","_monsterinsights_sitenote_category":0},"product_brand":[],"product_cat":[12274,12518],"product_tag":[],"class_list":{"0":"post-775535","1":"product","2":"type-product","3":"status-publish","5":"product_cat-cocuk-ve-genclik-kitaplari","6":"product_cat-okul-oncesi-kitaplar","7":"pa_cilt-ciltsiz","8":"pa_tur-kitap","9":"pa_yayinevi-is-bankasi-kultur-yayinlari","10":"pa_yazar-amber-lily","12":"first","13":"instock","14":"sale","15":"shipping-taxable","16":"purchasable","17":"product-type-simple"},"_links":{"self":[{"href":"https:\/\/roveyayinevi.com.tr\/index.php\/wp-json\/wp\/v2\/product\/775535","targetHints":{"allow":["GET"]}}],"collection":[{"href":"https:\/\/roveyayinevi.com.tr\/index.php\/wp-json\/wp\/v2\/product"}],"about":[{"href":"https:\/\/roveyayinevi.com.tr\/index.php\/wp-json\/wp\/v2\/types\/product"}],"wp:attachment":[{"href":"https:\/\/roveyayinevi.com.tr\/index.php\/wp-json\/wp\/v2\/media?parent=775535"}],"wp:term":[{"taxonomy":"product_brand","embeddable":true,"href":"https:\/\/roveyayinevi.com.tr\/index.php\/wp-json\/wp\/v2\/product_brand?post=775535"},{"taxonomy":"product_cat","embeddable":true,"href":"https:\/\/roveyayinevi.com.tr\/index.php\/wp-json\/wp\/v2\/product_cat?post=775535"},{"taxonomy":"product_tag","embeddable":true,"href":"https:\/\/roveyayinevi.com.tr\/index.php\/wp-json\/wp\/v2\/product_tag?post=775535"}],"curies":[{"name":"wp","href":"https:\/\/api.w.org\/{rel}","templated":true}]}}