{"id":775534,"date":"2025-09-10T13:26:48","date_gmt":"2025-09-10T10:26:48","guid":{"rendered":"https:\/\/roveyayinevi.com.tr\/index.php\/urun\/adadaki-veteriner-fok-koyunda-acil-durum\/"},"modified":"2026-04-15T03:42:28","modified_gmt":"2026-04-15T00:42:28","slug":"adadaki-veteriner-fok-koyunda-acil-durum","status":"publish","type":"product","link":"https:\/\/roveyayinevi.com.tr\/index.php\/urun\/adadaki-veteriner-fok-koyunda-acil-durum\/","title":{"rendered":"Adadaki Veteriner &#8211; Fok Koyu\u2019nda Acil Durum"},"content":{"rendered":"<p>Do\u011fay\u0131 ke\u015ffederken \u00e7evreyi unutmayal\u0131m! \u00d6d\u00fcll\u00fc yazar Gill Lewis\u2019in \u201cSEN de OKU\u201d koleksiyonu i\u00e7in kaleme ald\u0131\u011f\u0131 \u201cAdadaki Veteriner\u201d serisinin ikinci ser\u00fcveni Fok Koyu\u2019nda Acil Durum, yaban hayat\u0131n\u0131 korumak i\u00e7in kollar\u0131 s\u0131vayan iki arkada\u015f\u0131n m\u00fccadelesini anlat\u0131yor. \u0130nsan eliyle etrafa at\u0131lan \u00e7\u00f6plerin \u00e7evreye verdi\u011fi zarar\u0131 hayvanlar\u0131n sa\u011fl\u0131k sorunlar\u0131 \u00fczerinden ele alan kitap, daha ya\u015fanabilir yar\u0131nlar i\u00e7in \u00e7ocuklar\u0131 do\u011faya sahip \u00e7\u0131kmaya \u00e7a\u011f\u0131r\u0131yor. Yaz mevsiminde tatilciler adalara ak\u0131n edince sahiller \u00e7\u00f6ple dolar. Ekosistem bozulunca, foklar\u0131n sa\u011fl\u0131\u011f\u0131 tehlikeye girer. Hen\u00fcz pek fark edilmese de sorun giderek b\u00fcy\u00fcyece\u011fe benziyordur. Neyse ki adan\u0131n \u201ck\u00fc\u00e7\u00fck\u201d veterineri B\u00fc\u015fra ve yeni arkada\u015f\u0131 Melis vard\u0131r! Foklar\u0131 kurtarmak i\u00e7in h\u0131zl\u0131ca harekete ge\u00e7en ikiliyi, heyecan\u0131n hi\u00e7 eksilmeyece\u011fi unutulmaz bir tatil maceras\u0131 beklemektedir&#8230; Turizm ve do\u011fa aras\u0131ndaki hassas dengeye dikkat \u00e7eken bu hareketli roman, temiz ve s\u00fcrd\u00fcr\u00fclebilir bir \u00e7evre i\u00e7in fark\u0131ndal\u0131k yaratman\u0131n, sorumluluk alman\u0131n ve duyarl\u0131 davranman\u0131n \u00f6nemini vurguluyor.<\/p>\n","protected":false},"excerpt":{"rendered":"<p>Do\u011fay\u0131 ke\u015ffederken \u00e7evreyi unutmayal\u0131m! \u00d6d\u00fcll\u00fc yazar Gill Lewis\u2019in \u201cSEN de OKU\u201d koleksiyonu i\u00e7in kaleme ald\u0131\u011f\u0131 \u201cAdadaki Veteriner\u201d serisinin ikinci ser\u00fcveni Fok Koyu\u2019nda Acil Durum, yaban hayat\u0131n\u0131<span class=\"excerpt-hellip\"> [\u2026]<\/span><\/p>\n","protected":false},"featured_media":0,"template":"","meta":{"_monsterinsights_skip_tracking":false,"_monsterinsights_sitenote_active":false,"_monsterinsights_sitenote_note":"","_monsterinsights_sitenote_category":0},"product_brand":[],"product_cat":[12274,12284],"product_tag":[],"class_list":{"0":"post-775534","1":"product","2":"type-product","3":"status-publish","5":"product_cat-cocuk-ve-genclik-kitaplari","6":"product_cat-hikayeler","7":"pa_cilt-ciltsiz","8":"pa_tur-kitap","9":"pa_yayinevi-tudem-yayinlari","10":"pa_yazar-gill-lewis","12":"first","13":"instock","14":"sale","15":"shipping-taxable","16":"purchasable","17":"product-type-simple"},"_links":{"self":[{"href":"https:\/\/roveyayinevi.com.tr\/index.php\/wp-json\/wp\/v2\/product\/775534","targetHints":{"allow":["GET"]}}],"collection":[{"href":"https:\/\/roveyayinevi.com.tr\/index.php\/wp-json\/wp\/v2\/product"}],"about":[{"href":"https:\/\/roveyayinevi.com.tr\/index.php\/wp-json\/wp\/v2\/types\/product"}],"wp:attachment":[{"href":"https:\/\/roveyayinevi.com.tr\/index.php\/wp-json\/wp\/v2\/media?parent=775534"}],"wp:term":[{"taxonomy":"product_brand","embeddable":true,"href":"https:\/\/roveyayinevi.com.tr\/index.php\/wp-json\/wp\/v2\/product_brand?post=775534"},{"taxonomy":"product_cat","embeddable":true,"href":"https:\/\/roveyayinevi.com.tr\/index.php\/wp-json\/wp\/v2\/product_cat?post=775534"},{"taxonomy":"product_tag","embeddable":true,"href":"https:\/\/roveyayinevi.com.tr\/index.php\/wp-json\/wp\/v2\/product_tag?post=775534"}],"curies":[{"name":"wp","href":"https:\/\/api.w.org\/{rel}","templated":true}]}}