{"id":775533,"date":"2025-09-10T13:26:47","date_gmt":"2025-09-10T10:26:47","guid":{"rendered":"https:\/\/roveyayinevi.com.tr\/index.php\/urun\/caglar-ile-babasinin-hafta-sonu-ilk-okuma-kitabim\/"},"modified":"2026-04-15T03:42:28","modified_gmt":"2026-04-15T00:42:28","slug":"caglar-ile-babasinin-hafta-sonu-ilk-okuma-kitabim","status":"publish","type":"product","link":"https:\/\/roveyayinevi.com.tr\/index.php\/urun\/caglar-ile-babasinin-hafta-sonu-ilk-okuma-kitabim\/","title":{"rendered":"\u00c7a\u011flar \u0130le Babas\u0131n\u0131n Hafta Sonu &#8211; \u0130lk Okuma Kitab\u0131m"},"content":{"rendered":"<p>\u00c7a\u011flar, hafta sonunu babas\u0131yla ge\u00e7irece\u011fi i\u00e7in heyecanl\u0131yd\u0131. Annesi ile a\u011fabeyi bisiklet turuna \u00e7\u0131km\u0131\u015ft\u0131. \u00d6nce tahtalar\u0131 kesip bir gemi yapt\u0131lar. Ormanda kamp yapacaklar\u0131 s\u0131rada ya\u011fmur ya\u011fmaya ba\u015flad\u0131. Babas\u0131 hemen bir \u00e7\u00f6z\u00fcm buldu. \u00c7a\u011flar ile babas\u0131n\u0131 bekleyen unutulmaz hafta sonu maceras\u0131na sen de kat\u0131l! <\/p>\n","protected":false},"excerpt":{"rendered":"<p>\u00c7a\u011flar, hafta sonunu babas\u0131yla ge\u00e7irece\u011fi i\u00e7in heyecanl\u0131yd\u0131. Annesi ile a\u011fabeyi bisiklet turuna \u00e7\u0131km\u0131\u015ft\u0131. \u00d6nce tahtalar\u0131 kesip bir gemi yapt\u0131lar. Ormanda kamp yapacaklar\u0131 s\u0131rada ya\u011fmur ya\u011fmaya ba\u015flad\u0131.<span class=\"excerpt-hellip\"> [\u2026]<\/span><\/p>\n","protected":false},"featured_media":0,"template":"","meta":{"_monsterinsights_skip_tracking":false,"_monsterinsights_sitenote_active":false,"_monsterinsights_sitenote_note":"","_monsterinsights_sitenote_category":0},"product_brand":[],"product_cat":[141304],"product_tag":[],"class_list":{"0":"post-775533","1":"product","2":"type-product","3":"status-publish","5":"product_cat-yeni-cikanlar","6":"pa_cilt-ciltsiz","7":"pa_tur-kitap","8":"pa_yayinevi-is-bankasi-kultur-yayinlari","9":"pa_yazar-christian-tielmann","11":"first","12":"instock","13":"sale","14":"shipping-taxable","15":"purchasable","16":"product-type-simple"},"_links":{"self":[{"href":"https:\/\/roveyayinevi.com.tr\/index.php\/wp-json\/wp\/v2\/product\/775533","targetHints":{"allow":["GET"]}}],"collection":[{"href":"https:\/\/roveyayinevi.com.tr\/index.php\/wp-json\/wp\/v2\/product"}],"about":[{"href":"https:\/\/roveyayinevi.com.tr\/index.php\/wp-json\/wp\/v2\/types\/product"}],"wp:attachment":[{"href":"https:\/\/roveyayinevi.com.tr\/index.php\/wp-json\/wp\/v2\/media?parent=775533"}],"wp:term":[{"taxonomy":"product_brand","embeddable":true,"href":"https:\/\/roveyayinevi.com.tr\/index.php\/wp-json\/wp\/v2\/product_brand?post=775533"},{"taxonomy":"product_cat","embeddable":true,"href":"https:\/\/roveyayinevi.com.tr\/index.php\/wp-json\/wp\/v2\/product_cat?post=775533"},{"taxonomy":"product_tag","embeddable":true,"href":"https:\/\/roveyayinevi.com.tr\/index.php\/wp-json\/wp\/v2\/product_tag?post=775533"}],"curies":[{"name":"wp","href":"https:\/\/api.w.org\/{rel}","templated":true}]}}