{"id":775527,"date":"2025-09-10T13:26:37","date_gmt":"2025-09-10T10:26:37","guid":{"rendered":"https:\/\/roveyayinevi.com.tr\/index.php\/urun\/evliya-celebi-seyahatnamesi-6-kitap-gunumuz-turkcesiyle\/"},"modified":"2026-04-15T03:42:28","modified_gmt":"2026-04-15T00:42:28","slug":"evliya-celebi-seyahatnamesi-6-kitap-gunumuz-turkcesiyle","status":"publish","type":"product","link":"https:\/\/roveyayinevi.com.tr\/index.php\/urun\/evliya-celebi-seyahatnamesi-6-kitap-gunumuz-turkcesiyle\/","title":{"rendered":"Evliya \u00c7elebi Seyahatnamesi 6.Kitap (G\u00fcn\u00fcm\u00fcz T\u00fcrk\u00e7esiyle)"},"content":{"rendered":"<p>Evliya \u00c7elebi, Seyahatn\u00e2mesi\u2019nin alt\u0131nc\u0131 cildinin b\u00fcy\u00fck b\u00f6l\u00fcm\u00fcn\u00fc Macaristan\u2019a ay\u0131r\u0131r. Dolay\u0131s\u0131yla bu b\u00fcy\u00fck co\u011frafyaya ait verdi\u011fi bilgiler Macarlar a\u00e7\u0131s\u0131ndan olduk\u00e7a \u00f6nemlidir. Bug\u00fcn pek \u00e7o\u011fu tarihe kar\u0131\u015fm\u0131\u015f k\u00f6yler, kasabalar ve \u015fehirler hakk\u0131nda tek kaynak say\u0131labilir. Bu arada Bahad\u0131r Giray Han ordusuyla \u0130sve\u00e7, Danimarka ve Hollanda vilayetlerine yap\u0131lan seferlere kat\u0131lm\u0131\u015ft\u0131r. Akrabas\u0131 olan Sadrazam Melek Ahmed Pa\u015fa\u2019ya dair de geni\u015f bilgiler verir, Sultan I. Ahmed\u2019in k\u0131z\u0131 Fatma Sultan ile evlili\u011fini ve Pa\u015fa\u2019n\u0131n \u00f6l\u00fcm\u00fcn\u00fc anlat\u0131r. Evliya \u00c7elebi; bu ciltte hem Macaristan\u2019\u0131 hem de Bosna \u015fehirlerini gezmi\u015f, Adriyatik k\u0131y\u0131lar\u0131na kadar inmi\u015ftir. Bu ciltte gezdi\u011fi yerler: Erdel, \u0130skenderiye, Podgori\u00e7e, \u0130\u015ftib, Lof\u00e7a, Vidin, Sirem, \u00d6sek, Pe\u00e7uy, Budin, \u00dcst\u00fcrgon [Estergon], Ci\u011ferdelen, Hollanda, Macaristan, \u00d6zi\u00e7e, Ta\u015fl\u0131ca, Fo\u00e7a, Dobra-Venedik, Nova, Mostar, Sigetvar, Za\u011freb, Kanije\u2019dir. Bu seyahat boyunca gezip g\u00f6rd\u00fc\u011f\u00fc yerlere ait \u00f6nemli bilgiler vermi\u015f, kat\u0131ld\u0131\u011f\u0131 sava\u015flar\u0131n heyecan\u0131n\u0131, yenilgilerin ac\u0131s\u0131n\u0131 ve galibiyetlerin sevincini ya\u015fam\u0131\u015ft\u0131r. Bizzat kat\u0131ld\u0131\u011f\u0131 sava\u015flara ait anlatt\u0131\u011f\u0131 hik\u00e2yeler ve tan\u0131k oldu\u011fu \u00f6zel durumlar tarihe \u0131\u015f\u0131k tutacak belgesel niteli\u011findedir.<\/p>\n","protected":false},"excerpt":{"rendered":"<p>Evliya \u00c7elebi, Seyahatn\u00e2mesi\u2019nin alt\u0131nc\u0131 cildinin b\u00fcy\u00fck b\u00f6l\u00fcm\u00fcn\u00fc Macaristan\u2019a ay\u0131r\u0131r. Dolay\u0131s\u0131yla bu b\u00fcy\u00fck co\u011frafyaya ait verdi\u011fi bilgiler Macarlar a\u00e7\u0131s\u0131ndan olduk\u00e7a \u00f6nemlidir. Bug\u00fcn pek \u00e7o\u011fu tarihe kar\u0131\u015fm\u0131\u015f k\u00f6yler,<span class=\"excerpt-hellip\"> [\u2026]<\/span><\/p>\n","protected":false},"featured_media":0,"template":"","meta":{"_monsterinsights_skip_tracking":false,"_monsterinsights_sitenote_active":false,"_monsterinsights_sitenote_note":"","_monsterinsights_sitenote_category":0},"product_brand":[],"product_cat":[12312,12304],"product_tag":[],"class_list":{"0":"post-775527","1":"product","2":"type-product","3":"status-publish","5":"product_cat-diger","6":"product_cat-tarih","7":"pa_cilt-ciltsiz","8":"pa_tur-kitap","9":"pa_yayinevi-yeditepe-yayinevi","10":"pa_yazar-evliya-celebi","12":"first","13":"instock","14":"sale","15":"shipping-taxable","16":"purchasable","17":"product-type-simple"},"_links":{"self":[{"href":"https:\/\/roveyayinevi.com.tr\/index.php\/wp-json\/wp\/v2\/product\/775527","targetHints":{"allow":["GET"]}}],"collection":[{"href":"https:\/\/roveyayinevi.com.tr\/index.php\/wp-json\/wp\/v2\/product"}],"about":[{"href":"https:\/\/roveyayinevi.com.tr\/index.php\/wp-json\/wp\/v2\/types\/product"}],"wp:attachment":[{"href":"https:\/\/roveyayinevi.com.tr\/index.php\/wp-json\/wp\/v2\/media?parent=775527"}],"wp:term":[{"taxonomy":"product_brand","embeddable":true,"href":"https:\/\/roveyayinevi.com.tr\/index.php\/wp-json\/wp\/v2\/product_brand?post=775527"},{"taxonomy":"product_cat","embeddable":true,"href":"https:\/\/roveyayinevi.com.tr\/index.php\/wp-json\/wp\/v2\/product_cat?post=775527"},{"taxonomy":"product_tag","embeddable":true,"href":"https:\/\/roveyayinevi.com.tr\/index.php\/wp-json\/wp\/v2\/product_tag?post=775527"}],"curies":[{"name":"wp","href":"https:\/\/api.w.org\/{rel}","templated":true}]}}