{"id":775524,"date":"2025-09-10T13:26:33","date_gmt":"2025-09-10T10:26:33","guid":{"rendered":"https:\/\/roveyayinevi.com.tr\/index.php\/urun\/evliya-celebi-seyahatnamesi-1-kitap-gunumuz-turkcesiyle\/"},"modified":"2026-04-15T03:42:28","modified_gmt":"2026-04-15T00:42:28","slug":"evliya-celebi-seyahatnamesi-1-kitap-gunumuz-turkcesiyle","status":"publish","type":"product","link":"https:\/\/roveyayinevi.com.tr\/index.php\/urun\/evliya-celebi-seyahatnamesi-1-kitap-gunumuz-turkcesiyle\/","title":{"rendered":"Evliya \u00c7elebi Seyahatnamesi  1.Kitap &#8211; G\u00fcn\u00fcm\u00fcz T\u00fcrk\u00e7esiyle"},"content":{"rendered":"<p>Evliy\u00e2 \u00c7elebi Seyahatn\u00e2mesi, on yedinci y\u00fczy\u0131l klasi\u011fi olarak hem zevkle okunabilecek bir edebiyat eseri hem de dil, tarih, dinler tarihi, sanat tarihi, tasavvuf tarihi, yerel tarih, halkbilimi, topografya ve ara\u015ft\u0131rmac\u0131lar\u0131 i\u00e7in kaynak niteli\u011fi ta\u015f\u0131maktad\u0131r. Asya, Avrupa ve Afrika&#8217;da gezip g\u00f6rd\u00fc\u011f\u00fc yerler i\u00e7in yaln\u0131zca onun kulland\u0131\u011f\u0131 bir dil ve bak\u0131\u015f a\u00e7\u0131s\u0131 ile tan\u0131kl\u0131k eden Evliy\u00e2 \u00c7elebi, on ciltlik dev eserinin birinci cildiyle ayn\u0131 zamanda ilk T\u00fcrk\u00e7e &#8220;\u0130stanbul Monografisi&#8221;ni de yazm\u0131\u015ft\u0131r. Adlar\u0131n\u0131 vermi\u015f olsa bile bir\u00e7o\u011funu bug\u00fcn bilemedi\u011fimiz pek \u00e7ok kaynaktan derledi\u011fi mitoloji ve tarih kar\u0131\u015f\u0131m\u0131 bilgilerden saray hayat\u0131na; pek \u00e7ok \u00fcnl\u00fcn\u00fcn ki\u015fisel tarihinden \u015fehrin g\u00fcndelik hayat\u0131na; \u015fehrin etraf\u0131n\u0131 \u00e7evreleyen surlardan her t\u00fcrl\u00fc mimari esere; kap\u0131lardan tepelere ve iskelelere; sava\u015f ve bar\u0131\u015fta \u015fehrin ve ordunun ihtiya\u00e7lar\u0131n\u0131 kar\u015f\u0131layan y\u00fczlerce esnaftan bah\u00e7e ve mesirelere; padi\u015fahlardan her s\u0131n\u0131ftan y\u00f6netici, bilim adam\u0131 ve ilgin\u00e7 tiplere; devlet\u00e7e d\u00fczenlenen \u015fenliklerden \u00e7ok \u00f6zel meclislerde ya\u015fanan e\u011flencelere var\u0131ncaya kadar akla gelebilecek her \u015fey bu ciltte anlat\u0131lm\u0131\u015ft\u0131r. <\/p>\n","protected":false},"excerpt":{"rendered":"<p>Evliy\u00e2 \u00c7elebi Seyahatn\u00e2mesi, on yedinci y\u00fczy\u0131l klasi\u011fi olarak hem zevkle okunabilecek bir edebiyat eseri hem de dil, tarih, dinler tarihi, sanat tarihi, tasavvuf tarihi, yerel tarih,<span class=\"excerpt-hellip\"> [\u2026]<\/span><\/p>\n","protected":false},"featured_media":0,"template":"","meta":{"_monsterinsights_skip_tracking":false,"_monsterinsights_sitenote_active":false,"_monsterinsights_sitenote_note":"","_monsterinsights_sitenote_category":0},"product_brand":[],"product_cat":[12304],"product_tag":[],"class_list":{"0":"post-775524","1":"product","2":"type-product","3":"status-publish","5":"product_cat-tarih","6":"pa_cilt-ciltsiz","7":"pa_tur-kitap","8":"pa_yayinevi-yeditepe-yayinevi","9":"pa_yazar-evliya-celebi","11":"first","12":"instock","13":"sale","14":"shipping-taxable","15":"purchasable","16":"product-type-simple"},"_links":{"self":[{"href":"https:\/\/roveyayinevi.com.tr\/index.php\/wp-json\/wp\/v2\/product\/775524","targetHints":{"allow":["GET"]}}],"collection":[{"href":"https:\/\/roveyayinevi.com.tr\/index.php\/wp-json\/wp\/v2\/product"}],"about":[{"href":"https:\/\/roveyayinevi.com.tr\/index.php\/wp-json\/wp\/v2\/types\/product"}],"wp:attachment":[{"href":"https:\/\/roveyayinevi.com.tr\/index.php\/wp-json\/wp\/v2\/media?parent=775524"}],"wp:term":[{"taxonomy":"product_brand","embeddable":true,"href":"https:\/\/roveyayinevi.com.tr\/index.php\/wp-json\/wp\/v2\/product_brand?post=775524"},{"taxonomy":"product_cat","embeddable":true,"href":"https:\/\/roveyayinevi.com.tr\/index.php\/wp-json\/wp\/v2\/product_cat?post=775524"},{"taxonomy":"product_tag","embeddable":true,"href":"https:\/\/roveyayinevi.com.tr\/index.php\/wp-json\/wp\/v2\/product_tag?post=775524"}],"curies":[{"name":"wp","href":"https:\/\/api.w.org\/{rel}","templated":true}]}}