{"id":775523,"date":"2025-09-10T13:26:32","date_gmt":"2025-09-10T10:26:32","guid":{"rendered":"https:\/\/roveyayinevi.com.tr\/index.php\/urun\/evliya-celebi-seyahatnamesi-9-kitap-gunumuz-turkcesiyle\/"},"modified":"2026-04-15T03:42:28","modified_gmt":"2026-04-15T00:42:28","slug":"evliya-celebi-seyahatnamesi-9-kitap-gunumuz-turkcesiyle","status":"publish","type":"product","link":"https:\/\/roveyayinevi.com.tr\/index.php\/urun\/evliya-celebi-seyahatnamesi-9-kitap-gunumuz-turkcesiyle\/","title":{"rendered":"Evliya \u00c7elebi Seyahatnamesi  9.Kitap (G\u00fcn\u00fcm\u00fcz T\u00fcrk\u00e7esiyle)"},"content":{"rendered":"<p>Evliy\u00e2 \u00c7elebi, Seyahatn\u00e2mesinin dokuzuncu cildinde, Anadolu\u2019nun gezip g\u00f6rmedi\u011fi yerlerini dola\u015f\u0131r. Bat\u0131 ve G\u00fcney Anadolu\u2019yu gezdikten sonra Suriye ve Filistin \u00fczerinden y\u0131llarca \u00f6zlemini \u00e7ekti\u011fi hac ibadetini yapmak \u00fczere Hicaz\u2019a gider. Kutsal g\u00f6revini yapt\u0131ktan sonra \u00f6mr\u00fcn\u00fcn son y\u0131llar\u0131n\u0131 ge\u00e7irmek \u00fczere M\u0131s\u0131r\u2019a d\u00f6ner. Bu cilt bir nevi hac rehberidir. Medine ve Mekke\u2019de nerelerin ziyaret edilmesi gerekti\u011fini, kimlerin nerelerde yatmakta oldu\u011funu, ziyaretin ve hacc\u0131n uyulmas\u0131 gereken kurallar\u0131n\u0131, dualar\u0131n\u0131 ve \u00e2d\u00e2b\u0131n\u0131 anlatmaktad\u0131r. Birka\u00e7 Anadolu \u015fehri d\u0131\u015f\u0131nda seyyah\u0131m\u0131z\u0131n takip etti\u011fi yol da hac alaylar\u0131n\u0131n gitti\u011fi yoldur. Bu ciltte gezdi\u011fi yerler: K\u00fctahya, U\u015fak, Manisa, \u0130zmir, \u00d6demi\u015f, Tire, Ayd\u0131n, Mu\u011fla, Antalya, Karaman, Tarsus, Adana, Antep, Halep, \u015eam, Sayda, Kud\u00fcs, Akka, Medine, Mekke. <\/p>\n","protected":false},"excerpt":{"rendered":"<p>Evliy\u00e2 \u00c7elebi, Seyahatn\u00e2mesinin dokuzuncu cildinde, Anadolu\u2019nun gezip g\u00f6rmedi\u011fi yerlerini dola\u015f\u0131r. Bat\u0131 ve G\u00fcney Anadolu\u2019yu gezdikten sonra Suriye ve Filistin \u00fczerinden y\u0131llarca \u00f6zlemini \u00e7ekti\u011fi hac ibadetini yapmak<span class=\"excerpt-hellip\"> [\u2026]<\/span><\/p>\n","protected":false},"featured_media":0,"template":"","meta":{"_monsterinsights_skip_tracking":false,"_monsterinsights_sitenote_active":false,"_monsterinsights_sitenote_note":"","_monsterinsights_sitenote_category":0},"product_brand":[],"product_cat":[12312,12304],"product_tag":[],"class_list":{"0":"post-775523","1":"product","2":"type-product","3":"status-publish","5":"product_cat-diger","6":"product_cat-tarih","7":"pa_cilt-ciltsiz","8":"pa_tur-kitap","9":"pa_yayinevi-yeditepe-yayinevi","10":"pa_yazar-evliya-celebi","12":"first","13":"instock","14":"sale","15":"shipping-taxable","16":"purchasable","17":"product-type-simple"},"_links":{"self":[{"href":"https:\/\/roveyayinevi.com.tr\/index.php\/wp-json\/wp\/v2\/product\/775523","targetHints":{"allow":["GET"]}}],"collection":[{"href":"https:\/\/roveyayinevi.com.tr\/index.php\/wp-json\/wp\/v2\/product"}],"about":[{"href":"https:\/\/roveyayinevi.com.tr\/index.php\/wp-json\/wp\/v2\/types\/product"}],"wp:attachment":[{"href":"https:\/\/roveyayinevi.com.tr\/index.php\/wp-json\/wp\/v2\/media?parent=775523"}],"wp:term":[{"taxonomy":"product_brand","embeddable":true,"href":"https:\/\/roveyayinevi.com.tr\/index.php\/wp-json\/wp\/v2\/product_brand?post=775523"},{"taxonomy":"product_cat","embeddable":true,"href":"https:\/\/roveyayinevi.com.tr\/index.php\/wp-json\/wp\/v2\/product_cat?post=775523"},{"taxonomy":"product_tag","embeddable":true,"href":"https:\/\/roveyayinevi.com.tr\/index.php\/wp-json\/wp\/v2\/product_tag?post=775523"}],"curies":[{"name":"wp","href":"https:\/\/api.w.org\/{rel}","templated":true}]}}