{"id":775518,"date":"2025-09-10T13:26:24","date_gmt":"2025-09-10T10:26:24","guid":{"rendered":"https:\/\/roveyayinevi.com.tr\/index.php\/urun\/evliya-celebi-seyahatnamesi-5-kitap-gunumuz-turkcesiyle\/"},"modified":"2026-04-15T03:42:28","modified_gmt":"2026-04-15T00:42:28","slug":"evliya-celebi-seyahatnamesi-5-kitap-gunumuz-turkcesiyle","status":"publish","type":"product","link":"https:\/\/roveyayinevi.com.tr\/index.php\/urun\/evliya-celebi-seyahatnamesi-5-kitap-gunumuz-turkcesiyle\/","title":{"rendered":"Evliya \u00c7elebi Seyahatn\u00e2mesi 5.Kitap &#8211; G\u00fcn\u00fcm\u00fcz T\u00fcrk\u00e7esiyle"},"content":{"rendered":"<p>Evliy\u00e2 \u00c7elebi, Sehayatn\u00e2mesi\u2019nin be\u015finci cildinde, do\u011fu gezisini tamamlay\u0131p bat\u0131ya y\u00f6nelir. Uzun s\u00fcre kald\u0131\u011f\u0131 Bitlis&#8217;ten ayr\u0131l\u0131p Tokat yoluyla \u0130stanbul&#8217;a gelir. \u015eimdiye kadar b\u00fct\u00fcn seyahatlerini pa\u015falarla birlikte ve bazen de g\u00f6revli olarak yapan Evliy\u00e2 \u00c7elebi, 51 y\u0131l s\u00fcren gezisi boyunca bir defa padi\u015fah\u0131n maiyetinde seyahate \u00e7\u0131km\u0131\u015ft\u0131r. Bu da Sultan IV. Mehmed ile birlikte \u0130stanbul&#8217;dan Kale-i Sultaniye&#8217;ye kadar devam eden seyahattir. Daha \u00f6nce yapt\u0131\u011f\u0131 Balkanlar gezisinden sonra bu sefer ba\u015flad\u0131\u011f\u0131 Avrupa gezisi y\u0131llar boyu s\u00fcrecek ve Kafkasya, K\u0131r\u0131m, Romanya, Macaristan, S\u0131rbistan, Adriyatik k\u0131y\u0131lar\u0131, Arnavutluk, Yunanistan ve Girit, Avrupa k\u0131tas\u0131ndaki Osmanl\u0131 topraklar\u0131nda gezip g\u00f6rmedi\u011fi yer kalmayacakt\u0131r. Ayr\u0131ca Avusturya, Slovenya, \u00c7ek, Lehistan vs. gibi Osmanl\u0131 kom\u015fular\u0131n\u0131n topraklar\u0131n\u0131 da gezecek, hatta baz\u0131 yerlere tekrar tekrar gidecektir. Bu ciltte gezdi\u011fi yerler: Bitlis, Van, Siirt, Tokat, Edincik, Kale-i Sultaniye, Gelibolu, Malkara, Edirne, Varna, \u00d6z\u00fc, Akkirman, Bender, Hotin, Silistre, B\u00fcrkre\u015f, Ya\u015f, \u0130shak\u00e7\u0131, Erdel diyar\u0131, yani Romanya tapraklar\u0131, Ni\u015f, Belgrad, Saraybosna, Mostar, Banyaluka, Varat, Venedik illeri, Dodo\u015fka ve \u0130slovin (Slovenya), \u00dcsk\u00fcp, Manast\u0131r ve tekrar Erdel. Bu seyahat boyunca da pek \u00e7ok macera ya\u015facayak olan Evliy\u00e2 \u00c7elebi, gezdi\u011fi yerlere dair verdi\u011fi bilgilerle tarihin en \u00f6nemli olaylar\u0131na \u0131\u015f\u0131k tutacakt\u0131r. <\/p>\n","protected":false},"excerpt":{"rendered":"<p>Evliy\u00e2 \u00c7elebi, Sehayatn\u00e2mesi\u2019nin be\u015finci cildinde, do\u011fu gezisini tamamlay\u0131p bat\u0131ya y\u00f6nelir. Uzun s\u00fcre kald\u0131\u011f\u0131 Bitlis&#8217;ten ayr\u0131l\u0131p Tokat yoluyla \u0130stanbul&#8217;a gelir. \u015eimdiye kadar b\u00fct\u00fcn seyahatlerini pa\u015falarla birlikte ve<span class=\"excerpt-hellip\"> [\u2026]<\/span><\/p>\n","protected":false},"featured_media":0,"template":"","meta":{"_monsterinsights_skip_tracking":false,"_monsterinsights_sitenote_active":false,"_monsterinsights_sitenote_note":"","_monsterinsights_sitenote_category":0},"product_brand":[],"product_cat":[12304],"product_tag":[],"class_list":{"0":"post-775518","1":"product","2":"type-product","3":"status-publish","5":"product_cat-tarih","6":"pa_cilt-ciltsiz","7":"pa_tur-kitap","8":"pa_yayinevi-yeditepe-yayinevi","9":"pa_yazar-evliya-celebi","11":"first","12":"instock","13":"sale","14":"shipping-taxable","15":"purchasable","16":"product-type-simple"},"_links":{"self":[{"href":"https:\/\/roveyayinevi.com.tr\/index.php\/wp-json\/wp\/v2\/product\/775518","targetHints":{"allow":["GET"]}}],"collection":[{"href":"https:\/\/roveyayinevi.com.tr\/index.php\/wp-json\/wp\/v2\/product"}],"about":[{"href":"https:\/\/roveyayinevi.com.tr\/index.php\/wp-json\/wp\/v2\/types\/product"}],"wp:attachment":[{"href":"https:\/\/roveyayinevi.com.tr\/index.php\/wp-json\/wp\/v2\/media?parent=775518"}],"wp:term":[{"taxonomy":"product_brand","embeddable":true,"href":"https:\/\/roveyayinevi.com.tr\/index.php\/wp-json\/wp\/v2\/product_brand?post=775518"},{"taxonomy":"product_cat","embeddable":true,"href":"https:\/\/roveyayinevi.com.tr\/index.php\/wp-json\/wp\/v2\/product_cat?post=775518"},{"taxonomy":"product_tag","embeddable":true,"href":"https:\/\/roveyayinevi.com.tr\/index.php\/wp-json\/wp\/v2\/product_tag?post=775518"}],"curies":[{"name":"wp","href":"https:\/\/api.w.org\/{rel}","templated":true}]}}