{"id":775517,"date":"2025-09-10T13:26:20","date_gmt":"2025-09-10T10:26:20","guid":{"rendered":"https:\/\/roveyayinevi.com.tr\/index.php\/urun\/sira-sende-2\/"},"modified":"2026-04-15T03:42:27","modified_gmt":"2026-04-15T00:42:27","slug":"sira-sende-2","status":"publish","type":"product","link":"https:\/\/roveyayinevi.com.tr\/index.php\/urun\/sira-sende-2\/","title":{"rendered":"S\u0131ra Sende!"},"content":{"rendered":"<p>Harflerden korkan bir \u00e7ocuk hik\u00e2yesini nas\u0131l anlat\u0131r? Kendi yolunu bulmak i\u00e7in neye ihtiyac\u0131 vard\u0131r?    Uluslararas\u0131 \u00f6d\u00fcll\u00fc ill\u00fcstrat\u00f6r U\u011fur Altun, yaz\u0131p resimledi\u011fi ikinci kitab\u0131nda kendi \u00e7ocuklu\u011funun elinden tutuyor. Harflerden korkan, b ile d\u2019yi birbirine kar\u0131\u015ft\u0131ran, kitaplar\u0131n i\u00e7inde kaybolan bir \u00e7ocu\u011fa \u015fefkatle yakla\u015fan sanat\u00e7\u0131, kendini ke\u015ffetme yolculu\u011funda yeti\u015fkin deste\u011finin \u00f6nemine de\u011finiyor. S\u0131ra Sende!, her ya\u015ftan \u00e7ocu\u011fun ihtiya\u00e7 duyaca\u011f\u0131 bir y\u00fcreklendirme \u00f6yk\u00fcs\u00fc! <\/p>\n","protected":false},"excerpt":{"rendered":"<p>Harflerden korkan bir \u00e7ocuk hik\u00e2yesini nas\u0131l anlat\u0131r? Kendi yolunu bulmak i\u00e7in neye ihtiyac\u0131 vard\u0131r? Uluslararas\u0131 \u00f6d\u00fcll\u00fc ill\u00fcstrat\u00f6r U\u011fur Altun, yaz\u0131p resimledi\u011fi ikinci kitab\u0131nda kendi \u00e7ocuklu\u011funun elinden<span class=\"excerpt-hellip\"> [\u2026]<\/span><\/p>\n","protected":false},"featured_media":0,"template":"","meta":{"_monsterinsights_skip_tracking":false,"_monsterinsights_sitenote_active":false,"_monsterinsights_sitenote_note":"","_monsterinsights_sitenote_category":0},"product_brand":[],"product_cat":[12274,12518],"product_tag":[],"class_list":{"0":"post-775517","1":"product","2":"type-product","3":"status-publish","5":"product_cat-cocuk-ve-genclik-kitaplari","6":"product_cat-okul-oncesi-kitaplar","7":"pa_cilt-ciltsiz","8":"pa_tur-kitap","9":"pa_yayinevi-redhouse-kidz-yayinlari","10":"pa_yazar-ugur-altun","12":"first","13":"instock","14":"sale","15":"shipping-taxable","16":"purchasable","17":"product-type-simple"},"_links":{"self":[{"href":"https:\/\/roveyayinevi.com.tr\/index.php\/wp-json\/wp\/v2\/product\/775517","targetHints":{"allow":["GET"]}}],"collection":[{"href":"https:\/\/roveyayinevi.com.tr\/index.php\/wp-json\/wp\/v2\/product"}],"about":[{"href":"https:\/\/roveyayinevi.com.tr\/index.php\/wp-json\/wp\/v2\/types\/product"}],"wp:attachment":[{"href":"https:\/\/roveyayinevi.com.tr\/index.php\/wp-json\/wp\/v2\/media?parent=775517"}],"wp:term":[{"taxonomy":"product_brand","embeddable":true,"href":"https:\/\/roveyayinevi.com.tr\/index.php\/wp-json\/wp\/v2\/product_brand?post=775517"},{"taxonomy":"product_cat","embeddable":true,"href":"https:\/\/roveyayinevi.com.tr\/index.php\/wp-json\/wp\/v2\/product_cat?post=775517"},{"taxonomy":"product_tag","embeddable":true,"href":"https:\/\/roveyayinevi.com.tr\/index.php\/wp-json\/wp\/v2\/product_tag?post=775517"}],"curies":[{"name":"wp","href":"https:\/\/api.w.org\/{rel}","templated":true}]}}