{"id":775516,"date":"2025-09-10T13:26:18","date_gmt":"2025-09-10T10:26:18","guid":{"rendered":"https:\/\/roveyayinevi.com.tr\/index.php\/urun\/feodalizmin-ekonomik-teorisi\/"},"modified":"2026-04-15T03:42:27","modified_gmt":"2026-04-15T00:42:27","slug":"feodalizmin-ekonomik-teorisi","status":"publish","type":"product","link":"https:\/\/roveyayinevi.com.tr\/index.php\/urun\/feodalizmin-ekonomik-teorisi\/","title":{"rendered":"Feodalizmin Ekonomik Teorisi"},"content":{"rendered":"<p>Kula\u2019n\u0131n bu kitab\u0131, \u201cFeodal sistemin ekonomik teorisine ihtiyac\u0131m\u0131z var m\u0131?\u201d sorusuna bir cevap niteli\u011findedir. Kula\u2019n\u0131n bu soruya cevab\u0131 olumludur; feodal sistemin ekonomik teorisine ihtiya\u00e7 vard\u0131r. Kula, bu teorinin in\u015fas\u0131nda \u00f6nemli \u00f6l\u00e7\u00fcde Marksist yakla\u015f\u0131mdan beslenmi\u015ftir. Kula\u2019ya g\u00f6re, \u00e7o\u011fu temel ekonomik \u00f6nermenin ge\u00e7erlili\u011finin zaman ve mek\u00e2nla s\u0131n\u0131rl\u0131 oldu\u011fu y\u00f6n\u00fcndeki Marksist tez, sa\u011flam bir temele dayanmaktad\u0131r. Marx, kapitalist sistemin teorisini; Engels ise ilkel toplumun teorisini ortaya koymaya \u00e7al\u0131\u015fm\u0131\u015ft\u0131r. Feodal sistemin teorisi ise Marksist bilim insanlar\u0131n\u0131n ilgisini pek \u00e7ekmemi\u015ftir. Kula\u2019ya g\u00f6re, feodalizmin ekonomik teorisinin olu\u015fturulmas\u0131 tarihsel ara\u015ft\u0131rmalar a\u00e7\u0131s\u0131ndan \u00f6zel bir \u00f6nem arz eder; ayn\u0131 zamanda kapitalizmin ekonomik teorisinin olu\u015fturulmas\u0131na da b\u00fcy\u00fck katk\u0131da bulunur. \u201cBizce Kula\u2019n\u0131n Feodalizmin Ekonomik Teorisi\u2019nin b\u00fcy\u00fck katk\u0131s\u0131, feodalizmi tarihselle\u015ftirmeye \u00e7al\u0131\u015fmas\u0131d\u0131r; bu \u00e7aba, \u2018burjuva iktisat\u00e7\u0131lar\u0131n\u2019 bir ba\u015fka deyi\u015fle \u2018neoklasik iktisat\u00e7\u0131lar\u2019\u0131n kapitalist kurum ve ili\u015fkileri t\u00fcm zaman ve mek\u00e2na yayan analizine kuvvetli bir ele\u015ftiri geli\u015ftirmi\u015ftir.\u201d \u201cKula, feodalizmi tarihselle\u015ftirme \u00e7abas\u0131nda \u00fcretim g\u00fc\u00e7lerini \u00f6ne \u00e7\u0131kartm\u0131\u015f, \u00fcretim ili\u015fkilerinin ve s\u0131n\u0131f m\u00fccadelesinin belirleyicisi olarak \u2018\u00f6l\u00e7\u00fclmesi m\u00fcmk\u00fcn olmayan\u2019 iki katsay\u0131y\u0131 g\u00fcndeme getirmi\u015ftir: \u2018insan\u0131n dayan\u0131kl\u0131l\u0131\u011f\u0131\u2019 ve \u2018isyana e\u011filim\u2019. Bu katsay\u0131lar asl\u0131nda \u2018Devrimler nas\u0131l do\u011far?\u2019 sorusuna da cevap niteli\u011findedir.\u201d &#8211; Alp Y\u00fccel Kaya, \u00d6ns\u00f6z\u2019den<\/p>\n","protected":false},"excerpt":{"rendered":"<p>Kula\u2019n\u0131n bu kitab\u0131, \u201cFeodal sistemin ekonomik teorisine ihtiyac\u0131m\u0131z var m\u0131?\u201d sorusuna bir cevap niteli\u011findedir. Kula\u2019n\u0131n bu soruya cevab\u0131 olumludur; feodal sistemin ekonomik teorisine ihtiya\u00e7 vard\u0131r. Kula,<span class=\"excerpt-hellip\"> [\u2026]<\/span><\/p>\n","protected":false},"featured_media":0,"template":"","meta":{"_monsterinsights_skip_tracking":false,"_monsterinsights_sitenote_active":false,"_monsterinsights_sitenote_note":"","_monsterinsights_sitenote_category":0},"product_brand":[],"product_cat":[14841,13043],"product_tag":[],"class_list":{"0":"post-775516","1":"product","2":"type-product","3":"status-publish","5":"product_cat-arastirma-inceleme-kuram","6":"product_cat-ekonomi","7":"pa_cilt-ciltsiz","8":"pa_tur-kitap","9":"pa_yayinevi-efil-yayinevi","10":"pa_yazar-witold-kula","12":"first","13":"instock","14":"sale","15":"shipping-taxable","16":"purchasable","17":"product-type-simple"},"_links":{"self":[{"href":"https:\/\/roveyayinevi.com.tr\/index.php\/wp-json\/wp\/v2\/product\/775516","targetHints":{"allow":["GET"]}}],"collection":[{"href":"https:\/\/roveyayinevi.com.tr\/index.php\/wp-json\/wp\/v2\/product"}],"about":[{"href":"https:\/\/roveyayinevi.com.tr\/index.php\/wp-json\/wp\/v2\/types\/product"}],"wp:attachment":[{"href":"https:\/\/roveyayinevi.com.tr\/index.php\/wp-json\/wp\/v2\/media?parent=775516"}],"wp:term":[{"taxonomy":"product_brand","embeddable":true,"href":"https:\/\/roveyayinevi.com.tr\/index.php\/wp-json\/wp\/v2\/product_brand?post=775516"},{"taxonomy":"product_cat","embeddable":true,"href":"https:\/\/roveyayinevi.com.tr\/index.php\/wp-json\/wp\/v2\/product_cat?post=775516"},{"taxonomy":"product_tag","embeddable":true,"href":"https:\/\/roveyayinevi.com.tr\/index.php\/wp-json\/wp\/v2\/product_tag?post=775516"}],"curies":[{"name":"wp","href":"https:\/\/api.w.org\/{rel}","templated":true}]}}