{"id":775515,"date":"2025-09-10T13:26:12","date_gmt":"2025-09-10T10:26:12","guid":{"rendered":"https:\/\/roveyayinevi.com.tr\/index.php\/urun\/karanligin-odulu\/"},"modified":"2026-04-15T03:42:27","modified_gmt":"2026-04-15T00:42:27","slug":"karanligin-odulu","status":"publish","type":"product","link":"https:\/\/roveyayinevi.com.tr\/index.php\/urun\/karanligin-odulu\/","title":{"rendered":"Karanl\u0131\u011f\u0131n \u00d6d\u00fcl\u00fc"},"content":{"rendered":"<p>Cleopatra Paige bu d\u00fcnyada tek bir \u015feyden nefret ediyordu -asl\u0131nda sadece birinden- ve onun ad\u0131 da Zachariah Prince\u2019ti.\u0130lkokuldayken sa\u00e7 \u00f6rg\u00fclerini \u00e7ekerdi. Ortaokulda, onun hakk\u0131nda dedikodular yaym\u0131\u015ft\u0131 ve lisede balosunu mahvetmi\u015fti.S\u0131r\u0131t\u0131\u015flar\u0131n\u0131n ac\u0131mas\u0131zca seksi olmas\u0131ndan nefret ediyordu. Ayr\u0131ca onu her yerde hatta bazen r\u00fcyalar\u0131nda bile izledi\u011fini hissetti\u011fi karanl\u0131k g\u00f6zlerinden kesinlikle ho\u015flanm\u0131yordu.Zengin ve pop\u00fcler olmas\u0131 ya da u\u015faklar ve hizmet\u00e7ilerle dolu lanet bir malik\u00e2nede ya\u015f\u0131yor olmas\u0131 \u00f6nemli de\u011fildi. Kaba ve kibirli biriydi, Cleo ondan m\u00fcmk\u00fcn oldu\u011funca uzak durmak istiyordu.Ancak Cleo, ne yaz\u0131k ki Zach\u2019le ayn\u0131 kahrolas\u0131 malik\u00e2nede ya\u015f\u0131yordu. Aralar\u0131ndaki tek fark, o bir prensti ve Cleo da ona hizmet eden basit bir hizmet\u00e7iydi. <\/p>\n","protected":false},"excerpt":{"rendered":"<p>Cleopatra Paige bu d\u00fcnyada tek bir \u015feyden nefret ediyordu -asl\u0131nda sadece birinden- ve onun ad\u0131 da Zachariah Prince\u2019ti.\u0130lkokuldayken sa\u00e7 \u00f6rg\u00fclerini \u00e7ekerdi. Ortaokulda, onun hakk\u0131nda dedikodular yaym\u0131\u015ft\u0131<span class=\"excerpt-hellip\"> [\u2026]<\/span><\/p>\n","protected":false},"featured_media":0,"template":"","meta":{"_monsterinsights_skip_tracking":false,"_monsterinsights_sitenote_active":false,"_monsterinsights_sitenote_note":"","_monsterinsights_sitenote_category":0},"product_brand":[],"product_cat":[12291,12711],"product_tag":[],"class_list":{"0":"post-775515","1":"product","2":"type-product","3":"status-publish","5":"product_cat-edebiyat","6":"product_cat-roman-oyku","7":"pa_cilt-ciltsiz","8":"pa_tur-kitap","9":"pa_yayinevi-lapis-kitap","10":"pa_yazar-safron-a-kent","12":"first","13":"instock","14":"sale","15":"shipping-taxable","16":"purchasable","17":"product-type-simple"},"_links":{"self":[{"href":"https:\/\/roveyayinevi.com.tr\/index.php\/wp-json\/wp\/v2\/product\/775515","targetHints":{"allow":["GET"]}}],"collection":[{"href":"https:\/\/roveyayinevi.com.tr\/index.php\/wp-json\/wp\/v2\/product"}],"about":[{"href":"https:\/\/roveyayinevi.com.tr\/index.php\/wp-json\/wp\/v2\/types\/product"}],"wp:attachment":[{"href":"https:\/\/roveyayinevi.com.tr\/index.php\/wp-json\/wp\/v2\/media?parent=775515"}],"wp:term":[{"taxonomy":"product_brand","embeddable":true,"href":"https:\/\/roveyayinevi.com.tr\/index.php\/wp-json\/wp\/v2\/product_brand?post=775515"},{"taxonomy":"product_cat","embeddable":true,"href":"https:\/\/roveyayinevi.com.tr\/index.php\/wp-json\/wp\/v2\/product_cat?post=775515"},{"taxonomy":"product_tag","embeddable":true,"href":"https:\/\/roveyayinevi.com.tr\/index.php\/wp-json\/wp\/v2\/product_tag?post=775515"}],"curies":[{"name":"wp","href":"https:\/\/api.w.org\/{rel}","templated":true}]}}