{"id":775514,"date":"2025-09-10T13:26:10","date_gmt":"2025-09-10T10:26:10","guid":{"rendered":"https:\/\/roveyayinevi.com.tr\/index.php\/urun\/cocuklar-nasil-gelisir\/"},"modified":"2026-04-15T03:42:26","modified_gmt":"2026-04-15T00:42:26","slug":"cocuklar-nasil-gelisir","status":"publish","type":"product","link":"https:\/\/roveyayinevi.com.tr\/index.php\/urun\/cocuklar-nasil-gelisir\/","title":{"rendered":"\u00c7ocuklar Nas\u0131l Geli\u015fir"},"content":{"rendered":"<p>\u00c7ocuklar Nas\u0131l Geli\u015fir adl\u0131 kitab\u0131n T\u00fcrk\u00e7e \u00e7evirisini sizlerle bulu\u015fturmaktan b\u00fcy\u00fck bir heyecan duyuyoruz. Bu temel eser Robert S. Siegler, Jenny Saffran, Nancy Eisenberg ve Elizabeth Gershoff gibi geli\u015fim psikolojisi alan\u0131n\u0131n uzman isimleri taraf\u0131ndan \u00f6zenle kaleme al\u0131nm\u0131\u015f; e\u011fitimciler, ebeveynler, ara\u015ft\u0131rmac\u0131lar ve geli\u015fim bilimiyle ilgilenen herkes i\u00e7in \u00f6nemli bir ba\u015fvuru kayna\u011f\u0131 haline gelmi\u015ftir. \u00c7ocuklar\u0131n e\u011fitimi ve geli\u015fimi, toplumlar\u0131n temel meselelerinden biridir. Bu kitap geli\u015fim s\u00fcre\u00e7lerini derinlemesine ele alarak alanda \u00f6nemli bir rehber niteli\u011fi ta\u015f\u0131maktad\u0131r. Geli\u015fim bilimine disiplinleraras\u0131 bir yakla\u015f\u0131m sa\u011flayan \u00c7ocuklar Nas\u0131l Geli\u015fir&#8217;de psikoloji, n\u00f6robilim, e\u011fitim, sosyoloji ve di\u011fer alanlardaki ara\u015ft\u0131rmalar ve bak\u0131\u015f a\u00e7\u0131lar\u0131 bir araya getirilmi\u015ftir. Bu kapsaml\u0131 \u00e7al\u0131\u015fman\u0131n T\u00fcrk\u00e7eye kazand\u0131r\u0131lmas\u0131 yaln\u0131zca bir dil meselesi de\u011fil, ayn\u0131 zamanda k\u00fclt\u00fcrleraras\u0131 bir k\u00f6pr\u00fc in\u015fa etme \u00e7abas\u0131d\u0131r. Okurlar\u0131 bu kitab\u0131n zengin i\u00e7eri\u011fiyle bulu\u015fturarak \u00e7ocuk geli\u015fimi alan\u0131ndaki g\u00fcncel bilgilere eri\u015febilmelerini sa\u011flad\u0131\u011f\u0131m\u0131z\u0131 umuyoruz.<\/p>\n","protected":false},"excerpt":{"rendered":"<p>\u00c7ocuklar Nas\u0131l Geli\u015fir adl\u0131 kitab\u0131n T\u00fcrk\u00e7e \u00e7evirisini sizlerle bulu\u015fturmaktan b\u00fcy\u00fck bir heyecan duyuyoruz. Bu temel eser Robert S. Siegler, Jenny Saffran, Nancy Eisenberg ve Elizabeth Gershoff<span class=\"excerpt-hellip\"> [\u2026]<\/span><\/p>\n","protected":false},"featured_media":0,"template":"","meta":{"_monsterinsights_skip_tracking":false,"_monsterinsights_sitenote_active":false,"_monsterinsights_sitenote_note":"","_monsterinsights_sitenote_category":0},"product_brand":[],"product_cat":[12755,12357],"product_tag":[],"class_list":{"0":"post-775514","1":"product","2":"type-product","3":"status-publish","5":"product_cat-gelisim-psikolojisi","6":"product_cat-psikoloji","7":"pa_cilt-ciltsiz","8":"pa_tur-kitap","9":"pa_yayinevi-ani-yayincilik","10":"pa_yazar-kolektif","12":"first","13":"instock","14":"sale","15":"shipping-taxable","16":"purchasable","17":"product-type-simple"},"_links":{"self":[{"href":"https:\/\/roveyayinevi.com.tr\/index.php\/wp-json\/wp\/v2\/product\/775514","targetHints":{"allow":["GET"]}}],"collection":[{"href":"https:\/\/roveyayinevi.com.tr\/index.php\/wp-json\/wp\/v2\/product"}],"about":[{"href":"https:\/\/roveyayinevi.com.tr\/index.php\/wp-json\/wp\/v2\/types\/product"}],"wp:attachment":[{"href":"https:\/\/roveyayinevi.com.tr\/index.php\/wp-json\/wp\/v2\/media?parent=775514"}],"wp:term":[{"taxonomy":"product_brand","embeddable":true,"href":"https:\/\/roveyayinevi.com.tr\/index.php\/wp-json\/wp\/v2\/product_brand?post=775514"},{"taxonomy":"product_cat","embeddable":true,"href":"https:\/\/roveyayinevi.com.tr\/index.php\/wp-json\/wp\/v2\/product_cat?post=775514"},{"taxonomy":"product_tag","embeddable":true,"href":"https:\/\/roveyayinevi.com.tr\/index.php\/wp-json\/wp\/v2\/product_tag?post=775514"}],"curies":[{"name":"wp","href":"https:\/\/api.w.org\/{rel}","templated":true}]}}