{"id":775507,"date":"2025-09-10T13:25:53","date_gmt":"2025-09-10T10:25:53","guid":{"rendered":"https:\/\/roveyayinevi.com.tr\/index.php\/urun\/kesis-ve-robot\/"},"modified":"2026-04-15T03:42:25","modified_gmt":"2026-04-15T00:42:25","slug":"kesis-ve-robot","status":"publish","type":"product","link":"https:\/\/roveyayinevi.com.tr\/index.php\/urun\/kesis-ve-robot\/","title":{"rendered":"Ke\u015fi\u015f ve Robot"},"content":{"rendered":"<p>HUGO EN \u0130Y\u0130 KISA ROMAN 2022 LOCUS EN \u0130Y\u0130 KISA ROMAN 2023   Becky Chambers\u2019tan umut dolu bir gelecek masal\u0131\u2026 Y\u00fczy\u0131llar \u00f6nce Panga\u2019n\u0131n robotlar\u0131 bilin\u00e7 kazand\u0131, aletlerini b\u0131rakt\u0131 ve vah\u015fi do\u011faya do\u011fru y\u00fcr\u00fcyerek g\u00f6zden kayboldu. O g\u00fcnden beri bir daha hi\u00e7 g\u00f6r\u00fclmediler; sadece s\u00f6ylencelerde ve efsanelerde ya\u015famaya devam ettiler.   Ve \u015fimdi, bir \u00e7ay ke\u015fi\u015finin kap\u0131s\u0131n\u0131 \u00e7alan bir robot, eski bir s\u00f6z\u00fc yerine getirmek i\u00e7in geri d\u00f6n\u00fcyor:\u201c\u0130nsanlar\u0131n ger\u00e7ekten neye ihtiyac\u0131 var?\u201d   Ama bu sorunun cevab\u0131 tek de\u011fildir. Kime sordu\u011funuza, nas\u0131l sordu\u011funuza ba\u011fl\u0131d\u0131r. Ve belki de as\u0131l yolculuk, bu soruyu tekrar tekrar sormaktan ge\u00e7er.   Becky Chambers\u2019\u0131n Hugo ve Locus \u00d6d\u00fcll\u00fc, \u00e7ok satan Ke\u015fi\u015f ve Robot serisi, gelece\u011fe dair umut dolu ve incelikli bir bak\u0131\u015f sunuyor. \u0130nsanlar\u0131n ihtiya\u00e7lar\u0131n\u0131n kar\u015f\u0131land\u0131\u011f\u0131 bir d\u00fcnyada, daha fazlas\u0131na sahip olmak ger\u00e7ekten gerekli midir?   Bu ciltte, serinin Hugo ve Locus en iyi k\u0131sa roman \u00f6d\u00fcll\u00fc iki kitab\u0131 YABAN ROBOTU \u0130\u00c7\u0130N B\u0130R \u0130LAH\u0130 ve UTANGA\u00c7 DALLAR \u0130\u00c7\u0130N B\u0130R DUA, bir arada!   \u201cBu, felaketin e\u015fi\u011finden d\u00f6nm\u00fc\u015f yemye\u015fil, g\u00fczel bir d\u00fcnya hakk\u0131nda iyimser bir gelecek vizyonuydu. \u0130ki ana karakterle birlikte bu d\u00fcnyay\u0131 ke\u015ffetmek e\u011flenceli ve b\u00fcy\u00fcleyici bir deneyimdi. \u2014Martha Wells <\/p>\n","protected":false},"excerpt":{"rendered":"<p>HUGO EN \u0130Y\u0130 KISA ROMAN 2022 LOCUS EN \u0130Y\u0130 KISA ROMAN 2023 Becky Chambers\u2019tan umut dolu bir gelecek masal\u0131\u2026 Y\u00fczy\u0131llar \u00f6nce Panga\u2019n\u0131n robotlar\u0131 bilin\u00e7 kazand\u0131, aletlerini<span class=\"excerpt-hellip\"> [\u2026]<\/span><\/p>\n","protected":false},"featured_media":0,"template":"","meta":{"_monsterinsights_skip_tracking":false,"_monsterinsights_sitenote_active":false,"_monsterinsights_sitenote_note":"","_monsterinsights_sitenote_category":0},"product_brand":[],"product_cat":[12540,12291],"product_tag":[],"class_list":{"0":"post-775507","1":"product","2":"type-product","3":"status-publish","5":"product_cat-bilim-kurgu","6":"product_cat-edebiyat","7":"pa_cilt-ciltsiz","8":"pa_tur-kitap","9":"pa_yayinevi-eksik-parca-yayinlari","10":"pa_yazar-becky-chambers","12":"first","13":"instock","14":"sale","15":"shipping-taxable","16":"purchasable","17":"product-type-simple"},"_links":{"self":[{"href":"https:\/\/roveyayinevi.com.tr\/index.php\/wp-json\/wp\/v2\/product\/775507","targetHints":{"allow":["GET"]}}],"collection":[{"href":"https:\/\/roveyayinevi.com.tr\/index.php\/wp-json\/wp\/v2\/product"}],"about":[{"href":"https:\/\/roveyayinevi.com.tr\/index.php\/wp-json\/wp\/v2\/types\/product"}],"wp:attachment":[{"href":"https:\/\/roveyayinevi.com.tr\/index.php\/wp-json\/wp\/v2\/media?parent=775507"}],"wp:term":[{"taxonomy":"product_brand","embeddable":true,"href":"https:\/\/roveyayinevi.com.tr\/index.php\/wp-json\/wp\/v2\/product_brand?post=775507"},{"taxonomy":"product_cat","embeddable":true,"href":"https:\/\/roveyayinevi.com.tr\/index.php\/wp-json\/wp\/v2\/product_cat?post=775507"},{"taxonomy":"product_tag","embeddable":true,"href":"https:\/\/roveyayinevi.com.tr\/index.php\/wp-json\/wp\/v2\/product_tag?post=775507"}],"curies":[{"name":"wp","href":"https:\/\/api.w.org\/{rel}","templated":true}]}}